{"id":53273,"date":"2021-07-13T08:36:11","date_gmt":"2021-07-13T08:36:11","guid":{"rendered":"https:\/\/donaulife-new.ogrisdigital.at\/produkt\/miron-glasdose-aus-violettglas-250ml\/"},"modified":"2024-07-01T00:53:44","modified_gmt":"2024-07-01T00:53:44","slug":"miron-glasdose-aus-violettglas-250ml","status":"publish","type":"product","link":"https:\/\/donaulife-new.ogrisdigital.at\/fi\/miron-glasdose-aus-violettglas-250ml\/","title":{"rendered":"MIRON Glasdose aus Violettglas | 250ml"},"content":{"rendered":"<h2>Miron Glasdose aus Violettglas<\/h2>\n<p>In dieser Glasdose aus Violettglas werden pflanzliche Substanzen perfekt aufbewahrt, da das violette Glas optimal vor sch\u00e4dlicher Lichteinwirkung sch\u00fctzt. Dadurch wird die Haltbarkeit und die Wirksamkeit gleicherma\u00dfen verl\u00e4ngert. Werden pflanzliche Teile nach der Reifung weiterhin dem Licht ausgesetzt, beschleunigt dies den molekularen Zersetzungsprozess.<br \/>\n<strong>Miron<\/strong>\u00a0Violettglas wirkt wie ein nat\u00fcrlicher Filter und l\u00e4sst nur die Bestandteile des Lichtes durch, das die Qualit\u00e4t hochwertiger Substanzen sch\u00fctzt oder verbessert. Die Pflanzenteile trocknen in den Gl\u00e4sern von\u00a0<strong>Miron<\/strong>\u00a0auch in ihrem Inneren ordentlich durch und der Verursacher von heftigem Kratzen beim Rauchen, das Chlorophyll, wird abgebaut \u2013 f\u00fcr einen milden Rauchgenuss mit vollem Geschmackspotential!<\/p>\n<p>Auch f\u00fcr die Benutzer von Vaporizern lohnt sich eine ordentliche Fermentierung, denn durch die effektivere Extraktion der Geschmacksstoffe schmeckt es auch beim Verdampfen einfach deutlich besser.<\/p>\n<p>Alle\u00a0<strong>Miron<\/strong>\u00a0Gl\u00e4ser haben einen Schraubverschluss und schlie\u00dfen luftdicht ab.<\/p>\n<h3>\u00dcber Miron:<\/h3>\n<div class=\"elementor-element elementor-element-96e4633 elementor-widget elementor-widget-text-editor\" data-id=\"96e4633\" data-element_type=\"widget\" data-widget_type=\"text-editor.default\">\n<div class=\"elementor-widget-container\">\n<div class=\"elementor-text-editor elementor-clearfix\">\n<p>MIRON Violetglass produziert und vertreibt ausschliesslich ein breites Sortiment einzigartiger und patentierter \u201ebiophotonischer\u201c Violetglasverpackungen f\u00fcr Naturprodukte in der Sch\u00f6nheits-, Gesundheits- und Lebensmittel- und Getr\u00e4nkeindustrie. Seit 1995 bietet MIRON Kunden in \u00fcber 70 L\u00e4ndern ein breites Sortiment an Flaschen und Gl\u00e4sern mit dazugeh\u00f6rigen Verschl\u00fcssen, Pumpen, Pipetten und anderem Zubeh\u00f6r. Lernen Sie unser Unternehmen kennen und finden Sie seine Mission und Werte heraus, die Ihnen von einem Team leidenschaftlicher Menschen vermittelt wurden.<\/p>\n<\/div>\n<\/div>\n<\/div>\n","protected":false},"excerpt":{"rendered":"<p>Miron Glasdose aus Violettglas In dieser Glasdose aus Violettglas werden pflanzliche Substanzen perfekt aufbewahrt, da das violette Glas optimal vor<\/p>\n","protected":false},"featured_media":32743,"comment_status":"open","ping_status":"closed","template":"","meta":{"_acf_changed":false},"product_cat":[2607,3142,2451],"product_tag":[],"acf":[],"_links":{"self":[{"href":"https:\/\/donaulife-new.ogrisdigital.at\/fi\/wp-json\/wp\/v2\/product\/53273"}],"collection":[{"href":"https:\/\/donaulife-new.ogrisdigital.at\/fi\/wp-json\/wp\/v2\/product"}],"about":[{"href":"https:\/\/donaulife-new.ogrisdigital.at\/fi\/wp-json\/wp\/v2\/types\/product"}],"replies":[{"embeddable":true,"href":"https:\/\/donaulife-new.ogrisdigital.at\/fi\/wp-json\/wp\/v2\/comments?post=53273"}],"wp:featuredmedia":[{"embeddable":true,"href":"https:\/\/donaulife-new.ogrisdigital.at\/fi\/wp-json\/wp\/v2\/media\/32743"}],"wp:attachment":[{"href":"https:\/\/donaulife-new.ogrisdigital.at\/fi\/wp-json\/wp\/v2\/media?parent=53273"}],"wp:term":[{"taxonomy":"product_cat","embeddable":true,"href":"https:\/\/donaulife-new.ogrisdigital.at\/fi\/wp-json\/wp\/v2\/product_cat?post=53273"},{"taxonomy":"product_tag","embeddable":true,"href":"https:\/\/donaulife-new.ogrisdigital.at\/fi\/wp-json\/wp\/v2\/product_tag?post=53273"}],"curies":[{"name":"wp","href":"https:\/\/api.w.org\/{rel}","templated":true}]}}