{"id":53253,"date":"2021-06-23T08:28:30","date_gmt":"2021-06-23T08:28:30","guid":{"rendered":"https:\/\/donaulife-new.ogrisdigital.at\/produkt\/black-leaf-minioelbong-samba-135-cm\/"},"modified":"2025-01-15T07:10:38","modified_gmt":"2025-01-15T07:10:38","slug":"black-leaf-minioelbong-samba-135-cm","status":"publish","type":"product","link":"https:\/\/donaulife-new.ogrisdigital.at\/fi\/black-leaf-minioelbong-samba-135-cm\/","title":{"rendered":"BLACK LEAF Dabrig &#8216;Samba&#8217;| 13,5 cm"},"content":{"rendered":"<h2>Black Leaf Minibeaker f\u00fcr Extrakte<\/h2>\n<p>Klein aber Oho! Man darf die &#8220;Samba&#8221; keines Falls untersch\u00e4tzen. Trotz ihrer handlichen Gr\u00f6\u00dfe von nur 13 cm und einen Durchmesser von ca 6 cm, kann sie selbst ge\u00fcbte Smoker aus den Socken haun. Einfach den Dab-Nagel erhitzten bis dieser gl\u00fcht. Danach ein Extrakt deiner Wahl auf den Nagel schmieren und die Glaskappe aufsetzen. Das Chillum ist mit Lochdiffusoren ausgestattet, so dass der Rauch nocheinmal verwirbelt und runtergek\u00fchlt wird. Ein weiteres Highlight: die kleine Pfeife hat eine \u00d6se, durch die man ein Lederband o. \u00e4. ziehen kann, um sie sich um den Hals zu h\u00e4ngen. Designtechnisch is die &#8220;Samba&#8221; simpel gehalten. Ein 3 f\u00e4rbiges Muster ziert den Bonghals, sowie das Chillum. Am Kolben ist das &#8216;Black Leaf&#8217; Logo zu sehen.<\/p>\n<h3><span style=\"font-size: 20.16px;\">\u00dcber Black Leaf:<\/span><\/h3>\n<div>\n<p>In Weed We Trust ? Smoking\u00a0<em>Paraphernalia<\/em> seit 1988: Bongs, Pfeifen, Vaporizer, Grinder, Dabbing Zubeh\u00f6r, Paper &amp; Filter, Lifestyle Produkte. Es gibt viele Innovative Produkte der Marke die auch die ein oder andere Weltneuheit erschaffen haben. Im Shop bieten wir von allen Produkten die beste Auswahl.<\/p>\n<\/div>\n","protected":false},"excerpt":{"rendered":"<p>Black Leaf Minibeaker f\u00fcr Extrakte Klein aber Oho! Man darf die &#8220;Samba&#8221; keines Falls untersch\u00e4tzen. Trotz ihrer handlichen Gr\u00f6\u00dfe von<\/p>\n","protected":false},"featured_media":32598,"comment_status":"open","ping_status":"open","template":"","meta":{"_acf_changed":false},"product_cat":[2514,2548,2459,2549,2550,2546,2635,2506,2463,2520,2551],"product_tag":[2521],"acf":[],"_links":{"self":[{"href":"https:\/\/donaulife-new.ogrisdigital.at\/fi\/wp-json\/wp\/v2\/product\/53253"}],"collection":[{"href":"https:\/\/donaulife-new.ogrisdigital.at\/fi\/wp-json\/wp\/v2\/product"}],"about":[{"href":"https:\/\/donaulife-new.ogrisdigital.at\/fi\/wp-json\/wp\/v2\/types\/product"}],"replies":[{"embeddable":true,"href":"https:\/\/donaulife-new.ogrisdigital.at\/fi\/wp-json\/wp\/v2\/comments?post=53253"}],"wp:featuredmedia":[{"embeddable":true,"href":"https:\/\/donaulife-new.ogrisdigital.at\/fi\/wp-json\/wp\/v2\/media\/32598"}],"wp:attachment":[{"href":"https:\/\/donaulife-new.ogrisdigital.at\/fi\/wp-json\/wp\/v2\/media?parent=53253"}],"wp:term":[{"taxonomy":"product_cat","embeddable":true,"href":"https:\/\/donaulife-new.ogrisdigital.at\/fi\/wp-json\/wp\/v2\/product_cat?post=53253"},{"taxonomy":"product_tag","embeddable":true,"href":"https:\/\/donaulife-new.ogrisdigital.at\/fi\/wp-json\/wp\/v2\/product_tag?post=53253"}],"curies":[{"name":"wp","href":"https:\/\/api.w.org\/{rel}","templated":true}]}}