{"id":53218,"date":"2021-06-10T12:39:10","date_gmt":"2021-06-10T12:39:10","guid":{"rendered":"https:\/\/donaulife-new.ogrisdigital.at\/produkt\/dunkees-rolling-tray-dads-night-out\/"},"modified":"2024-07-01T00:52:59","modified_gmt":"2024-07-01T00:52:59","slug":"dunkees-rolling-tray-dads-night-out","status":"publish","type":"product","link":"https:\/\/donaulife-new.ogrisdigital.at\/fi\/dunkees-rolling-tray-dads-night-out\/","title":{"rendered":"DUNKEES Rolling Tray | &#8216;Dad\u00b4s night out&#8217;"},"content":{"rendered":"<h2>Dunkees Mischschale 20 x 30 cm<\/h2>\n<p>Auch hier wird im Ufo brav gekifft.<\/p>\n<h2>\u00dcber Dunkees:<\/h2>\n<p>Daniel Militonian, auch bekannt als Dunkees, wurde in Moskau, Russland, geboren und wanderte mit 9 Jahren in die USA aus. Seit seiner Kindheit hatte er eine Leidenschaft f\u00fcr Kunst, entschloss sich jedoch, eine Karriere in Computeranimation einzuschlagen. 2012 begann er, seine Kunst auf dem Venice Beach Boardwalk zu verkaufen und k\u00fcndigte seinen Job um als Vollzeitk\u00fcnstler zu arbeiten. Als Besitzer zweier Galerien f\u00fchlt sich Dunkees gl\u00fccklich seine wahre Berufung gefunden zu haben. Willst du den K\u00fcnstler treffen? An den meisten Tagen k\u00f6nnen Sie ihn in seiner Venice Beach-Galerie beim Malen live erleben. Wer nicht gerade in Kalifornien vorbeischauen kann findet einige sch\u00f6ne Kunstwerke in unserem Shop.<\/p>\n","protected":false},"excerpt":{"rendered":"<p>Dunkees Mischschale 20 x 30 cm Auch hier wird im Ufo brav gekifft. \u00dcber Dunkees: Daniel Militonian, auch bekannt als<\/p>\n","protected":false},"featured_media":32372,"comment_status":"open","ping_status":"open","template":"","meta":{"_acf_changed":false},"product_cat":[2794,2451,2793],"product_tag":[2997],"acf":[],"_links":{"self":[{"href":"https:\/\/donaulife-new.ogrisdigital.at\/fi\/wp-json\/wp\/v2\/product\/53218"}],"collection":[{"href":"https:\/\/donaulife-new.ogrisdigital.at\/fi\/wp-json\/wp\/v2\/product"}],"about":[{"href":"https:\/\/donaulife-new.ogrisdigital.at\/fi\/wp-json\/wp\/v2\/types\/product"}],"replies":[{"embeddable":true,"href":"https:\/\/donaulife-new.ogrisdigital.at\/fi\/wp-json\/wp\/v2\/comments?post=53218"}],"wp:featuredmedia":[{"embeddable":true,"href":"https:\/\/donaulife-new.ogrisdigital.at\/fi\/wp-json\/wp\/v2\/media\/32372"}],"wp:attachment":[{"href":"https:\/\/donaulife-new.ogrisdigital.at\/fi\/wp-json\/wp\/v2\/media?parent=53218"}],"wp:term":[{"taxonomy":"product_cat","embeddable":true,"href":"https:\/\/donaulife-new.ogrisdigital.at\/fi\/wp-json\/wp\/v2\/product_cat?post=53218"},{"taxonomy":"product_tag","embeddable":true,"href":"https:\/\/donaulife-new.ogrisdigital.at\/fi\/wp-json\/wp\/v2\/product_tag?post=53218"}],"curies":[{"name":"wp","href":"https:\/\/api.w.org\/{rel}","templated":true}]}}