{"id":53210,"date":"2021-05-31T12:24:41","date_gmt":"2021-05-31T12:24:41","guid":{"rendered":"https:\/\/donaulife-new.ogrisdigital.at\/produkt\/stuendenglass-ersatzschlauch-90-cm-kopie\/"},"modified":"2024-07-01T00:52:53","modified_gmt":"2024-07-01T00:52:53","slug":"stuendenglass-ersatzschlauch-90-cm-kopie","status":"publish","type":"product","link":"https:\/\/donaulife-new.ogrisdigital.at\/fi\/stuendenglass-ersatzschlauch-90-cm-kopie\/","title":{"rendered":"ST\u00dcNDENGLASS Ersatzschlauch Limited Editions | 90 cm"},"content":{"rendered":"<h1 class=\"title\">St\u00fcndenglass Gravity Hookah Ersatzschlauch 90 cm<\/h1>\n<div>\n<p>Ersatz-Hookah-Schlauch f\u00fcr die St\u00fcndenglass Gravity Hookah Wasserpfeife. Erh\u00e4ltlich als Cookies oder Dr. Greenthumb Edition.<br \/>\nMundst\u00fcck und Hygiene Glasmundst\u00fcck sind ebenfalls inkludiert.<\/p>\n<p>L\u00e4nge: 90 cm<\/p>\n<\/div>\n<div><img fetchpriority=\"high\" decoding=\"async\" class=\"alignnone size-medium wp-image-34213\" src=\"https:\/\/www.donaulife.com\/wp-content\/uploads\/2021\/05\/StundenglassHose-300x300.png\" alt=\"\" width=\"300\" height=\"300\" \/> <img decoding=\"async\" class=\"alignnone size-medium wp-image-34214\" src=\"https:\/\/www.donaulife.com\/wp-content\/uploads\/2021\/05\/CookiesHose-300x300.jpg\" alt=\"\" width=\"300\" height=\"300\" \/><\/div>\n<div>\n<p>&nbsp;<\/p>\n<p>&nbsp;<\/p>\n<h2>Lieferumfang<\/h2>\n<p>1x Hookah Schlauch<br \/>\n1x Mundst\u00fcck in passender Farbe<br \/>\n1x Glasmundst\u00fcck<\/p>\n<\/div>\n<p>&nbsp;<\/p>\n<div>\n<p>St\u00fcndenglass. Gravity Bong neu erfunden.<\/p>\n<\/div>\n<p>&nbsp;<\/p>\n<div style=\"position: static !important;\"><\/div>\n","protected":false},"excerpt":{"rendered":"<p>St\u00fcndenglass Gravity Hookah Ersatzschlauch 90 cm Ersatz-Hookah-Schlauch f\u00fcr die St\u00fcndenglass Gravity Hookah Wasserpfeife. Erh\u00e4ltlich als Cookies oder Dr. Greenthumb Edition.<\/p>\n","protected":false},"featured_media":32347,"comment_status":"open","ping_status":"open","template":"","meta":{"_acf_changed":false},"product_cat":[2459,2463,3285,2460],"product_tag":[3286],"acf":[],"_links":{"self":[{"href":"https:\/\/donaulife-new.ogrisdigital.at\/fi\/wp-json\/wp\/v2\/product\/53210"}],"collection":[{"href":"https:\/\/donaulife-new.ogrisdigital.at\/fi\/wp-json\/wp\/v2\/product"}],"about":[{"href":"https:\/\/donaulife-new.ogrisdigital.at\/fi\/wp-json\/wp\/v2\/types\/product"}],"replies":[{"embeddable":true,"href":"https:\/\/donaulife-new.ogrisdigital.at\/fi\/wp-json\/wp\/v2\/comments?post=53210"}],"wp:featuredmedia":[{"embeddable":true,"href":"https:\/\/donaulife-new.ogrisdigital.at\/fi\/wp-json\/wp\/v2\/media\/32347"}],"wp:attachment":[{"href":"https:\/\/donaulife-new.ogrisdigital.at\/fi\/wp-json\/wp\/v2\/media?parent=53210"}],"wp:term":[{"taxonomy":"product_cat","embeddable":true,"href":"https:\/\/donaulife-new.ogrisdigital.at\/fi\/wp-json\/wp\/v2\/product_cat?post=53210"},{"taxonomy":"product_tag","embeddable":true,"href":"https:\/\/donaulife-new.ogrisdigital.at\/fi\/wp-json\/wp\/v2\/product_tag?post=53210"}],"curies":[{"name":"wp","href":"https:\/\/api.w.org\/{rel}","templated":true}]}}