{"id":53192,"date":"2021-05-20T14:49:14","date_gmt":"2021-05-20T14:49:14","guid":{"rendered":"https:\/\/donaulife-new.ogrisdigital.at\/produkt\/dubi-aktivkohlefilter-42-stueck-o-7-mm\/"},"modified":"2024-07-01T00:52:44","modified_gmt":"2024-07-01T00:52:44","slug":"dubi-aktivkohlefilter-42-stueck-o-7-mm","status":"publish","type":"product","link":"https:\/\/donaulife-new.ogrisdigital.at\/fi\/dubi-aktivkohlefilter-42-stueck-o-7-mm\/","title":{"rendered":"DUBI Aktivkohlefilter 42 St\u00fcck | \u00d8 7 mm"},"content":{"rendered":"<h2>Dubi Aktivkohlefilter mit 7 mm Durchmesser<\/h2>\n<ul class=\"public-DraftStyleDefault-ul\">\n<li id=\"viewer-4ebee\" class=\"_247b9 _1cCz9 _1BJwx public-DraftStyleDefault-unorderedListItem public-DraftStyleDefault-depth0 public-DraftStyleDefault-list-ltr public-DraftStyleDefault-reset _2QAo- _25MYV eaHbJ _247b9\">\n<p class=\"_208Ie _2QAo- _25MYV eaHbJ _247b9\">Hochwertigste, unbehandelte Aktivkohle aus naturbelassenen Kokosnussschalen<\/p>\n<\/li>\n<li id=\"viewer-7fqi7\" class=\"_247b9 _1cCz9 _1BJwx public-DraftStyleDefault-unorderedListItem public-DraftStyleDefault-depth0 public-DraftStyleDefault-list-ltr _2QAo- _25MYV eaHbJ _247b9\">\n<p class=\"_208Ie _2QAo- _25MYV eaHbJ _247b9\">\u200bInnovative und hochwertige Keramikkappen auf beiden Seiten<\/p>\n<\/li>\n<li id=\"viewer-7lil3\" class=\"_247b9 _1cCz9 _1BJwx public-DraftStyleDefault-unorderedListItem public-DraftStyleDefault-depth0 public-DraftStyleDefault-list-ltr _2QAo- _25MYV eaHbJ _247b9\">\n<p class=\"_208Ie _2QAo- _25MYV eaHbJ _247b9\">\u200bEin dubi ist v\u00f6llig unbedenklich f\u00fcr die Umwelt<\/p>\n<\/li>\n<li id=\"viewer-b8uct\" class=\"_247b9 _1cCz9 _1BJwx public-DraftStyleDefault-unorderedListItem public-DraftStyleDefault-depth0 public-DraftStyleDefault-list-ltr _2QAo- _25MYV eaHbJ _247b9\">\n<p class=\"_208Ie _2QAo- _25MYV eaHbJ _247b9\">\u200bdubis haben einen einzigartig guten Durchzug<\/p>\n<\/li>\n<li id=\"viewer-atqsb\" class=\"_247b9 _1cCz9 _1BJwx public-DraftStyleDefault-unorderedListItem public-DraftStyleDefault-depth0 public-DraftStyleDefault-list-ltr _2QAo- _25MYV eaHbJ _247b9\">\n<p class=\"_208Ie _2QAo- _25MYV eaHbJ _247b9\">\u200bEin dubi bleibt auch bei Minusgraden funktionst\u00fcchtig<\/p>\n<\/li>\n<li id=\"viewer-d5bk2\" class=\"_247b9 _1cCz9 _1BJwx public-DraftStyleDefault-unorderedListItem public-DraftStyleDefault-depth0 public-DraftStyleDefault-list-ltr _2QAo- _25MYV eaHbJ _247b9\">\n<p class=\"_208Ie _2QAo- _25MYV eaHbJ _247b9\">Mit dubi schmeckt man, was eingedreht wird<\/p>\n<\/li>\n<li>Hergestellt in \u00d6sterreich<\/li>\n<\/ul>\n<p>&nbsp;<\/p>\n<p><img fetchpriority=\"high\" decoding=\"async\" class=\"alignnone size-medium wp-image-34073\" src=\"https:\/\/www.donaulife.com\/wp-content\/uploads\/2021\/05\/Dubi_weiss-300x192.png\" alt=\"\" width=\"300\" height=\"192\" \/><\/p>\n<p>&nbsp;<\/p>\n<p>Vorteile eines Aktivkohlefilters:<br \/>\n&#8211; besserer Geschmack<br \/>\n&#8211; unangenehme Kr\u00e4utermischungen schmecken viel sanfter<br \/>\n&#8211; deine Lunge wird weniger mit Schadstoffen belastet<\/p>\n<p>&nbsp;<\/p>\n<h3 id=\"viewer-en9ql\" class=\"XzvDs _208Ie _247b9 _2QAo- _25MYV eaHbJ _247b9 public-DraftStyleDefault-block-depth0 public-DraftStyleDefault-text-ltr\"><span class=\"vkIF2 public-DraftStyleDefault-ltr\">\u00dcber dubi:<\/span><\/h3>\n<p class=\"XzvDs _208Ie _247b9 _2QAo- _25MYV eaHbJ _247b9 public-DraftStyleDefault-block-depth0 public-DraftStyleDefault-text-ltr\"><span class=\"vkIF2 public-DraftStyleDefault-ltr\">Lange Zeit konnte keine L\u00f6sung unseren hohen Qualit\u00e4tsanspr\u00fcchen gerecht werden und deshalb haben wir mehr als vier Jahre hart an einem Aktivkohlefilter gearbeitet, der gut zieht, toll schmeckt und nicht verstopft.<\/span><\/p>\n<p id=\"viewer-90ftv\" class=\"XzvDs _208Ie _247b9 _2QAo- _25MYV eaHbJ _247b9 public-DraftStyleDefault-block-depth0 public-DraftStyleDefault-text-ltr\"><span class=\"vkIF2 public-DraftStyleDefault-ltr\">Kurzum ein Filter, der zum Bauen entwickelt ist!<\/span><\/p>\n<p>&nbsp;<\/p>\n<p class=\"XzvDs _208Ie _247b9 _2QAo- _25MYV eaHbJ _247b9 public-DraftStyleDefault-block-depth0 public-DraftStyleDefault-text-ltr\"><img decoding=\"async\" class=\"alignnone wp-image-34070\" style=\"color: #333333; font-size: 14.4px;\" src=\"https:\/\/www.donaulife.com\/wp-content\/uploads\/2021\/05\/Dubi_Aktivkohlefilter_logo_GWS-300x77.jpg\" alt=\"\" width=\"403\" height=\"104\" \/><\/p>\n","protected":false},"excerpt":{"rendered":"<p>Dubi Aktivkohlefilter mit 7 mm Durchmesser Hochwertigste, unbehandelte Aktivkohle aus naturbelassenen Kokosnussschalen \u200bInnovative und hochwertige Keramikkappen auf beiden Seiten \u200bEin<\/p>\n","protected":false},"featured_media":32252,"comment_status":"open","ping_status":"open","template":"","meta":{"_acf_changed":false},"product_cat":[2652,2499,2451],"product_tag":[],"acf":[],"_links":{"self":[{"href":"https:\/\/donaulife-new.ogrisdigital.at\/fi\/wp-json\/wp\/v2\/product\/53192"}],"collection":[{"href":"https:\/\/donaulife-new.ogrisdigital.at\/fi\/wp-json\/wp\/v2\/product"}],"about":[{"href":"https:\/\/donaulife-new.ogrisdigital.at\/fi\/wp-json\/wp\/v2\/types\/product"}],"replies":[{"embeddable":true,"href":"https:\/\/donaulife-new.ogrisdigital.at\/fi\/wp-json\/wp\/v2\/comments?post=53192"}],"wp:featuredmedia":[{"embeddable":true,"href":"https:\/\/donaulife-new.ogrisdigital.at\/fi\/wp-json\/wp\/v2\/media\/32252"}],"wp:attachment":[{"href":"https:\/\/donaulife-new.ogrisdigital.at\/fi\/wp-json\/wp\/v2\/media?parent=53192"}],"wp:term":[{"taxonomy":"product_cat","embeddable":true,"href":"https:\/\/donaulife-new.ogrisdigital.at\/fi\/wp-json\/wp\/v2\/product_cat?post=53192"},{"taxonomy":"product_tag","embeddable":true,"href":"https:\/\/donaulife-new.ogrisdigital.at\/fi\/wp-json\/wp\/v2\/product_tag?post=53192"}],"curies":[{"name":"wp","href":"https:\/\/api.w.org\/{rel}","templated":true}]}}