{"id":53136,"date":"2021-05-05T13:16:23","date_gmt":"2021-05-05T13:16:23","guid":{"rendered":"https:\/\/donaulife-new.ogrisdigital.at\/produkt\/pinapple-kush-papers-rolls-420-cm\/"},"modified":"2024-07-01T00:52:16","modified_gmt":"2024-07-01T00:52:16","slug":"pinapple-kush-papers-rolls-420-cm","status":"publish","type":"product","link":"https:\/\/donaulife-new.ogrisdigital.at\/fi\/pinapple-kush-papers-rolls-420-cm\/","title":{"rendered":"PINAPPLE KUSH PAPERS KS Rolls | 420 cm"},"content":{"rendered":"<h2>Pinapple Kush Papers Endlos mit 4,2 m L\u00e4nge<\/h2>\n<p>Pinapple Kush Papers in der endlosen Variante f\u00fcr jeden der die L\u00e4nge seines St\u00e4ngels gerne selbst bestimmen m\u00f6chte. 420 cm pure Freude.<\/p>\n<h3>\u00dcber Pinapple Kush Papers:<\/h3>\n<p>Einige der besten Dinge im Leben passieren unerwartet&#8230;<\/p>\n<p>genau wie die Reise unserer Papers. Es begann mit guter Freundschaft, guter Musik und einem verdammt guten Pineapple Kush in Jamaica. Wir haben die Longpapers zun\u00e4chst als Merchandise f\u00fcr eine Musikproduktion kreiert. Was wir nicht erwartet hatten wie sehr alle von der Qualit\u00e4t und dem Design begeistert waren. Und so verliebten wir uns in die Idee einen eigenen Paperbrand zum Leben zu erwecken.<\/p>\n<p>Dank Euerer Unterst\u00fctzung verbreitet sich der Spirit der Pineapple Kush Papers immer mehr und sie werden in vielen Shops, Bars und auch online verkauft, so dass jeder auf der Welt sie genie\u00dfen kann.<\/p>\n<p>#RollWithTheBest<\/p>\n<p>&nbsp;<\/p>\n","protected":false},"excerpt":{"rendered":"<p>Pinapple Kush Papers Endlos mit 4,2 m L\u00e4nge Pinapple Kush Papers in der endlosen Variante f\u00fcr jeden der die L\u00e4nge<\/p>\n","protected":false},"featured_media":31954,"comment_status":"open","ping_status":"open","template":"","meta":{"_acf_changed":false},"product_cat":[2630,2451,2452,2492],"product_tag":[3241],"acf":[],"_links":{"self":[{"href":"https:\/\/donaulife-new.ogrisdigital.at\/fi\/wp-json\/wp\/v2\/product\/53136"}],"collection":[{"href":"https:\/\/donaulife-new.ogrisdigital.at\/fi\/wp-json\/wp\/v2\/product"}],"about":[{"href":"https:\/\/donaulife-new.ogrisdigital.at\/fi\/wp-json\/wp\/v2\/types\/product"}],"replies":[{"embeddable":true,"href":"https:\/\/donaulife-new.ogrisdigital.at\/fi\/wp-json\/wp\/v2\/comments?post=53136"}],"wp:featuredmedia":[{"embeddable":true,"href":"https:\/\/donaulife-new.ogrisdigital.at\/fi\/wp-json\/wp\/v2\/media\/31954"}],"wp:attachment":[{"href":"https:\/\/donaulife-new.ogrisdigital.at\/fi\/wp-json\/wp\/v2\/media?parent=53136"}],"wp:term":[{"taxonomy":"product_cat","embeddable":true,"href":"https:\/\/donaulife-new.ogrisdigital.at\/fi\/wp-json\/wp\/v2\/product_cat?post=53136"},{"taxonomy":"product_tag","embeddable":true,"href":"https:\/\/donaulife-new.ogrisdigital.at\/fi\/wp-json\/wp\/v2\/product_tag?post=53136"}],"curies":[{"name":"wp","href":"https:\/\/api.w.org\/{rel}","templated":true}]}}