{"id":53125,"date":"2021-05-05T08:33:19","date_gmt":"2021-05-05T08:33:19","guid":{"rendered":"https:\/\/donaulife-new.ogrisdigital.at\/produkt\/blaze-glass-flashkammer-145-188-mm\/"},"modified":"2025-01-15T07:10:52","modified_gmt":"2025-01-15T07:10:52","slug":"blaze-glass-flashkammer-145-188-mm","status":"publish","type":"product","link":"https:\/\/donaulife-new.ogrisdigital.at\/fi\/blaze-glass-flashkammer-145-188-mm\/","title":{"rendered":"BLAZE GLASS Jet Flash Adapter | 18,8 mm"},"content":{"rendered":"<h2>Flashadapter von Blaze Glass<\/h2>\n<p>Mit dieser eingebaute Flashkammer kannst du den Rauch nochmals verwirbeln und abk\u00fchlen. Durch die einzigartige Bauweise sieht es so aus als w\u00fcrde der Rauch einen Strahl formen, der danach gek\u00fchlt und verwirbelt in deine Bong str\u00f6mt. Auf der Kammer selbst ist das &#8216;Flash&#8217; Logo zu sehen. Oben kannst du einen 18,8mm Kopf platzieren. Die Gesamth\u00f6he betr\u00e4gt 13 cm und hat einen Durchmesser von 5 cm.<\/p>\n<h3>\u00dcber Blaze Glass:<\/h3>\n<div>\n<div>\n<p>Blaze-Glass-Bongs sind aus spannungsfreiem 3.1-Borosilikatglas (vergleichbar mit Duranglas) h\u00f6chster G\u00fcteklasse gefertigt. Mindestens 5 mm Wandst\u00e4rke machen eine Wasserpfeife robust.<br \/>\nWir verwenden extrem passgenaue Normschliffe in 14,5 bzw. 18,8 mm. Je nach Bong-Geometrie kommen normale Schliffe, verst\u00e4rkte Schliffe und bi-stabile Schliffe (doppelte Wand) in unseren Produkten zum Einsatz.<\/p>\n<\/div>\n<\/div>\n","protected":false},"excerpt":{"rendered":"<p>Flashadapter von Blaze Glass Mit dieser eingebaute Flashkammer kannst du den Rauch nochmals verwirbeln und abk\u00fchlen. Durch die einzigartige Bauweise<\/p>\n","protected":false},"featured_media":31910,"comment_status":"open","ping_status":"closed","template":"","meta":{"_acf_changed":false},"product_cat":[2591,2565,2545,2459,2463,2582,2460],"product_tag":[2547,3443],"acf":[],"_links":{"self":[{"href":"https:\/\/donaulife-new.ogrisdigital.at\/fi\/wp-json\/wp\/v2\/product\/53125"}],"collection":[{"href":"https:\/\/donaulife-new.ogrisdigital.at\/fi\/wp-json\/wp\/v2\/product"}],"about":[{"href":"https:\/\/donaulife-new.ogrisdigital.at\/fi\/wp-json\/wp\/v2\/types\/product"}],"replies":[{"embeddable":true,"href":"https:\/\/donaulife-new.ogrisdigital.at\/fi\/wp-json\/wp\/v2\/comments?post=53125"}],"wp:featuredmedia":[{"embeddable":true,"href":"https:\/\/donaulife-new.ogrisdigital.at\/fi\/wp-json\/wp\/v2\/media\/31910"}],"wp:attachment":[{"href":"https:\/\/donaulife-new.ogrisdigital.at\/fi\/wp-json\/wp\/v2\/media?parent=53125"}],"wp:term":[{"taxonomy":"product_cat","embeddable":true,"href":"https:\/\/donaulife-new.ogrisdigital.at\/fi\/wp-json\/wp\/v2\/product_cat?post=53125"},{"taxonomy":"product_tag","embeddable":true,"href":"https:\/\/donaulife-new.ogrisdigital.at\/fi\/wp-json\/wp\/v2\/product_tag?post=53125"}],"curies":[{"name":"wp","href":"https:\/\/api.w.org\/{rel}","templated":true}]}}