{"id":53117,"date":"2021-05-04T09:07:17","date_gmt":"2021-05-04T09:07:17","guid":{"rendered":"https:\/\/donaulife-new.ogrisdigital.at\/produkt\/grace-glass-flutschkopf-robin-188-mm\/"},"modified":"2024-07-01T00:52:05","modified_gmt":"2024-07-01T00:52:05","slug":"grace-glass-flutschkopf-robin-188-mm","status":"publish","type":"product","link":"https:\/\/donaulife-new.ogrisdigital.at\/fi\/grace-glass-flutschkopf-robin-188-mm\/","title":{"rendered":"GRACE GLASS Flutschkopf &#8216;Robin&#8217; | 18,8 mm"},"content":{"rendered":"<h2>Grace Glass Flutschkopf mit 18,8 mm<\/h2>\n<p><span style=\"font-size: 14.4px;\">Dieser Kopf ist ein tolles Zubeh\u00f6r f\u00fcr deine Bong. Er kommt mit einem durchsichtigen Griff, mit dem Sie sie leicht anheben und nach Belieben reinigen k\u00f6nnen au\u00dferdem dient er auch als Rollstopp. Auch ein Glassieb ist im Kopf verbaut. Der stabilie Schliff mit einem Durchmesser von 18,8 mm passt in jede entsprechende Bong oder Bubbler. <\/span><\/p>\n<h3>\u00dcber Grace Glass:<\/h3>\n<p>Unter dem Namen Grace Glass versteht man ausgefallene Bongdesigns kombiniert mit hochwertiger Verarbeitung. Durch diese Kombination hat sich diese 2010 gegr\u00fcndete niederl\u00e4ndische Marke, innerhalb k\u00fcrzester Zeit, einen Platz bei den ganz Gro\u00dfen der Industrie gesichert. Markenzeichen sind die perfekt gesetzten farbigen Akzente und gut verbauten Percolatoren. Die Marke bietet beides, sowohl individuelle Designs f\u00fcrs Auge als auch hervorragende Rauchleistung f\u00fcr den Benutzer. Neben Bongs findest du auch Chillums und Bongk\u00f6pfe von Grace Glass um deine Bong stylisch zu perfektionieren.<\/p>\n","protected":false},"excerpt":{"rendered":"<p>Grace Glass Flutschkopf mit 18,8 mm Dieser Kopf ist ein tolles Zubeh\u00f6r f\u00fcr deine Bong. Er kommt mit einem durchsichtigen<\/p>\n","protected":false},"featured_media":31869,"comment_status":"open","ping_status":"open","template":"","meta":{"_acf_changed":false},"product_cat":[2462,2459,2461,2613,2463,2460],"product_tag":[],"acf":[],"_links":{"self":[{"href":"https:\/\/donaulife-new.ogrisdigital.at\/fi\/wp-json\/wp\/v2\/product\/53117"}],"collection":[{"href":"https:\/\/donaulife-new.ogrisdigital.at\/fi\/wp-json\/wp\/v2\/product"}],"about":[{"href":"https:\/\/donaulife-new.ogrisdigital.at\/fi\/wp-json\/wp\/v2\/types\/product"}],"replies":[{"embeddable":true,"href":"https:\/\/donaulife-new.ogrisdigital.at\/fi\/wp-json\/wp\/v2\/comments?post=53117"}],"wp:featuredmedia":[{"embeddable":true,"href":"https:\/\/donaulife-new.ogrisdigital.at\/fi\/wp-json\/wp\/v2\/media\/31869"}],"wp:attachment":[{"href":"https:\/\/donaulife-new.ogrisdigital.at\/fi\/wp-json\/wp\/v2\/media?parent=53117"}],"wp:term":[{"taxonomy":"product_cat","embeddable":true,"href":"https:\/\/donaulife-new.ogrisdigital.at\/fi\/wp-json\/wp\/v2\/product_cat?post=53117"},{"taxonomy":"product_tag","embeddable":true,"href":"https:\/\/donaulife-new.ogrisdigital.at\/fi\/wp-json\/wp\/v2\/product_tag?post=53117"}],"curies":[{"name":"wp","href":"https:\/\/api.w.org\/{rel}","templated":true}]}}