{"id":53071,"date":"2021-04-28T07:41:07","date_gmt":"2021-04-28T07:41:07","guid":{"rendered":"https:\/\/donaulife-new.ogrisdigital.at\/produkt\/best-buds-rolling-tray-purple-haze-verschiedene-groessen\/"},"modified":"2024-07-01T00:51:36","modified_gmt":"2024-07-01T00:51:36","slug":"best-buds-rolling-tray-purple-haze-verschiedene-groessen","status":"publish","type":"product","link":"https:\/\/donaulife-new.ogrisdigital.at\/fi\/best-buds-rolling-tray-purple-haze-verschiedene-groessen\/","title":{"rendered":"BEST BUDS Rolling Tray &#8216;Purple Haze&#8217; |  verschiedene Gr\u00f6\u00dfen"},"content":{"rendered":"<h2>Best Buds Rolling Tray Purple Haze<\/h2>\n<p>Die Best Buds Rolling Tray Mischschalen Serie aus Metall besticht durch einzigartige Motive. Sieht echt lecker aus. Tauche ein in die lila Zauberwelt von &#8216;Purple Haze&#8217;<\/p>\n<h3>\u00dcber Best Buds:<\/h3>\n<p>Die Marke Best Buds kommt aus den Niederlanden und steht f\u00fcr ein junge und Hippe Zielgruppe. Die Marke hat es sich zur Aufgabe gemacht coole Designs zu einem erschwinglichen Preis anzubieten. Dabei reicht das Sortiment von Rolling Trays \u00fcber Grinder bis hin zu Aufbewahrungs- oder Vergr\u00f6\u00dferungsgl\u00e4sern.<\/p>\n","protected":false},"excerpt":{"rendered":"<p>Best Buds Rolling Tray Purple Haze Die Best Buds Rolling Tray Mischschalen Serie aus Metall besticht durch einzigartige Motive. Sieht<\/p>\n","protected":false},"featured_media":20836,"comment_status":"open","ping_status":"open","template":"","meta":{"_acf_changed":false},"product_cat":[2794,2566,2451,2793],"product_tag":[2964],"acf":[],"_links":{"self":[{"href":"https:\/\/donaulife-new.ogrisdigital.at\/fi\/wp-json\/wp\/v2\/product\/53071"}],"collection":[{"href":"https:\/\/donaulife-new.ogrisdigital.at\/fi\/wp-json\/wp\/v2\/product"}],"about":[{"href":"https:\/\/donaulife-new.ogrisdigital.at\/fi\/wp-json\/wp\/v2\/types\/product"}],"replies":[{"embeddable":true,"href":"https:\/\/donaulife-new.ogrisdigital.at\/fi\/wp-json\/wp\/v2\/comments?post=53071"}],"wp:featuredmedia":[{"embeddable":true,"href":"https:\/\/donaulife-new.ogrisdigital.at\/fi\/wp-json\/wp\/v2\/media\/20836"}],"wp:attachment":[{"href":"https:\/\/donaulife-new.ogrisdigital.at\/fi\/wp-json\/wp\/v2\/media?parent=53071"}],"wp:term":[{"taxonomy":"product_cat","embeddable":true,"href":"https:\/\/donaulife-new.ogrisdigital.at\/fi\/wp-json\/wp\/v2\/product_cat?post=53071"},{"taxonomy":"product_tag","embeddable":true,"href":"https:\/\/donaulife-new.ogrisdigital.at\/fi\/wp-json\/wp\/v2\/product_tag?post=53071"}],"curies":[{"name":"wp","href":"https:\/\/api.w.org\/{rel}","templated":true}]}}