{"id":53004,"date":"2021-04-20T14:47:39","date_gmt":"2021-04-20T14:47:39","guid":{"rendered":"https:\/\/donaulife-new.ogrisdigital.at\/produkt\/heisenberg-aktivkohleadapter-tortuga-aus-aluminium-18-8-mm-kopie\/"},"modified":"2024-07-01T00:51:05","modified_gmt":"2024-07-01T00:51:05","slug":"heisenberg-aktivkohleadapter-tortuga-aus-aluminium-18-8-mm-kopie","status":"publish","type":"product","link":"https:\/\/donaulife-new.ogrisdigital.at\/fi\/heisenberg-aktivkohleadapter-tortuga-aus-aluminium-18-8-mm-kopie\/","title":{"rendered":"HEISENBERG Aktivkohleadapter &#8216;Tortuga&#8217; aus Aluminium | 18.8 mm"},"content":{"rendered":"<h2>Heisenberg Aluminiumadapter mit 18.8 mm Schliff<\/h2>\n<p>Der Tortuga Aluminiumaktivkohlefilter von Heisenberg ist sch\u00f6n Klein und Stabil. Nachdem du das 20-mm Sieb eingelegt hast, bef\u00fcllst du die Kammer mit Aktivkohle und setzt das Oberteil wieder auf.<br \/>\nJetzt kannst du ihn einstecken und einen 18.8 Kopf deiner Wahl darauf platzieren. Die Aktivkohle filtert deinen n\u00e4chsten Hit zuverl\u00e4sslich, dadurch schmeckt der Rauch besser und bei\u00dft nicht.<\/p>\n<p>&nbsp;<\/p>\n<div>\n<h3>\u00dcber Heisenberg:<\/h3>\n<div>\n<p>Heisenberg \u2013 nicht nur durch Breaking Bad ein Ph\u00e4nomen. Die Marke Heisenberg ist unter anderem durch ihre Glasbongs bekannt geworden. Keine Bong der Heisenberg Serie ist wie die andere. Hier werden verschiedene Gestaltungselemente geboten, wie beispielsweise poppige Farben oder mit Glow in the dark Funktion, Pl\u00e4tzen zum Einsetzen von LED Beleuchtung und anderen Extras.<\/p>\n<p>Bei dem interessanten Sortiment an Glasbongs, ist mit Sicherheit auch was f\u00fcr dich dabei!<\/p>\n<\/div>\n<\/div>\n","protected":false},"excerpt":{"rendered":"<p>Heisenberg Aluminiumadapter mit 18.8 mm Schliff Der Tortuga Aluminiumaktivkohlefilter von Heisenberg ist sch\u00f6n Klein und Stabil. Nachdem du das 20-mm<\/p>\n","protected":false},"featured_media":31364,"comment_status":"open","ping_status":"open","template":"","meta":{"_acf_changed":false},"product_cat":[2785,2459,2499,2451,3404,2463,2460],"product_tag":[3405,2466],"acf":[],"_links":{"self":[{"href":"https:\/\/donaulife-new.ogrisdigital.at\/fi\/wp-json\/wp\/v2\/product\/53004"}],"collection":[{"href":"https:\/\/donaulife-new.ogrisdigital.at\/fi\/wp-json\/wp\/v2\/product"}],"about":[{"href":"https:\/\/donaulife-new.ogrisdigital.at\/fi\/wp-json\/wp\/v2\/types\/product"}],"replies":[{"embeddable":true,"href":"https:\/\/donaulife-new.ogrisdigital.at\/fi\/wp-json\/wp\/v2\/comments?post=53004"}],"wp:featuredmedia":[{"embeddable":true,"href":"https:\/\/donaulife-new.ogrisdigital.at\/fi\/wp-json\/wp\/v2\/media\/31364"}],"wp:attachment":[{"href":"https:\/\/donaulife-new.ogrisdigital.at\/fi\/wp-json\/wp\/v2\/media?parent=53004"}],"wp:term":[{"taxonomy":"product_cat","embeddable":true,"href":"https:\/\/donaulife-new.ogrisdigital.at\/fi\/wp-json\/wp\/v2\/product_cat?post=53004"},{"taxonomy":"product_tag","embeddable":true,"href":"https:\/\/donaulife-new.ogrisdigital.at\/fi\/wp-json\/wp\/v2\/product_tag?post=53004"}],"curies":[{"name":"wp","href":"https:\/\/api.w.org\/{rel}","templated":true}]}}