{"id":53000,"date":"2021-04-20T14:22:20","date_gmt":"2021-04-20T14:22:20","guid":{"rendered":"https:\/\/donaulife-new.ogrisdigital.at\/produkt\/glasflutschkopf-koenigskobra-188-mm\/"},"modified":"2024-04-30T13:37:17","modified_gmt":"2024-04-30T13:37:17","slug":"glasflutschkopf-koenigskobra-188-mm","status":"publish","type":"product","link":"https:\/\/donaulife-new.ogrisdigital.at\/fi\/glasflutschkopf-koenigskobra-188-mm\/","title":{"rendered":"BLACK LEAF Flutschkopf &#8216;K\u00f6nigskobra&#8217;  | 18,8 mm"},"content":{"rendered":"<h2>Flutschkopf in Schlangenform<\/h2>\n<p>Die K\u00f6nigskobra wartet darauf mit den richtigen Kr\u00e4utern ruhiggestellt zu werden. Das gute St\u00fcck gibt es in einem 18,8 mm Schliff und hat einen Durchmesser von ca 65 mm an der breitesten Stelle. Die Kobrak\u00f6pfe dienen gleichzeitig als Rollstopp. Wenn du dich traust, w\u00e4hle eine Farbe aus und versuch diese Bestie zu z\u00e4hmen. \ud83d\ude09<\/p>\n<p>&nbsp;<\/p>\n<p>&nbsp;<\/p>\n","protected":false},"excerpt":{"rendered":"<p>Flutschkopf in Schlangenform Die K\u00f6nigskobra wartet darauf mit den richtigen Kr\u00e4utern ruhiggestellt zu werden. Das gute St\u00fcck gibt es in<\/p>\n","protected":false},"featured_media":31338,"comment_status":"open","ping_status":"closed","template":"","meta":{"_acf_changed":false},"product_cat":[2462,2459,2461,2566,2460],"product_tag":[],"acf":[],"_links":{"self":[{"href":"https:\/\/donaulife-new.ogrisdigital.at\/fi\/wp-json\/wp\/v2\/product\/53000"}],"collection":[{"href":"https:\/\/donaulife-new.ogrisdigital.at\/fi\/wp-json\/wp\/v2\/product"}],"about":[{"href":"https:\/\/donaulife-new.ogrisdigital.at\/fi\/wp-json\/wp\/v2\/types\/product"}],"replies":[{"embeddable":true,"href":"https:\/\/donaulife-new.ogrisdigital.at\/fi\/wp-json\/wp\/v2\/comments?post=53000"}],"wp:featuredmedia":[{"embeddable":true,"href":"https:\/\/donaulife-new.ogrisdigital.at\/fi\/wp-json\/wp\/v2\/media\/31338"}],"wp:attachment":[{"href":"https:\/\/donaulife-new.ogrisdigital.at\/fi\/wp-json\/wp\/v2\/media?parent=53000"}],"wp:term":[{"taxonomy":"product_cat","embeddable":true,"href":"https:\/\/donaulife-new.ogrisdigital.at\/fi\/wp-json\/wp\/v2\/product_cat?post=53000"},{"taxonomy":"product_tag","embeddable":true,"href":"https:\/\/donaulife-new.ogrisdigital.at\/fi\/wp-json\/wp\/v2\/product_tag?post=53000"}],"curies":[{"name":"wp","href":"https:\/\/api.w.org\/{rel}","templated":true}]}}