{"id":52995,"date":"2021-04-20T10:20:02","date_gmt":"2021-04-20T10:20:02","guid":{"rendered":"https:\/\/donaulife-new.ogrisdigital.at\/produkt\/heisenberg-percolatorvorkuehler-inline-18-8-mm\/"},"modified":"2024-07-01T00:50:59","modified_gmt":"2024-07-01T00:50:59","slug":"heisenberg-percolatorvorkuehler-inline-18-8-mm","status":"publish","type":"product","link":"https:\/\/donaulife-new.ogrisdigital.at\/fi\/heisenberg-percolatorvorkuehler-inline-18-8-mm\/","title":{"rendered":"HEISENBERG Percolatorvork\u00fchler &#8216;Inline&#8217; | 18.8 mm"},"content":{"rendered":"<h2>Heisenberg Vork\u00fchler mit integrierten Percolator<\/h2>\n<p>Die Version 2.0 ist nun mit bistabilem Schliff und gr\u00f6\u00dferer Wasserkammer erh\u00e4ltlich: eine neue Generation Vork\u00fchler. Das gute St\u00fcck ist mit einem 18,8 mm Schliff ausgestattet. INLINE bedeutet, da\u00df der Vork\u00fchler einen integrierten Percolator enth\u00e4lt. Der Rauch wird zuerst durch den 16 cm langen &#8220;Tunnel&#8221; gezogen und dort durch den Percolator smooth gefiltert, gelangt dann nach oben wo er dann smooth und abgek\u00fchlt zu dir kommt. \ud83d\ude42<\/p>\n<div>\n<h3>\u00dcber Heisenberg:<\/h3>\n<div>\n<p>Heisenberg \u2013 nicht nur durch Breaking Bad ein Ph\u00e4nomen. Die Marke Heisenberg ist unter anderem durch ihre Glasbongs bekannt geworden. Keine Bong der Heisenberg Serie ist wie die andere. Hier werden verschiedene Gestaltungselemente geboten, wie beispielsweise poppige Farben oder mit Glow in the dark Funktion, Pl\u00e4tzen zum Einsetzen von LED Beleuchtung und anderen Extras.<\/p>\n<p>Bei dem interessanten Sortiment an Glasbongs, ist mit Sicherheit auch was f\u00fcr dich dabei!<\/p>\n<\/div>\n<\/div>\n","protected":false},"excerpt":{"rendered":"<p>Heisenberg Vork\u00fchler mit integrierten Percolator Die Version 2.0 ist nun mit bistabilem Schliff und gr\u00f6\u00dferer Wasserkammer erh\u00e4ltlich: eine neue Generation<\/p>\n","protected":false},"featured_media":31304,"comment_status":"open","ping_status":"open","template":"","meta":{"_acf_changed":false},"product_cat":[2591,2459,3404,2463,2582,2460],"product_tag":[3405,2466],"acf":[],"_links":{"self":[{"href":"https:\/\/donaulife-new.ogrisdigital.at\/fi\/wp-json\/wp\/v2\/product\/52995"}],"collection":[{"href":"https:\/\/donaulife-new.ogrisdigital.at\/fi\/wp-json\/wp\/v2\/product"}],"about":[{"href":"https:\/\/donaulife-new.ogrisdigital.at\/fi\/wp-json\/wp\/v2\/types\/product"}],"replies":[{"embeddable":true,"href":"https:\/\/donaulife-new.ogrisdigital.at\/fi\/wp-json\/wp\/v2\/comments?post=52995"}],"wp:featuredmedia":[{"embeddable":true,"href":"https:\/\/donaulife-new.ogrisdigital.at\/fi\/wp-json\/wp\/v2\/media\/31304"}],"wp:attachment":[{"href":"https:\/\/donaulife-new.ogrisdigital.at\/fi\/wp-json\/wp\/v2\/media?parent=52995"}],"wp:term":[{"taxonomy":"product_cat","embeddable":true,"href":"https:\/\/donaulife-new.ogrisdigital.at\/fi\/wp-json\/wp\/v2\/product_cat?post=52995"},{"taxonomy":"product_tag","embeddable":true,"href":"https:\/\/donaulife-new.ogrisdigital.at\/fi\/wp-json\/wp\/v2\/product_tag?post=52995"}],"curies":[{"name":"wp","href":"https:\/\/api.w.org\/{rel}","templated":true}]}}