{"id":52987,"date":"2021-04-16T11:26:05","date_gmt":"2021-04-16T11:26:05","guid":{"rendered":"https:\/\/donaulife-new.ogrisdigital.at\/produkt\/v-syndicate-3d-rolling-tray-thc%c2%b2\/"},"modified":"2024-07-01T00:50:52","modified_gmt":"2024-07-01T00:50:52","slug":"v-syndicate-3d-rolling-tray-thc%c2%b2","status":"publish","type":"product","link":"https:\/\/donaulife-new.ogrisdigital.at\/fi\/v-syndicate-3d-rolling-tray-thc%c2%b2\/","title":{"rendered":"V SYNDICATE 3D Rolling Tray | &#8216;T=HC\u00b2&#8217;"},"content":{"rendered":"<h2>V Syndicate 3D Rolling Tray<\/h2>\n<p>Das V Syndicate 3D Glas Rolling Tray im Einstein design. Das Rolling Tray hat eine Gr\u00f6\u00dfe von 30cm x 17,8cm x 2,5cm und ist in einen hochwertigen Holzrahmen eingefasst.<\/p>\n<h3>\u00dcber V Syndicate:<\/h3>\n<p>V Syndicate\u00ae wurde 2010 gegr\u00fcndet und ist eine Lifestyle-Marke, die sich<br \/>\nFreizeit- und Raucherzubeh\u00f6r widmet. Unser Engagement f\u00fcr Innovation hat uns dazu inspiriert, die weltweit erste flache Kr\u00e4uterm\u00fchle in Form einer Karte im Brieftaschenformat zu entwickeln, die passenderweise &#8220;Grinder Card&#8221; genannt wird. Dieses elegante Ger\u00e4t ist umweltfreundlich, da es nur 5 % des Metalls verbraucht, das ein typischer Grinder ben\u00f6tigt. Der rostfreie Stahl in medizinischer Qualit\u00e4t verhindert Rost, w\u00e4hrend eine Vielzahl von Zahngr\u00f6\u00dfen drei verschiedene Bl\u00fctentexturen erm\u00f6glicht.<\/p>\n","protected":false},"excerpt":{"rendered":"<p>V Syndicate 3D Rolling Tray Das V Syndicate 3D Glas Rolling Tray im Einstein design. Das Rolling Tray hat eine<\/p>\n","protected":false},"featured_media":31211,"comment_status":"open","ping_status":"open","template":"","meta":{"_acf_changed":false},"product_cat":[3195,2451,2793],"product_tag":[2981],"acf":[],"_links":{"self":[{"href":"https:\/\/donaulife-new.ogrisdigital.at\/fi\/wp-json\/wp\/v2\/product\/52987"}],"collection":[{"href":"https:\/\/donaulife-new.ogrisdigital.at\/fi\/wp-json\/wp\/v2\/product"}],"about":[{"href":"https:\/\/donaulife-new.ogrisdigital.at\/fi\/wp-json\/wp\/v2\/types\/product"}],"replies":[{"embeddable":true,"href":"https:\/\/donaulife-new.ogrisdigital.at\/fi\/wp-json\/wp\/v2\/comments?post=52987"}],"wp:featuredmedia":[{"embeddable":true,"href":"https:\/\/donaulife-new.ogrisdigital.at\/fi\/wp-json\/wp\/v2\/media\/31211"}],"wp:attachment":[{"href":"https:\/\/donaulife-new.ogrisdigital.at\/fi\/wp-json\/wp\/v2\/media?parent=52987"}],"wp:term":[{"taxonomy":"product_cat","embeddable":true,"href":"https:\/\/donaulife-new.ogrisdigital.at\/fi\/wp-json\/wp\/v2\/product_cat?post=52987"},{"taxonomy":"product_tag","embeddable":true,"href":"https:\/\/donaulife-new.ogrisdigital.at\/fi\/wp-json\/wp\/v2\/product_tag?post=52987"}],"curies":[{"name":"wp","href":"https:\/\/api.w.org\/{rel}","templated":true}]}}