{"id":52954,"date":"2021-04-15T07:59:21","date_gmt":"2021-04-15T07:59:21","guid":{"rendered":"https:\/\/donaulife-new.ogrisdigital.at\/produkt\/heisenberg-glasbong-big-bud-41-cm\/"},"modified":"2025-01-15T07:11:11","modified_gmt":"2025-01-15T07:11:11","slug":"heisenberg-glasbong-big-bud-41-cm","status":"publish","type":"product","link":"https:\/\/donaulife-new.ogrisdigital.at\/fi\/heisenberg-glasbong-big-bud-41-cm\/","title":{"rendered":"HEISENBERG Glasbong &#8216;Big Bud&#8217; | 41 cm"},"content":{"rendered":"<h2>Heisenberg Glasbong mit Igel-Percolator<\/h2>\n<div id=\"description\" class=\"data item content\" role=\"tabpanel\" data-role=\"content\" aria-labelledby=\"tab-label-description\" aria-hidden=\"false\">\n<div class=\"product attribute description\">\n<div class=\"value\">\n<p>Bei der Heisenberg &#8216;Big Bud&#8217; ist der Name Programm! \ud83d\ude09 Mit ihr bist du bestens ausger\u00fcstet um auch die gr\u00f6\u00dften Buds in smoothe Hits zu verwandeln. Das gute St\u00fcck hat eine H\u00f6he von 41 cm und ist mit einem 18,8er Schliff ausgestattet. Der Durchmesser betr\u00e4gt 135 mm am Kolben, beim Mundt\u00fcck sind es 50 mm. Die Wandst\u00e4rke betr\u00e4gt 5 mm. Durch den Igel Percolator wird der Rauch extrem zerteilt und somit nochmals perfekt gefilltert. Ein Eisfach ist vorhanden, so kannst du Eisw\u00fcrfel einf\u00fclllen um den Rauch runter zu k\u00fchlen. Den Hals ziert das gelbe &#8216;HNBG&#8217; Logo.<\/p>\n<\/div>\n<\/div>\n<\/div>\n<div>\n<h3>\u00dcber Heisenberg:<\/h3>\n<div>\n<p>Heisenberg \u2013 nicht nur durch Breaking Bad ein Ph\u00e4nomen. Die Marke Heisenberg ist unter anderem durch ihre Glasbongs bekannt geworden. Keine Bong der Heisenberg Serie ist wie die andere. Hier werden verschiedene Gestaltungselemente geboten, wie beispielsweise poppige Farben oder mit Glow in the dark Funktion, Pl\u00e4tzen zum Einsetzen von LED Beleuchtung und anderen Extras.<\/p>\n<p>Bei dem interessanten Sortiment an Glasbongs, ist mit Sicherheit auch was f\u00fcr dich dabei!<\/p>\n<\/div>\n<\/div>\n","protected":false},"excerpt":{"rendered":"<p>Heisenberg Glasbong mit Igel-Percolator Bei der Heisenberg &#8216;Big Bud&#8217; ist der Name Programm! \ud83d\ude09 Mit ihr bist du bestens ausger\u00fcstet<\/p>\n","protected":false},"featured_media":31004,"comment_status":"open","ping_status":"closed","template":"","meta":{"_acf_changed":false},"product_cat":[2514,2459,3404,2523,2635,2577,2506,2463,2520],"product_tag":[3405,2466],"acf":[],"_links":{"self":[{"href":"https:\/\/donaulife-new.ogrisdigital.at\/fi\/wp-json\/wp\/v2\/product\/52954"}],"collection":[{"href":"https:\/\/donaulife-new.ogrisdigital.at\/fi\/wp-json\/wp\/v2\/product"}],"about":[{"href":"https:\/\/donaulife-new.ogrisdigital.at\/fi\/wp-json\/wp\/v2\/types\/product"}],"replies":[{"embeddable":true,"href":"https:\/\/donaulife-new.ogrisdigital.at\/fi\/wp-json\/wp\/v2\/comments?post=52954"}],"wp:featuredmedia":[{"embeddable":true,"href":"https:\/\/donaulife-new.ogrisdigital.at\/fi\/wp-json\/wp\/v2\/media\/31004"}],"wp:attachment":[{"href":"https:\/\/donaulife-new.ogrisdigital.at\/fi\/wp-json\/wp\/v2\/media?parent=52954"}],"wp:term":[{"taxonomy":"product_cat","embeddable":true,"href":"https:\/\/donaulife-new.ogrisdigital.at\/fi\/wp-json\/wp\/v2\/product_cat?post=52954"},{"taxonomy":"product_tag","embeddable":true,"href":"https:\/\/donaulife-new.ogrisdigital.at\/fi\/wp-json\/wp\/v2\/product_tag?post=52954"}],"curies":[{"name":"wp","href":"https:\/\/api.w.org\/{rel}","templated":true}]}}