{"id":52952,"date":"2021-04-14T15:43:45","date_gmt":"2021-04-14T15:43:45","guid":{"rendered":"https:\/\/donaulife-new.ogrisdigital.at\/produkt\/heisenberg-glasbong-machine-3-0-50-cm\/"},"modified":"2024-07-01T00:50:33","modified_gmt":"2024-07-01T00:50:33","slug":"heisenberg-glasbong-machine-3-0-50-cm","status":"publish","type":"product","link":"https:\/\/donaulife-new.ogrisdigital.at\/fi\/heisenberg-glasbong-machine-3-0-50-cm\/","title":{"rendered":"HEISENBERG Glasbong &#8216;Machine 3.0&#8217; | 50 cm"},"content":{"rendered":"<h2>Heisenberg Borosilikatglasbong mit Doppelsockel<\/h2>\n<div id=\"description\" class=\"data item content\" role=\"tabpanel\" data-role=\"content\" aria-labelledby=\"tab-label-description\" aria-hidden=\"false\">\n<div class=\"product attribute description\">\n<div class=\"value\">\n<p>Die &#8216;Machine 3.0&#8217; wartet auf ihren Einsatz. 50cm Hoch und bereit dich bei deiner n\u00e4chsten Session zu unterst\u00fctzen! \ud83d\ude09 Der blaue Rundfu\u00df auf dem das gute St\u00fcck seht, sorgt f\u00fcr die notwendige Stabilit\u00e4t. Das Chillum ist ca. 12cm Lang und hat einen 18,8er Schliff. Kickloch und Eisfach sind vorhanden, somit steht smoothen, kalten Bonghits nichts mehr im Wege. Den Hals ziert ein blauer &#8216;Heisenberg&#8217; Schriftzug. Wie bei allen Produkten der &#8220;Blue-Line&#8221; hebt sich der Rundfu\u00df und das Mundst\u00fcck vom Rest der Bong in blauer Farbe ab.<\/p>\n<\/div>\n<\/div>\n<\/div>\n<div>\n<h3>\u00dcber Heisenberg:<\/h3>\n<div>\n<p>Heisenberg \u2013 nicht nur durch Breaking Bad ein Ph\u00e4nomen. Die Marke Heisenberg ist unter anderem durch ihre Glasbongs bekannt geworden. Keine Bong der Heisenberg Serie ist wie die andere. Hier werden verschiedene Gestaltungselemente geboten, wie beispielsweise poppige Farben oder mit Glow in the dark Funktion, Pl\u00e4tzen zum Einsetzen von LED Beleuchtung und anderen Extras.<\/p>\n<p>Bei dem interessanten Sortiment an Glasbongs, ist mit Sicherheit auch was f\u00fcr dich dabei!<\/p>\n<\/div>\n<\/div>\n","protected":false},"excerpt":{"rendered":"<p>Heisenberg Borosilikatglasbong mit Doppelsockel Die &#8216;Machine 3.0&#8217; wartet auf ihren Einsatz. 50cm Hoch und bereit dich bei deiner n\u00e4chsten Session<\/p>\n","protected":false},"featured_media":30988,"comment_status":"open","ping_status":"open","template":"","meta":{"_acf_changed":false},"product_cat":[2514,2459,2510,3404,2523,2506,2463,2520],"product_tag":[3405,2466],"acf":[],"_links":{"self":[{"href":"https:\/\/donaulife-new.ogrisdigital.at\/fi\/wp-json\/wp\/v2\/product\/52952"}],"collection":[{"href":"https:\/\/donaulife-new.ogrisdigital.at\/fi\/wp-json\/wp\/v2\/product"}],"about":[{"href":"https:\/\/donaulife-new.ogrisdigital.at\/fi\/wp-json\/wp\/v2\/types\/product"}],"replies":[{"embeddable":true,"href":"https:\/\/donaulife-new.ogrisdigital.at\/fi\/wp-json\/wp\/v2\/comments?post=52952"}],"wp:featuredmedia":[{"embeddable":true,"href":"https:\/\/donaulife-new.ogrisdigital.at\/fi\/wp-json\/wp\/v2\/media\/30988"}],"wp:attachment":[{"href":"https:\/\/donaulife-new.ogrisdigital.at\/fi\/wp-json\/wp\/v2\/media?parent=52952"}],"wp:term":[{"taxonomy":"product_cat","embeddable":true,"href":"https:\/\/donaulife-new.ogrisdigital.at\/fi\/wp-json\/wp\/v2\/product_cat?post=52952"},{"taxonomy":"product_tag","embeddable":true,"href":"https:\/\/donaulife-new.ogrisdigital.at\/fi\/wp-json\/wp\/v2\/product_tag?post=52952"}],"curies":[{"name":"wp","href":"https:\/\/api.w.org\/{rel}","templated":true}]}}