{"id":52941,"date":"2021-04-14T07:37:22","date_gmt":"2021-04-14T07:37:22","guid":{"rendered":"https:\/\/donaulife-new.ogrisdigital.at\/produkt\/heisenberg-glasbong-mahony-illusion-50-cm\/"},"modified":"2025-01-15T07:11:18","modified_gmt":"2025-01-15T07:11:18","slug":"heisenberg-glasbong-mahony-illusion-50-cm","status":"publish","type":"product","link":"https:\/\/donaulife-new.ogrisdigital.at\/fi\/heisenberg-glasbong-mahony-illusion-50-cm\/","title":{"rendered":"HEISENBERG Glasbong &#8216;Mahony Illusion&#8217; | 50 cm"},"content":{"rendered":"<h2>Heisenberg Percolatorbong mit 5 Arm Percolator<\/h2>\n<div id=\"description\" class=\"data item content\" role=\"tabpanel\" data-role=\"content\" aria-labelledby=\"tab-label-description\" aria-hidden=\"false\">\n<div class=\"product attribute description\">\n<div class=\"value\">\n<p>Diese einzigartige Bong hat ein paar coole Styleextras wie z.B. die Glastropfen am oberen Ende, Diffusor-Kupplung, bistabiler Schliff oder die wei\u00dfen Farbeinl\u00e4sse am Mundst\u00fcck. Die Mahony Illusion besitzt Eiseinkerbungen im Glastubus damit du deine Bonghits verl\u00e4sslich runterk\u00fchlen kannst, und eine direkt darunter liegende Perkolator-Kammer mit 5 Verwirbelungsst\u00e4ben &#8211; genannt Diffusor. Dieses K\u00fchlungsystem erf\u00fcllt alle anspruchsvollen W\u00fcnsche eines erfahrenen Rauchers. Mit ihrer H\u00f6he von 50 cm liegt die Mahony Illusion sch\u00f6n im Mittelfeld, besitzt aber ein gutes Rauchvolumen dadurch, dass nur eine Perkolatorkammer vorhanden ist. Somit kickt die Mahony Illusion noch ein wenig kr\u00e4ftiger.<\/p>\n<\/div>\n<\/div>\n<\/div>\n<div>\n<h3>\u00dcber Heisenberg:<\/h3>\n<div>\n<p>Heisenberg \u2013 nicht nur durch Breaking Bad ein Ph\u00e4nomen. Die Marke Heisenberg ist unter anderem durch ihre Glasbongs bekannt geworden. Keine Bong der Heisenberg Serie ist wie die andere. Hier werden verschiedene Gestaltungselemente geboten, wie beispielsweise poppige Farben oder mit Glow in the dark Funktion, Pl\u00e4tzen zum Einsetzen von LED Beleuchtung und anderen Extras.<\/p>\n<p>Bei dem interessanten Sortiment an Glasbongs, ist mit Sicherheit auch was f\u00fcr dich dabei!<\/p>\n<\/div>\n<\/div>\n","protected":false},"excerpt":{"rendered":"<p>Heisenberg Percolatorbong mit 5 Arm Percolator Diese einzigartige Bong hat ein paar coole Styleextras wie z.B. die Glastropfen am oberen<\/p>\n","protected":false},"featured_media":30877,"comment_status":"open","ping_status":"open","template":"","meta":{"_acf_changed":false},"product_cat":[2514,2459,2510,3404,2523,2515,2577,2506,2463],"product_tag":[3405,2466],"acf":[],"_links":{"self":[{"href":"https:\/\/donaulife-new.ogrisdigital.at\/fi\/wp-json\/wp\/v2\/product\/52941"}],"collection":[{"href":"https:\/\/donaulife-new.ogrisdigital.at\/fi\/wp-json\/wp\/v2\/product"}],"about":[{"href":"https:\/\/donaulife-new.ogrisdigital.at\/fi\/wp-json\/wp\/v2\/types\/product"}],"replies":[{"embeddable":true,"href":"https:\/\/donaulife-new.ogrisdigital.at\/fi\/wp-json\/wp\/v2\/comments?post=52941"}],"wp:featuredmedia":[{"embeddable":true,"href":"https:\/\/donaulife-new.ogrisdigital.at\/fi\/wp-json\/wp\/v2\/media\/30877"}],"wp:attachment":[{"href":"https:\/\/donaulife-new.ogrisdigital.at\/fi\/wp-json\/wp\/v2\/media?parent=52941"}],"wp:term":[{"taxonomy":"product_cat","embeddable":true,"href":"https:\/\/donaulife-new.ogrisdigital.at\/fi\/wp-json\/wp\/v2\/product_cat?post=52941"},{"taxonomy":"product_tag","embeddable":true,"href":"https:\/\/donaulife-new.ogrisdigital.at\/fi\/wp-json\/wp\/v2\/product_tag?post=52941"}],"curies":[{"name":"wp","href":"https:\/\/api.w.org\/{rel}","templated":true}]}}