{"id":52938,"date":"2021-04-13T10:27:17","date_gmt":"2021-04-13T10:27:17","guid":{"rendered":"https:\/\/donaulife-new.ogrisdigital.at\/produkt\/heisenberg-inlinebong-das-u-boot-46-cm\/"},"modified":"2025-01-15T07:11:20","modified_gmt":"2025-01-15T07:11:20","slug":"heisenberg-inlinebong-das-u-boot-46-cm","status":"publish","type":"product","link":"https:\/\/donaulife-new.ogrisdigital.at\/fi\/heisenberg-inlinebong-das-u-boot-46-cm\/","title":{"rendered":"HEISENBERG Inlinebong &#8216;Das U-Boot&#8217; | 46 cm"},"content":{"rendered":"<h2>Heisenberg Eisbong mit Inline Perc<\/h2>\n<div>Die Inline Bong von Heisenberg besitzt einen Inline Percolator, um den Rauch vorher ordentlich in Schwung zu bringen. Dieser ist fest eingebaut, so dass der Schliff mit einem gewissen Abstand gestzt werden konnte und ein weiterer Weg zur Abk\u00fchlung des Rauches erm\u00f6glicht wird. Ebenso sind Eiszacken vorhanden um den Rauch extrem zu k\u00fchlen.<\/div>\n<div>Der 18,8 mm Schliff Ansatz ist f\u00fcr 90\u00b0 Vork\u00fchler oder Aktivkohleadapter geignet.<\/div>\n<div>\n<h3>\u00dcber Heisenberg:<\/h3>\n<div>\n<p>Heisenberg \u2013 nicht nur durch Breaking Bad ein Ph\u00e4nomen. Die Marke Heisenberg ist unter anderem durch ihre Glasbongs bekannt geworden. Keine Bong der Heisenberg Serie ist wie die andere. Hier werden verschiedene Gestaltungselemente geboten, wie beispielsweise poppige Farben oder mit Glow in the dark Funktion, Pl\u00e4tzen zum Einsetzen von LED Beleuchtung und anderen Extras.<\/p>\n<p>Bei dem interessanten Sortiment an Glasbongs, ist mit Sicherheit auch was f\u00fcr dich dabei!<\/p>\n<\/div>\n<\/div>\n","protected":false},"excerpt":{"rendered":"<p>Heisenberg Eisbong mit Inline Perc Die Inline Bong von Heisenberg besitzt einen Inline Percolator, um den Rauch vorher ordentlich in<\/p>\n","protected":false},"featured_media":30852,"comment_status":"open","ping_status":"open","template":"","meta":{"_acf_changed":false},"product_cat":[2514,2459,3404,2523,2577,2506,2463,2520],"product_tag":[3405,2466],"acf":[],"_links":{"self":[{"href":"https:\/\/donaulife-new.ogrisdigital.at\/fi\/wp-json\/wp\/v2\/product\/52938"}],"collection":[{"href":"https:\/\/donaulife-new.ogrisdigital.at\/fi\/wp-json\/wp\/v2\/product"}],"about":[{"href":"https:\/\/donaulife-new.ogrisdigital.at\/fi\/wp-json\/wp\/v2\/types\/product"}],"replies":[{"embeddable":true,"href":"https:\/\/donaulife-new.ogrisdigital.at\/fi\/wp-json\/wp\/v2\/comments?post=52938"}],"wp:featuredmedia":[{"embeddable":true,"href":"https:\/\/donaulife-new.ogrisdigital.at\/fi\/wp-json\/wp\/v2\/media\/30852"}],"wp:attachment":[{"href":"https:\/\/donaulife-new.ogrisdigital.at\/fi\/wp-json\/wp\/v2\/media?parent=52938"}],"wp:term":[{"taxonomy":"product_cat","embeddable":true,"href":"https:\/\/donaulife-new.ogrisdigital.at\/fi\/wp-json\/wp\/v2\/product_cat?post=52938"},{"taxonomy":"product_tag","embeddable":true,"href":"https:\/\/donaulife-new.ogrisdigital.at\/fi\/wp-json\/wp\/v2\/product_tag?post=52938"}],"curies":[{"name":"wp","href":"https:\/\/api.w.org\/{rel}","templated":true}]}}