{"id":52712,"date":"2021-03-22T17:13:06","date_gmt":"2021-03-22T17:13:06","guid":{"rendered":"https:\/\/donaulife-new.ogrisdigital.at\/produkt\/rizla-king-size-slim-papers-super-thin-silver-32-blatt\/"},"modified":"2024-07-01T00:48:43","modified_gmt":"2024-07-01T00:48:43","slug":"rizla-king-size-slim-papers-super-thin-silver-32-blatt","status":"publish","type":"product","link":"https:\/\/donaulife-new.ogrisdigital.at\/fi\/rizla-king-size-slim-papers-super-thin-silver-32-blatt\/","title":{"rendered":"RIZLA+ KSS Papers &#8216;Super thin silver&#8217; | 32 Blatt"},"content":{"rendered":"<h2>Rizla Kingsize Slim Papers Super thin (Silver) mit 32 Blatt<\/h2>\n<div>Diese Rizla Silver King Size Bl\u00e4ttchen sind aus extra d\u00fcnnem Papier, das sehr langsam brennt und nur wenig Asche hat. Dies sind einige der feinsten gummierten King Size Rolling Papers, die wir finden konnten.<\/div>\n<div><\/div>\n<div>32 Bl\u00e4tter pro Packung<\/div>\n<div>50 Packungen pro Schachtel<\/div>\n<h3>\u00dcber Rizla:<\/h3>\n<p>Im Jahr 1660 begann die Lacroix-Familie ernsthaft mit der Produktion von Zigarettenpapier. Trotz des fr\u00fchen Erfolges erstand die Familie erst 76 Jahre sp\u00e4ter ihre eigene Papierfabrik, die durch Francois Lacroix finanziert wurde, der 1736 auch die Lacroix-Rolling-Paper-Firma gegr\u00fcndet hatte.<\/p>\n<p>Die Lacroix-Firma erhielt 1796 einen gro\u00dfen Produktionsauftrag. W\u00e4hrend der Franz\u00f6sischen Revolution erteilte Napoleon der Firma den Auftrag Zigarettenpapier f\u00fcr die Soldaten herzustellen, die bisher gezwungen waren Buchseiten zu benutzen um ihre Zigaretten zu drehen.<\/p>\n<p>1860 verbesserte Pierre Lacroix das Herstellungsverfahren f\u00fcr das Lacroix-Zigarettenpapier. 1865 wurde das Verfahren erneut ge\u00e4ndert und anstelle von Gewebe Reis verwendet, was dem Papier den Namen \u201eRizLa+\u201c gab; eine Kombination des franz\u00f6sischen Wortes f\u00fcr Reis \u201eRiz\u201c, \u201eLa\u201c und dem Kreuz (franz\u00f6sisch \u201ecroix\u201c), das die Familie repr\u00e4sentierte. Die Firma wurde 1866 umbenannt.<\/p>\n<p>RizLa+ war so erfolgreich, dass die Lacroix-Familie im Jahr 1891 gen\u00fcgend Reichtum angesammelt hatte um sich ein Schloss-\u00e4hnliches Geb\u00e4ude errichten zu lassen, das \u201eCh\u00e2teau L\u00e9onide Lacroix\u201c genannt wurde. Die Lacroix-Familie verkaufte ihr Produkt in ganz Europa und den Vereinigten Staaten (Stand 1900).<\/p>\n<p>Rizla erfand und produzierte auch die erste Drehmaschine f\u00fcr die Hosentasche im Jahr 1928. Die Gebr\u00fcder Lacroix erhalten ein Patent f\u00fcr die Anbringung eines Radiergummis am Rand des Rollpapiers. Es ist der Moment, in dem die Marke die Welt des Rolling Paper revolutioniert.<\/p>\n","protected":false},"excerpt":{"rendered":"<p>Rizla Kingsize Slim Papers Super thin (Silver) mit 32 Blatt Diese Rizla Silver King Size Bl\u00e4ttchen sind aus extra d\u00fcnnem<\/p>\n","protected":false},"featured_media":30091,"comment_status":"open","ping_status":"open","template":"","meta":{"_acf_changed":false},"product_cat":[2489,2451,2453,2452],"product_tag":[],"acf":[],"_links":{"self":[{"href":"https:\/\/donaulife-new.ogrisdigital.at\/fi\/wp-json\/wp\/v2\/product\/52712"}],"collection":[{"href":"https:\/\/donaulife-new.ogrisdigital.at\/fi\/wp-json\/wp\/v2\/product"}],"about":[{"href":"https:\/\/donaulife-new.ogrisdigital.at\/fi\/wp-json\/wp\/v2\/types\/product"}],"replies":[{"embeddable":true,"href":"https:\/\/donaulife-new.ogrisdigital.at\/fi\/wp-json\/wp\/v2\/comments?post=52712"}],"wp:featuredmedia":[{"embeddable":true,"href":"https:\/\/donaulife-new.ogrisdigital.at\/fi\/wp-json\/wp\/v2\/media\/30091"}],"wp:attachment":[{"href":"https:\/\/donaulife-new.ogrisdigital.at\/fi\/wp-json\/wp\/v2\/media?parent=52712"}],"wp:term":[{"taxonomy":"product_cat","embeddable":true,"href":"https:\/\/donaulife-new.ogrisdigital.at\/fi\/wp-json\/wp\/v2\/product_cat?post=52712"},{"taxonomy":"product_tag","embeddable":true,"href":"https:\/\/donaulife-new.ogrisdigital.at\/fi\/wp-json\/wp\/v2\/product_tag?post=52712"}],"curies":[{"name":"wp","href":"https:\/\/api.w.org\/{rel}","templated":true}]}}