{"id":52606,"date":"2021-03-15T09:50:47","date_gmt":"2021-03-15T09:50:47","guid":{"rendered":"https:\/\/donaulife-new.ogrisdigital.at\/produkt\/haze-brothers-grinder-4-teilig-blau-o-55-mm\/"},"modified":"2024-07-01T00:47:43","modified_gmt":"2024-07-01T00:47:43","slug":"haze-brothers-grinder-4-teilig-blau-o-55-mm","status":"publish","type":"product","link":"https:\/\/donaulife-new.ogrisdigital.at\/fi\/haze-brothers-grinder-4-teilig-blau-o-55-mm\/","title":{"rendered":"HAZE BROTHERS Grinder 4-teilig | \u00d8 55 mm"},"content":{"rendered":"<div>\n<h2>Haze Brothers Grinder<\/h2>\n<p>Unser\u00a0<strong>Premium Grinder in Blau<\/strong>\u00a0mit einem Durchmesser von\u00a0<strong>55mm<\/strong>\u00a0aus<strong>\u00a0hochwertigem Aircraft-Aluminium<\/strong>\u00a0zusammengesetzt aus vier Teilen f\u00fcr\u00a0<strong>Dein optimales Grind-Erlebnis<\/strong>:<\/p>\n<ul>\n<li>Insgesamt\u00a0<strong>26 scharfe Diamantklingen<\/strong>\u00a0zerkleinern Dein Material schnell und sorgf\u00e4ltig in perfekte Flocken<\/li>\n<li><strong>Hochwertig verarbeitetes Flugzeug-Aluminium<\/strong>, vollkommen\u00a0<strong>exoliert<\/strong>, sorgt f\u00fcr eine sichere Verwendung ohne Abrieb oder Farbsplitter in Deiner Mische<\/li>\n<li><strong>Extrafeines Pollumsieb<\/strong><strong>\u00a0aus rostfreiem Edelstahl\u00a0<\/strong>filtert Dein besonders wertvolles Spezialmaterial heraus<\/li>\n<li><strong>Optimierter Auffangbeh\u00e4lter<\/strong>\u00a0f\u00fcr Euer Spezialmaterial mit 130 Grad Biegung der Ecken macht die Entleerung und die Reinigung kinderleicht<\/li>\n<li><strong>Gro\u00dfes Resevoir<\/strong>\u00a0zwischen Pollumfach und Mahlwerk bietet Platz zum Bunkern von bis zu 3 Gramm<\/li>\n<li><strong>2x Leistungsstarke Magnete<\/strong>\u00a0f\u00fcr einen sicheren Zusammenhalt<\/li>\n<li><strong>Perfekt verarbeitete Gewinde<\/strong>\u00a0zum Einfachen Auf- und Zuschrauben des Pollum- und Auffangfaches<\/li>\n<\/ul>\n<p>Zu jedem unserer Premium Grinder gibt es noch ein paar\u00a0<strong>erstklassige Extras<\/strong>\u00a0mit dazu:<\/p>\n<ul>\n<li><strong>Wiederverwendbarer Glastip (L\u00e4nge 30 mm &amp; Durchmesser 8mm)<\/strong><\/li>\n<li><strong>Praktischer Pollumschieber<\/strong><\/li>\n<li><strong>Schwarzer Stoffbeutel<\/strong><\/li>\n<\/ul>\n<\/div>\n<h3>\u00dcber Haze Brothers:<\/h3>\n<div>\n<div>Wir, die Gr\u00fcnder, haben die Marke Haze Brothers ins Leben gerufen aus Hingabe zu unserem Lieblingszeitvertreib. Seit vielen Jahren zelebrieren wir schon das entspannte Beisammensein unter Brothers, egal ob im Wohnzimmer, in Restaurants, auf der Stra\u00dfe, in der City oder auf Partys. Ganz egal wo, wichtig ist nur mit wem! Denn f\u00fcr uns gibt es nichts besseres als mit guten Freunden, mit denen man auf der gleichen Wellenl\u00e4nge ist,\u00a0 eine geile Zeit zu verbringen, zu reden, zu chillen, zu entspannen, zu lachen, zu feiern, sich wohl und frei zu f\u00fchlen.<\/div>\n<div><\/div>\n<div>Wir sind der festen \u00dcberzeugung, dass neben Familie nichts wichtiger ist, als gute Freunde zu haben, mit denen man das Leben in vollen Z\u00fcgen genie\u00dfen kann.<\/div>\n<div><\/div>\n<div>Unsere Produkte sollen neben einem verbesserten Konsum, diese Einstellung und diesen Lifestyle verk\u00f6rpern und in die Welt hinaustragen. Denn wahre Brothers teilen nicht nur geile Erinnerungen und h\u00f6chste Freude. Nein, wahre Brothers teilen auch ab und zu mal die ein oder andere saftige Kr\u00e4uterzigarette.<\/div>\n<div><\/div>\n<div>Ihr wisst ja: BROTHERS SMOKE TOGETHER!<\/div>\n<\/div>\n","protected":false},"excerpt":{"rendered":"<p>Haze Brothers Grinder Unser\u00a0Premium Grinder in Blau\u00a0mit einem Durchmesser von\u00a055mm\u00a0aus\u00a0hochwertigem Aircraft-Aluminium\u00a0zusammengesetzt aus vier Teilen f\u00fcr\u00a0Dein optimales Grind-Erlebnis: Insgesamt\u00a026 scharfe Diamantklingen\u00a0zerkleinern<\/p>\n","protected":false},"featured_media":29622,"comment_status":"open","ping_status":"open","template":"","meta":{"_acf_changed":false},"product_cat":[2481,2482,2489,2480,3348,2451,2483],"product_tag":[3349],"acf":[],"_links":{"self":[{"href":"https:\/\/donaulife-new.ogrisdigital.at\/fi\/wp-json\/wp\/v2\/product\/52606"}],"collection":[{"href":"https:\/\/donaulife-new.ogrisdigital.at\/fi\/wp-json\/wp\/v2\/product"}],"about":[{"href":"https:\/\/donaulife-new.ogrisdigital.at\/fi\/wp-json\/wp\/v2\/types\/product"}],"replies":[{"embeddable":true,"href":"https:\/\/donaulife-new.ogrisdigital.at\/fi\/wp-json\/wp\/v2\/comments?post=52606"}],"wp:featuredmedia":[{"embeddable":true,"href":"https:\/\/donaulife-new.ogrisdigital.at\/fi\/wp-json\/wp\/v2\/media\/29622"}],"wp:attachment":[{"href":"https:\/\/donaulife-new.ogrisdigital.at\/fi\/wp-json\/wp\/v2\/media?parent=52606"}],"wp:term":[{"taxonomy":"product_cat","embeddable":true,"href":"https:\/\/donaulife-new.ogrisdigital.at\/fi\/wp-json\/wp\/v2\/product_cat?post=52606"},{"taxonomy":"product_tag","embeddable":true,"href":"https:\/\/donaulife-new.ogrisdigital.at\/fi\/wp-json\/wp\/v2\/product_tag?post=52606"}],"curies":[{"name":"wp","href":"https:\/\/api.w.org\/{rel}","templated":true}]}}