{"id":52562,"date":"2021-03-09T11:52:58","date_gmt":"2021-03-09T11:52:58","guid":{"rendered":"https:\/\/donaulife-new.ogrisdigital.at\/produkt\/smokus-focus-dose-mit-led-und-lupe-75-ml\/"},"modified":"2024-02-04T18:34:54","modified_gmt":"2024-02-04T18:34:54","slug":"smokus-focus-dose-mit-led-und-lupe-75-ml","status":"publish","type":"product","link":"https:\/\/donaulife-new.ogrisdigital.at\/fi\/smokus-focus-dose-mit-led-und-lupe-75-ml\/","title":{"rendered":"SMOKUS FOCUS Dose mit LED und Lupe | 75 ml"},"content":{"rendered":"<h2>SMOKUS FOCUS Jar<\/h2>\n<p>Eine kleine Dose mit Lupe und LED Licht um deine Kr\u00e4uter ganz genau zu betrachten.<\/p>\n<h3>\u00dcber Smokus Focus:<\/h3>\n<div class=\"elementor-element elementor-element-96e4633 elementor-widget elementor-widget-text-editor\" data-id=\"96e4633\" data-element_type=\"widget\" data-widget_type=\"text-editor.default\">\n<div class=\"elementor-widget-container\">\n<div class=\"elementor-text-editor elementor-clearfix\">\n<div>Als globaler Branchenf\u00fchrer im Bereich der Pr\u00e4sentation, Lagerung und Verpackung von hochwertigen Waren, von Kr\u00e4utern und Blumen bis hin zu seltenen Sammlerst\u00fccken, bietet Smokus Focus Verbrauchern und Einzelh\u00e4ndlern auf der ganzen Welt auff\u00e4llige, innovative Displays mit hochwertigen Komponenten und modernstem Design.<\/div>\n<div><\/div>\n<div>Unsere Aufgabe<\/div>\n<div>Mit Konzentration auf innovativer Forschung und Entwicklung und der Steigerung des Marktbewusstseins hat sich Smokus Focus dazu verpflichtet, Verbrauchern und Einzelh\u00e4ndlern in der Kr\u00e4uter- und Hobbybranche unvergleichliche Qualit\u00e4t f\u00fcr alle ihre High-End-Display-, Lagerungs- und Verpackungsbed\u00fcrfnisse zu bieten.<\/div>\n<\/div>\n<\/div>\n<\/div>\n","protected":false},"excerpt":{"rendered":"<p>SMOKUS FOCUS Jar Eine kleine Dose mit Lupe und LED Licht um deine Kr\u00e4uter ganz genau zu betrachten. \u00dcber Smokus<\/p>\n","protected":false},"featured_media":29405,"comment_status":"open","ping_status":"open","template":"","meta":{"_acf_changed":false},"product_cat":[2607,2451,3337],"product_tag":[3338],"acf":[],"_links":{"self":[{"href":"https:\/\/donaulife-new.ogrisdigital.at\/fi\/wp-json\/wp\/v2\/product\/52562"}],"collection":[{"href":"https:\/\/donaulife-new.ogrisdigital.at\/fi\/wp-json\/wp\/v2\/product"}],"about":[{"href":"https:\/\/donaulife-new.ogrisdigital.at\/fi\/wp-json\/wp\/v2\/types\/product"}],"replies":[{"embeddable":true,"href":"https:\/\/donaulife-new.ogrisdigital.at\/fi\/wp-json\/wp\/v2\/comments?post=52562"}],"wp:featuredmedia":[{"embeddable":true,"href":"https:\/\/donaulife-new.ogrisdigital.at\/fi\/wp-json\/wp\/v2\/media\/29405"}],"wp:attachment":[{"href":"https:\/\/donaulife-new.ogrisdigital.at\/fi\/wp-json\/wp\/v2\/media?parent=52562"}],"wp:term":[{"taxonomy":"product_cat","embeddable":true,"href":"https:\/\/donaulife-new.ogrisdigital.at\/fi\/wp-json\/wp\/v2\/product_cat?post=52562"},{"taxonomy":"product_tag","embeddable":true,"href":"https:\/\/donaulife-new.ogrisdigital.at\/fi\/wp-json\/wp\/v2\/product_tag?post=52562"}],"curies":[{"name":"wp","href":"https:\/\/api.w.org\/{rel}","templated":true}]}}