{"id":52548,"date":"2021-03-08T11:29:06","date_gmt":"2021-03-08T11:29:06","guid":{"rendered":"https:\/\/donaulife-new.ogrisdigital.at\/produkt\/raw-papers-metallbox-pop-o-51mm\/"},"modified":"2025-01-15T07:11:53","modified_gmt":"2025-01-15T07:11:53","slug":"raw-papers-metallbox-pop-o-51mm","status":"publish","type":"product","link":"https:\/\/donaulife-new.ogrisdigital.at\/fi\/raw-papers-metallbox-pop-o-51mm\/","title":{"rendered":"RAW Papers Metallbox &#8216;Pop&#8217; | \u00d8 51mm"},"content":{"rendered":"<h2>RAW Metall Dose klickbar<\/h2>\n<div>Diese spezielle, wiederverwendbare Metall-Dose wurde f\u00fcr Kr\u00e4uter aller Art oder kleinere Produkte Wie Tips Aktivkohle Filter oder \u00e4hnliches geschaffen. Einfach drauf klicken und sie springt auf. Im classischen RAW Design.<\/div>\n","protected":false},"excerpt":{"rendered":"<p>RAW Metall Dose klickbar Diese spezielle, wiederverwendbare Metall-Dose wurde f\u00fcr Kr\u00e4uter aller Art oder kleinere Produkte Wie Tips Aktivkohle Filter<\/p>\n","protected":false},"featured_media":29323,"comment_status":"open","ping_status":"open","template":"","meta":{"_acf_changed":false},"product_cat":[2607,2489,2451,2826,2490],"product_tag":[2493],"acf":[],"_links":{"self":[{"href":"https:\/\/donaulife-new.ogrisdigital.at\/fi\/wp-json\/wp\/v2\/product\/52548"}],"collection":[{"href":"https:\/\/donaulife-new.ogrisdigital.at\/fi\/wp-json\/wp\/v2\/product"}],"about":[{"href":"https:\/\/donaulife-new.ogrisdigital.at\/fi\/wp-json\/wp\/v2\/types\/product"}],"replies":[{"embeddable":true,"href":"https:\/\/donaulife-new.ogrisdigital.at\/fi\/wp-json\/wp\/v2\/comments?post=52548"}],"wp:featuredmedia":[{"embeddable":true,"href":"https:\/\/donaulife-new.ogrisdigital.at\/fi\/wp-json\/wp\/v2\/media\/29323"}],"wp:attachment":[{"href":"https:\/\/donaulife-new.ogrisdigital.at\/fi\/wp-json\/wp\/v2\/media?parent=52548"}],"wp:term":[{"taxonomy":"product_cat","embeddable":true,"href":"https:\/\/donaulife-new.ogrisdigital.at\/fi\/wp-json\/wp\/v2\/product_cat?post=52548"},{"taxonomy":"product_tag","embeddable":true,"href":"https:\/\/donaulife-new.ogrisdigital.at\/fi\/wp-json\/wp\/v2\/product_tag?post=52548"}],"curies":[{"name":"wp","href":"https:\/\/api.w.org\/{rel}","templated":true}]}}