{"id":52529,"date":"2021-03-05T21:55:00","date_gmt":"2021-03-05T21:55:00","guid":{"rendered":"https:\/\/donaulife-new.ogrisdigital.at\/produkt\/stuendenglass-ersatzschlauch-90-cm\/"},"modified":"2025-01-15T07:11:58","modified_gmt":"2025-01-15T07:11:58","slug":"stuendenglass-ersatzschlauch-90-cm","status":"publish","type":"product","link":"https:\/\/donaulife-new.ogrisdigital.at\/fi\/stuendenglass-ersatzschlauch-90-cm\/","title":{"rendered":"ST\u00dcNDENGLASS Ersatzschlauch | 90 cm"},"content":{"rendered":"<h1 class=\"title\">St\u00fcndenglass Gravity Hookah Ersatzschlauch 90 cm<\/h1>\n<div>\n<p>Ersatz-Hookah-Schlauch f\u00fcr die St\u00fcndenglass Gravity Hookah Wasserpfeife.<\/p>\n<p>L\u00e4nge: 90 cm<\/p>\n<\/div>\n<div><\/div>\n<div>\n<p><img fetchpriority=\"high\" decoding=\"async\" class=\"alignnone size-medium wp-image-29968\" style=\"font-size: 14.4px;\" src=\"https:\/\/www.donaulife.com\/wp-content\/uploads\/2021\/03\/Bildschirmfoto-2021-03-05-um-23.09.04-300x300.png\" alt=\"\" width=\"300\" height=\"300\" \/><img decoding=\"async\" class=\"alignnone size-medium wp-image-29967\" src=\"https:\/\/www.donaulife.com\/wp-content\/uploads\/2021\/03\/Bildschirmfoto-2021-03-05-um-23.08.45-298x300.png\" alt=\"\" width=\"298\" height=\"300\" \/><\/p>\n<p>&nbsp;<\/p>\n<h2>Lieferumfang<\/h2>\n<p>1x Hookah Schlauch<\/p>\n<\/div>\n<p>&nbsp;<\/p>\n<p>&nbsp;<\/p>\n<div>\n<p>St\u00fcndenglass. Gravity Bong neu erfunden.<\/p>\n<\/div>\n<p>&nbsp;<\/p>\n","protected":false},"excerpt":{"rendered":"<p>St\u00fcndenglass Gravity Hookah Ersatzschlauch 90 cm Ersatz-Hookah-Schlauch f\u00fcr die St\u00fcndenglass Gravity Hookah Wasserpfeife. L\u00e4nge: 90 cm &nbsp; Lieferumfang 1x Hookah<\/p>\n","protected":false},"featured_media":28050,"comment_status":"open","ping_status":"open","template":"","meta":{"_acf_changed":false},"product_cat":[2459,2463,3285,2460],"product_tag":[3286],"acf":[],"_links":{"self":[{"href":"https:\/\/donaulife-new.ogrisdigital.at\/fi\/wp-json\/wp\/v2\/product\/52529"}],"collection":[{"href":"https:\/\/donaulife-new.ogrisdigital.at\/fi\/wp-json\/wp\/v2\/product"}],"about":[{"href":"https:\/\/donaulife-new.ogrisdigital.at\/fi\/wp-json\/wp\/v2\/types\/product"}],"replies":[{"embeddable":true,"href":"https:\/\/donaulife-new.ogrisdigital.at\/fi\/wp-json\/wp\/v2\/comments?post=52529"}],"wp:featuredmedia":[{"embeddable":true,"href":"https:\/\/donaulife-new.ogrisdigital.at\/fi\/wp-json\/wp\/v2\/media\/28050"}],"wp:attachment":[{"href":"https:\/\/donaulife-new.ogrisdigital.at\/fi\/wp-json\/wp\/v2\/media?parent=52529"}],"wp:term":[{"taxonomy":"product_cat","embeddable":true,"href":"https:\/\/donaulife-new.ogrisdigital.at\/fi\/wp-json\/wp\/v2\/product_cat?post=52529"},{"taxonomy":"product_tag","embeddable":true,"href":"https:\/\/donaulife-new.ogrisdigital.at\/fi\/wp-json\/wp\/v2\/product_tag?post=52529"}],"curies":[{"name":"wp","href":"https:\/\/api.w.org\/{rel}","templated":true}]}}