{"id":52482,"date":"2021-02-26T00:19:58","date_gmt":"2021-02-26T00:19:58","guid":{"rendered":"https:\/\/donaulife-new.ogrisdigital.at\/produkt\/blaze-glass-beakerbong-erlkoenig-45-cm\/"},"modified":"2024-07-01T00:46:10","modified_gmt":"2024-07-01T00:46:10","slug":"blaze-glass-beakerbong-erlkoenig-45-cm","status":"publish","type":"product","link":"https:\/\/donaulife-new.ogrisdigital.at\/fi\/blaze-glass-beakerbong-erlkoenig-45-cm\/","title":{"rendered":"BLAZE GLASS Beakerbong &#8216;Erlk\u00f6nig&#8217; | 45 cm"},"content":{"rendered":"<div>\n<h2>Blaze Glass Beakerbong in K\u00f6nigsblau<\/h2>\n<p>Der &#8216;Erlk\u00f6nig&#8217; von Blaze Glass ist aus blauem oder in schwarzem Borosilikatglas hergestellt. Der Rauch wird durch den Glaskopf in das Chillum das 6 Diffusorschlitze besitzt geleitet, wodurch der Rauch schon das erste Mal vork\u00fchlt. Das Blaze&#8217; Logo befindet sich auf dem Adapter und auf dem Glaskopf mit integriertem Glassieb und Griff, der gleichzeitig als Rollstop dient.<\/p>\n<p>Das silberne Logo von \u2018Blaze\u2018 prankt auf dem Zugrohr. Die Wandst\u00e4rke von 5mm gibt der Wasserpfeife die notwendige Robustheit.<\/p>\n<\/div>\n<div>Das Kickloch ist Standardm\u00e4\u00dfig mit einem Silikonstopfen versehen.<\/div>\n<div><\/div>\n<div><span style=\"font-size: 20.16px;\">\u00dcber Blaze Glass:<\/span><\/div>\n<div>\n<div>\n<p>Blaze-Glass-Bongs sind aus spannungsfreiem 3.1-Borosilikatglas (vergleichbar mit Duranglas) h\u00f6chster G\u00fcteklasse gefertigt. Mindestens 5 mm Wandst\u00e4rke machen eine Wasserpfeife robust.<br \/>\nWir verwenden extrem passgenaue Normschliffe in 14,5 bzw. 18,8 mm. Je nach Bong-Geometrie kommen normale Schliffe, verst\u00e4rkte Schliffe und bi-stabile Schliffe (doppelte Wand) in unseren Produkten zum Einsatz.<\/p>\n<\/div>\n<\/div>\n","protected":false},"excerpt":{"rendered":"<p>Blaze Glass Beakerbong in K\u00f6nigsblau Der &#8216;Erlk\u00f6nig&#8217; von Blaze Glass ist aus blauem oder in schwarzem Borosilikatglas hergestellt. Der Rauch<\/p>\n","protected":false},"featured_media":28979,"comment_status":"open","ping_status":"open","template":"","meta":{"_acf_changed":false},"product_cat":[2514,2545,2459,2523,2515,2635,2506,2463],"product_tag":[2547],"acf":[],"_links":{"self":[{"href":"https:\/\/donaulife-new.ogrisdigital.at\/fi\/wp-json\/wp\/v2\/product\/52482"}],"collection":[{"href":"https:\/\/donaulife-new.ogrisdigital.at\/fi\/wp-json\/wp\/v2\/product"}],"about":[{"href":"https:\/\/donaulife-new.ogrisdigital.at\/fi\/wp-json\/wp\/v2\/types\/product"}],"replies":[{"embeddable":true,"href":"https:\/\/donaulife-new.ogrisdigital.at\/fi\/wp-json\/wp\/v2\/comments?post=52482"}],"wp:featuredmedia":[{"embeddable":true,"href":"https:\/\/donaulife-new.ogrisdigital.at\/fi\/wp-json\/wp\/v2\/media\/28979"}],"wp:attachment":[{"href":"https:\/\/donaulife-new.ogrisdigital.at\/fi\/wp-json\/wp\/v2\/media?parent=52482"}],"wp:term":[{"taxonomy":"product_cat","embeddable":true,"href":"https:\/\/donaulife-new.ogrisdigital.at\/fi\/wp-json\/wp\/v2\/product_cat?post=52482"},{"taxonomy":"product_tag","embeddable":true,"href":"https:\/\/donaulife-new.ogrisdigital.at\/fi\/wp-json\/wp\/v2\/product_tag?post=52482"}],"curies":[{"name":"wp","href":"https:\/\/api.w.org\/{rel}","templated":true}]}}