{"id":52480,"date":"2021-02-25T19:00:42","date_gmt":"2021-02-25T19:00:42","guid":{"rendered":"https:\/\/donaulife-new.ogrisdigital.at\/produkt\/black-leaf-vorkuehler-swiss-cheese-90-145145mm\/"},"modified":"2024-07-01T00:46:09","modified_gmt":"2024-07-01T00:46:09","slug":"black-leaf-vorkuehler-swiss-cheese-90-145145mm","status":"publish","type":"product","link":"https:\/\/donaulife-new.ogrisdigital.at\/fi\/black-leaf-vorkuehler-swiss-cheese-90-145145mm\/","title":{"rendered":"BLACK LEAF Vork\u00fchler &#8216;Extrem K\u00e4se&#8217; 90\u00b0 | 14,5>14,5mm"},"content":{"rendered":"<h2>Black Leaf Vork\u00fchler Swiss Cheese mit 90\u00b0 14,5 mm Schliff Ansatz<\/h2>\n<p>Mit dem Vork\u00fchler &#8216;Schweizer K\u00e4se&#8217; werden Schmutz- und Aschepartikel zuverl\u00e4ssig aus dem Rauch herausgefiltert und dieser zugleich abgek\u00fchlt. Dadurch wird die Lunge weniger belastet und die Mundh\u00f6hle und Zunge weniger gereizt, der Rauch schmeckt aromatischer und der Genuss wird gesteigert!<\/p>\n<p>M\u00f6glich machen dies die K\u00e4sel\u00f6cher. Durch diesen vertikalen Swiss-Perkolator wird der Luftstrom senkrecht verwirbelt, was wiederum f\u00fcr eine effektive Vork\u00fchlung sorgt.\u00a0 Der Vork\u00fchler von &#8216;Black Leaf&#8217; passt auf Bongs mit NS 14 Schliff. Dank der kleinen Standf\u00fc\u00dfchen l\u00e4sst sich der Vork\u00fchler aufrecht hinstellen. Achtung: K\u00f6pfchen ist im Lieferumfang nicht enthalten!<\/p>\n<h3>\u00dcber Black Leaf:<\/h3>\n<p>In Weed We Trust ? Smoking\u00a0<em>Paraphernalia<\/em> seit 1988: Bongs, Pfeifen, Vaporizer, Grinder, Dabbing Zubeh\u00f6r, Paper &amp; Filter, Lifestyle Produkte. Es gibt viele Innovative Produkte der Marke die auch die ein oder andere Weltneuheit erschaffen haben. Im Shop bieten wir von allen Produkten die beste Auswahl.<\/p>\n","protected":false},"excerpt":{"rendered":"<p>Black Leaf Vork\u00fchler Swiss Cheese mit 90\u00b0 14,5 mm Schliff Ansatz Mit dem Vork\u00fchler &#8216;Schweizer K\u00e4se&#8217; werden Schmutz- und Aschepartikel<\/p>\n","protected":false},"featured_media":28969,"comment_status":"open","ping_status":"open","template":"","meta":{"_acf_changed":false},"product_cat":[2592,2459,2582,2460],"product_tag":[2521],"acf":[],"_links":{"self":[{"href":"https:\/\/donaulife-new.ogrisdigital.at\/fi\/wp-json\/wp\/v2\/product\/52480"}],"collection":[{"href":"https:\/\/donaulife-new.ogrisdigital.at\/fi\/wp-json\/wp\/v2\/product"}],"about":[{"href":"https:\/\/donaulife-new.ogrisdigital.at\/fi\/wp-json\/wp\/v2\/types\/product"}],"replies":[{"embeddable":true,"href":"https:\/\/donaulife-new.ogrisdigital.at\/fi\/wp-json\/wp\/v2\/comments?post=52480"}],"wp:featuredmedia":[{"embeddable":true,"href":"https:\/\/donaulife-new.ogrisdigital.at\/fi\/wp-json\/wp\/v2\/media\/28969"}],"wp:attachment":[{"href":"https:\/\/donaulife-new.ogrisdigital.at\/fi\/wp-json\/wp\/v2\/media?parent=52480"}],"wp:term":[{"taxonomy":"product_cat","embeddable":true,"href":"https:\/\/donaulife-new.ogrisdigital.at\/fi\/wp-json\/wp\/v2\/product_cat?post=52480"},{"taxonomy":"product_tag","embeddable":true,"href":"https:\/\/donaulife-new.ogrisdigital.at\/fi\/wp-json\/wp\/v2\/product_tag?post=52480"}],"curies":[{"name":"wp","href":"https:\/\/api.w.org\/{rel}","templated":true}]}}