{"id":52475,"date":"2021-02-25T18:02:23","date_gmt":"2021-02-25T18:02:23","guid":{"rendered":"https:\/\/donaulife-new.ogrisdigital.at\/produkt\/hash-press-pollenpresse-versch-groessen\/"},"modified":"2024-07-01T00:46:05","modified_gmt":"2024-07-01T00:46:05","slug":"hash-press-pollenpresse-versch-groessen","status":"publish","type":"product","link":"https:\/\/donaulife-new.ogrisdigital.at\/fi\/hash-press-pollenpresse-versch-groessen\/","title":{"rendered":"HASH PRESS Pollenpresse | S &#8211; L"},"content":{"rendered":"<h2>Hash Presse Pollenpresse aus Edelstahl<\/h2>\n<p>Die sehr robuste, drei-teilige Pollenpresse aus verchromten Stahl hat innen einen schweren, durchg\u00e4ngigen Bolzen. Einfach die Stahlpresse mit dem Stahlstopfen auf eine feste Oberfl\u00e4che stellen, das Material einf\u00fcllen, Bolzen einf\u00fchren und mit einem Hammer auf das Bolzenende schlagen \u2013 fertig!<\/p>\n<p>Die passgenauen drei Teile der Handpresse lassen sich leicht auseinander nehmen und reinigen.<\/p>\n<p>S: L\u00e4nge 85 mm<br \/>\nM: L\u00e4nge 100 mm<br \/>\nL: L\u00e4nge 117 mm<\/p>\n","protected":false},"excerpt":{"rendered":"<p>Hash Presse Pollenpresse aus Edelstahl Die sehr robuste, drei-teilige Pollenpresse aus verchromten Stahl hat innen einen schweren, durchg\u00e4ngigen Bolzen. Einfach<\/p>\n","protected":false},"featured_media":28943,"comment_status":"open","ping_status":"open","template":"","meta":{"_acf_changed":false},"product_cat":[2566,2451,3315],"product_tag":[],"acf":[],"_links":{"self":[{"href":"https:\/\/donaulife-new.ogrisdigital.at\/fi\/wp-json\/wp\/v2\/product\/52475"}],"collection":[{"href":"https:\/\/donaulife-new.ogrisdigital.at\/fi\/wp-json\/wp\/v2\/product"}],"about":[{"href":"https:\/\/donaulife-new.ogrisdigital.at\/fi\/wp-json\/wp\/v2\/types\/product"}],"replies":[{"embeddable":true,"href":"https:\/\/donaulife-new.ogrisdigital.at\/fi\/wp-json\/wp\/v2\/comments?post=52475"}],"wp:featuredmedia":[{"embeddable":true,"href":"https:\/\/donaulife-new.ogrisdigital.at\/fi\/wp-json\/wp\/v2\/media\/28943"}],"wp:attachment":[{"href":"https:\/\/donaulife-new.ogrisdigital.at\/fi\/wp-json\/wp\/v2\/media?parent=52475"}],"wp:term":[{"taxonomy":"product_cat","embeddable":true,"href":"https:\/\/donaulife-new.ogrisdigital.at\/fi\/wp-json\/wp\/v2\/product_cat?post=52475"},{"taxonomy":"product_tag","embeddable":true,"href":"https:\/\/donaulife-new.ogrisdigital.at\/fi\/wp-json\/wp\/v2\/product_tag?post=52475"}],"curies":[{"name":"wp","href":"https:\/\/api.w.org\/{rel}","templated":true}]}}