{"id":52425,"date":"2021-02-04T10:56:20","date_gmt":"2021-02-04T10:56:20","guid":{"rendered":"https:\/\/donaulife-new.ogrisdigital.at\/produkt\/illex-hand-bubbler-big-shot-75-cm\/"},"modified":"2024-07-01T00:45:33","modified_gmt":"2024-07-01T00:45:33","slug":"illex-hand-bubbler-big-shot-75-cm","status":"publish","type":"product","link":"https:\/\/donaulife-new.ogrisdigital.at\/fi\/illex-hand-bubbler-big-shot-75-cm\/","title":{"rendered":"ILLEX Glasbong &#8216;Big Shot&#8217; | 75 cm"},"content":{"rendered":"<h2>Illex Eisbong mit 75 cm<\/h2>\n<p>Die Illex Glasbong &#8216;Big Shot&#8217; besitzt einen Rundfu\u00df f\u00fcr Standfesten Gebrauch, einen schwarzen Illex Aufdruck und ein fettes 75cm Rohr. Mit dieser Gr\u00f6\u00dfe ist die Bong unter den gro\u00dfen Modellen einzuordnen und nichts f\u00fcr Anf\u00e4nger. Das Chillum steckt in einem 18,8 mm Schliff und hat den Kopf eingebaut. Ein Kickloch ist ebenso vorhanden.<\/p>\n<h3>\u00dcber Illex:<\/h3>\n<p>Langweilig? Bestimmt nicht mit den Modellen von Illex. Die Glaswaren des Herstellers kommen mit coolen klaren Designs daher, mit oder ohne Eisfach oder in Farbe aber garantiert immer g\u00fcnstig und zuverl\u00e4ssig. Nat\u00fcrlich gibts auch geiles Zubeh\u00f6r zum Spitzenpreis.<\/p>\n","protected":false},"excerpt":{"rendered":"<p>Illex Eisbong mit 75 cm Die Illex Glasbong &#8216;Big Shot&#8217; besitzt einen Rundfu\u00df f\u00fcr Standfesten Gebrauch, einen schwarzen Illex Aufdruck<\/p>\n","protected":false},"featured_media":28651,"comment_status":"open","ping_status":"open","template":"","meta":{"_acf_changed":false},"product_cat":[2514,2459,2510,2464,2515,2506,2463],"product_tag":[2474,2466],"acf":[],"_links":{"self":[{"href":"https:\/\/donaulife-new.ogrisdigital.at\/fi\/wp-json\/wp\/v2\/product\/52425"}],"collection":[{"href":"https:\/\/donaulife-new.ogrisdigital.at\/fi\/wp-json\/wp\/v2\/product"}],"about":[{"href":"https:\/\/donaulife-new.ogrisdigital.at\/fi\/wp-json\/wp\/v2\/types\/product"}],"replies":[{"embeddable":true,"href":"https:\/\/donaulife-new.ogrisdigital.at\/fi\/wp-json\/wp\/v2\/comments?post=52425"}],"wp:featuredmedia":[{"embeddable":true,"href":"https:\/\/donaulife-new.ogrisdigital.at\/fi\/wp-json\/wp\/v2\/media\/28651"}],"wp:attachment":[{"href":"https:\/\/donaulife-new.ogrisdigital.at\/fi\/wp-json\/wp\/v2\/media?parent=52425"}],"wp:term":[{"taxonomy":"product_cat","embeddable":true,"href":"https:\/\/donaulife-new.ogrisdigital.at\/fi\/wp-json\/wp\/v2\/product_cat?post=52425"},{"taxonomy":"product_tag","embeddable":true,"href":"https:\/\/donaulife-new.ogrisdigital.at\/fi\/wp-json\/wp\/v2\/product_tag?post=52425"}],"curies":[{"name":"wp","href":"https:\/\/api.w.org\/{rel}","templated":true}]}}