{"id":52418,"date":"2021-02-03T11:20:44","date_gmt":"2021-02-03T11:20:44","guid":{"rendered":"https:\/\/donaulife-new.ogrisdigital.at\/produkt\/insomnia-glasbong-gold-edition-gold-shot-45-cm\/"},"modified":"2025-01-15T07:12:09","modified_gmt":"2025-01-15T07:12:09","slug":"insomnia-glasbong-gold-edition-gold-shot-45-cm","status":"publish","type":"product","link":"https:\/\/donaulife-new.ogrisdigital.at\/fi\/insomnia-glasbong-gold-edition-gold-shot-45-cm\/","title":{"rendered":"INSOMNIA Glasbong Gold Edition &#8216;Gold Shot&#8217; | 45 cm"},"content":{"rendered":"<h2>Insomnia Gold Edition mit 45 cm<\/h2>\n<p>Die Glasbong &#8216;Ice Storm&#8217; von Insomnia besitzt einen goldenen Insomnia Aufdruck und Eiszacken um Sie bis oben voll mit Eisw\u00fcrfeln zu f\u00fcllen. Das Goldst\u00fcck besitzt einen 18,8 mm Schliff und ist mit einer H\u00f6he von 45 cm im mittleren Gr\u00f6\u00dfenbereich.<\/p>\n<p>Zus\u00e4tzlich ist die Bong mit einem dazu passenden 18,8 mm K\u00f6pfchen ausgestattet. Ein Kickloch ist ebenso vorhanden.<\/p>\n<h3>\u00dcber Insomnia:<\/h3>\n<p>Schalflos? Bestimmt nicht mit den Modellen von Insomnia. Die Glaswaren des Herstellers kommen mit coolen Sandgestrahlten Designs daher, mit oder ohne Eisfach aber garantiert immer g\u00fcnstig und zuverl\u00e4ssig.<\/p>\n","protected":false},"excerpt":{"rendered":"<p>Insomnia Gold Edition mit 45 cm Die Glasbong &#8216;Ice Storm&#8217; von Insomnia besitzt einen goldenen Insomnia Aufdruck und Eiszacken um<\/p>\n","protected":false},"featured_media":28596,"comment_status":"open","ping_status":"open","template":"","meta":{"_acf_changed":false},"product_cat":[2514,2459,2507,2467,2523,2515,2635,2506,2463],"product_tag":[2474,2466],"acf":[],"_links":{"self":[{"href":"https:\/\/donaulife-new.ogrisdigital.at\/fi\/wp-json\/wp\/v2\/product\/52418"}],"collection":[{"href":"https:\/\/donaulife-new.ogrisdigital.at\/fi\/wp-json\/wp\/v2\/product"}],"about":[{"href":"https:\/\/donaulife-new.ogrisdigital.at\/fi\/wp-json\/wp\/v2\/types\/product"}],"replies":[{"embeddable":true,"href":"https:\/\/donaulife-new.ogrisdigital.at\/fi\/wp-json\/wp\/v2\/comments?post=52418"}],"wp:featuredmedia":[{"embeddable":true,"href":"https:\/\/donaulife-new.ogrisdigital.at\/fi\/wp-json\/wp\/v2\/media\/28596"}],"wp:attachment":[{"href":"https:\/\/donaulife-new.ogrisdigital.at\/fi\/wp-json\/wp\/v2\/media?parent=52418"}],"wp:term":[{"taxonomy":"product_cat","embeddable":true,"href":"https:\/\/donaulife-new.ogrisdigital.at\/fi\/wp-json\/wp\/v2\/product_cat?post=52418"},{"taxonomy":"product_tag","embeddable":true,"href":"https:\/\/donaulife-new.ogrisdigital.at\/fi\/wp-json\/wp\/v2\/product_tag?post=52418"}],"curies":[{"name":"wp","href":"https:\/\/api.w.org\/{rel}","templated":true}]}}