{"id":52345,"date":"2020-12-28T15:51:46","date_gmt":"2020-12-28T15:51:46","guid":{"rendered":"https:\/\/donaulife-new.ogrisdigital.at\/produkt\/actitube-aktivkohle-lose-335ml\/"},"modified":"2025-01-15T07:12:17","modified_gmt":"2025-01-15T07:12:17","slug":"actitube-aktivkohle-lose-335ml","status":"publish","type":"product","link":"https:\/\/donaulife-new.ogrisdigital.at\/fi\/actitube-aktivkohle-lose-335ml\/","title":{"rendered":"ACTITUBE Aktivkohle lose | 335ml"},"content":{"rendered":"<h2>Actitube Aktivkohle 335ml<\/h2>\n<p>Steigere deinen Rauchgenuss mit Aktivkohle!<\/p>\n<p>Aktivkohle ist in der Lage einen gro\u00dfen Anteil der sch\u00e4dlichen Stoffe aus dem Rauch zu filtern. Dabei bleiben die sch\u00e4dlichen Stoffe an der Kohle haften und k\u00f6nnen beim Wechsel des Filter gemeinsam entsorgt werden. Ein durchaus n\u00fctzlicher Nebeneffekt ist, dass der Rauch dadurch angenehm mild zu inhalieren wird, ohne dass dabei die Wirkung verloren geht.<\/p>\n<p>Vorteile von Aktivkohle:<\/p>\n<p>&#8211; deine Lunge wird weniger belastet<br \/>\n&#8211; die Pfeife oder Bong bleibt l\u00e4nger sauber<br \/>\n&#8211; besserer Geschmack<br \/>\n&#8211; Pur-Rauchen ist mit Aktivkohlefilter einfacher<\/p>\n<h3>\u00dcber Actitube:<\/h3>\n<p>1998 bekam der actiTube Gr\u00fcnder von einem befreundetem Mediziner den Tipp, den Rauch der Wasserpfeife durch Aktivkohle zu filtern um die Belastung der Atemwege zu reduzieren. Noch am selben Abend wurden erste Versuche mit einer Aktivkohle gefilterten Bong gemacht. Anfangs noch sehr kritisch, da er den Verlust von THC bef\u00fcrchtete, war er zwei Jahre sp\u00e4ter von den Vorz\u00fcgen der Filtration restlos \u00fcberzeugt. So kam die Idee, allen Freunden des Hanfgenusses einen die Schadstoffe verringernden und geschmacksverbessernden Filter anzubieten.<\/p>\n","protected":false},"excerpt":{"rendered":"<p>Actitube Aktivkohle 335ml Steigere deinen Rauchgenuss mit Aktivkohle! Aktivkohle ist in der Lage einen gro\u00dfen Anteil der sch\u00e4dlichen Stoffe aus<\/p>\n","protected":false},"featured_media":28226,"comment_status":"open","ping_status":"open","template":"","meta":{"_acf_changed":false},"product_cat":[2651,2785,2652,2489,2459,2499,2451,2917,2460],"product_tag":[2653],"acf":[],"_links":{"self":[{"href":"https:\/\/donaulife-new.ogrisdigital.at\/fi\/wp-json\/wp\/v2\/product\/52345"}],"collection":[{"href":"https:\/\/donaulife-new.ogrisdigital.at\/fi\/wp-json\/wp\/v2\/product"}],"about":[{"href":"https:\/\/donaulife-new.ogrisdigital.at\/fi\/wp-json\/wp\/v2\/types\/product"}],"replies":[{"embeddable":true,"href":"https:\/\/donaulife-new.ogrisdigital.at\/fi\/wp-json\/wp\/v2\/comments?post=52345"}],"wp:featuredmedia":[{"embeddable":true,"href":"https:\/\/donaulife-new.ogrisdigital.at\/fi\/wp-json\/wp\/v2\/media\/28226"}],"wp:attachment":[{"href":"https:\/\/donaulife-new.ogrisdigital.at\/fi\/wp-json\/wp\/v2\/media?parent=52345"}],"wp:term":[{"taxonomy":"product_cat","embeddable":true,"href":"https:\/\/donaulife-new.ogrisdigital.at\/fi\/wp-json\/wp\/v2\/product_cat?post=52345"},{"taxonomy":"product_tag","embeddable":true,"href":"https:\/\/donaulife-new.ogrisdigital.at\/fi\/wp-json\/wp\/v2\/product_tag?post=52345"}],"curies":[{"name":"wp","href":"https:\/\/api.w.org\/{rel}","templated":true}]}}