{"id":52335,"date":"2020-12-23T08:03:16","date_gmt":"2020-12-23T08:03:16","guid":{"rendered":"https:\/\/donaulife-new.ogrisdigital.at\/produkt\/doobiewood-amaranth-wood-tip-o-59mm\/"},"modified":"2024-07-01T00:44:37","modified_gmt":"2024-07-01T00:44:37","slug":"doobiewood-amaranth-wood-tip-o-59mm","status":"publish","type":"product","link":"https:\/\/donaulife-new.ogrisdigital.at\/fi\/doobiewood-amaranth-wood-tip-o-59mm\/","title":{"rendered":"DOOBIEWOOD Holz Tip | \u00d8 5,9mm"},"content":{"rendered":"<h2>Doobiewood Holz Tip in unterschiedlichen Holzarten<\/h2>\n<p>Der doobiewood\u00ae ist ein Adapter zwischen Selbstgerdrehten und 5,9 mm Aktivkohlefiltern (XTRA Slim Size). Seine konisch zulaufende Bohrung an der Vorderseite erm\u00f6glicht das Einsetzen von Joints verschiedener Gr\u00f6\u00dfen, w\u00e4hrend die Bohrung an der R\u00fcckseite einen festen Sitz f\u00fcr Aktivkohlefilter garantiert. Das auf der Au\u00dfenfl\u00e4che aufgetragene \u00d6l sch\u00fctzt vor Feuchtigkeit und anderen \u00e4u\u00dferen Einfl\u00fcssen.<\/p>\n<p>Das Unternehmen setzt bei Ihren doobiewoods auf Amerikanischen Nussbaum \u2013 ein strapazierf\u00e4higes und formstabiles Edelholz aus dem Norden der USA. Au\u00dferdem kann auch noch zwischen Amaranth Holz und Zebra Holz gew\u00e4hlt werden.<\/p>\n<p>Zusammen mit Flyer, Sticker, Pfeifenreiniger und drei Aktivkohlefiltern ist der doobiewood in einem Zuziehbeutel aus Baumwolle verpackt.<\/p>\n<div><b>Vorteile:<\/b><\/div>\n<div>\n<ul>\n<li>Holz Tip<\/li>\n<li>organisch<\/li>\n<li>passend zu unseren Aktivkohlefiltern slim 6mm<\/li>\n<\/ul>\n<\/div>\n<h3>\u00dcber Dobbiewood:<\/h3>\n<p>Doobiewood ist ein kleines Start-Up im Herzen des Ruhrgebiets. Hinter doobiewood\u00ae stecken wir, Tristan und Felix. Mit Anfang 20 haben wir unser eigenes Unternehmen gegr\u00fcndet. Felix kommt beruflich aus dem Holz-Handwerk, Tristan aus der Fotografie und dem kreativen Bereich. Gemeinsam entwickeln wir Raucherzubeh\u00f6r aus nachhaltigen Materialien, fair und lokal produziert. Unser Aush\u00e4ngeschild ist der doobiewood\u00ae. In einer familienbetriebenen Schreinerei wird er nach hohen Qualit\u00e4tsstandards fair und lokal produziert. Jeder doobiewood\u00ae ist ein Unikat.<\/p>\n","protected":false},"excerpt":{"rendered":"<p>Doobiewood Holz Tip in unterschiedlichen Holzarten Der doobiewood\u00ae ist ein Adapter zwischen Selbstgerdrehten und 5,9 mm Aktivkohlefiltern (XTRA Slim Size).<\/p>\n","protected":false},"featured_media":28173,"comment_status":"open","ping_status":"open","template":"","meta":{"_acf_changed":false},"product_cat":[2499,2451],"product_tag":[],"acf":[],"_links":{"self":[{"href":"https:\/\/donaulife-new.ogrisdigital.at\/fi\/wp-json\/wp\/v2\/product\/52335"}],"collection":[{"href":"https:\/\/donaulife-new.ogrisdigital.at\/fi\/wp-json\/wp\/v2\/product"}],"about":[{"href":"https:\/\/donaulife-new.ogrisdigital.at\/fi\/wp-json\/wp\/v2\/types\/product"}],"replies":[{"embeddable":true,"href":"https:\/\/donaulife-new.ogrisdigital.at\/fi\/wp-json\/wp\/v2\/comments?post=52335"}],"wp:featuredmedia":[{"embeddable":true,"href":"https:\/\/donaulife-new.ogrisdigital.at\/fi\/wp-json\/wp\/v2\/media\/28173"}],"wp:attachment":[{"href":"https:\/\/donaulife-new.ogrisdigital.at\/fi\/wp-json\/wp\/v2\/media?parent=52335"}],"wp:term":[{"taxonomy":"product_cat","embeddable":true,"href":"https:\/\/donaulife-new.ogrisdigital.at\/fi\/wp-json\/wp\/v2\/product_cat?post=52335"},{"taxonomy":"product_tag","embeddable":true,"href":"https:\/\/donaulife-new.ogrisdigital.at\/fi\/wp-json\/wp\/v2\/product_tag?post=52335"}],"curies":[{"name":"wp","href":"https:\/\/api.w.org\/{rel}","templated":true}]}}