{"id":52311,"date":"2020-12-16T11:45:57","date_gmt":"2020-12-16T11:45:57","guid":{"rendered":"https:\/\/donaulife-new.ogrisdigital.at\/produkt\/ona-spray-card-apple-crumble-12ml\/"},"modified":"2024-07-01T00:44:27","modified_gmt":"2024-07-01T00:44:27","slug":"ona-spray-card-apple-crumble-12ml","status":"publish","type":"product","link":"https:\/\/donaulife-new.ogrisdigital.at\/fi\/ona-spray-card-apple-crumble-12ml\/","title":{"rendered":"ONA Spray Card &#8216;Apple Crumble&#8217; | 12ml"},"content":{"rendered":"<p>Die kompakte Spray Card ist Dein Odor Neutralising Agent f\u00fcr unterwegs. Du kannst sie bequem und diskret transportieren und hast schnellen Zugriff auf Geruchsneutralisation, wenn es darauf ankommt. Die Karte passt sogar ins Portemonnaie! Die Spray Card beinhaltet 12ml ONA Fl\u00fcssigkeit, welche umweltfreundlich, ungef\u00e4hrlich und auf Basis von \u00e4therischen \u00d6len hergestellt wird.<br \/>\nPerfekt geeignet f\u00fcr die Neutralisation von Rauchgeruch oder anderen unerw\u00fcnschten Ger\u00fcchen.<\/p>\n<p><strong>Vorteile:<\/strong><\/p>\n<ul>\n<li>schnelle Geruchsneutralisation<\/li>\n<li>klein &amp; handlich<\/li>\n<\/ul>\n<h3>Anwendung<\/h3>\n<p>ONA Spray mit ein bis zwei spr\u00fchst\u00f6ssen im Raum verteilen. Frische Luft genie\u00dfen.<\/p>\n<h3>\u00dcber Ona<\/h3>\n<p>Odorchem Manufacturing Corp. liegt an der Westk\u00fcste Canadas und vertreibt Geruchsneutralisierer seit 1995. Der Schl\u00fcssel zum Erfolg liegt bei Ona darin einfach Produkte mit Herzblut zu entwickeln die perfekt funktionieren egal welcher Trend auch kommen mag.<\/p>\n","protected":false},"excerpt":{"rendered":"<p>Die kompakte Spray Card ist Dein Odor Neutralising Agent f\u00fcr unterwegs. Du kannst sie bequem und diskret transportieren und hast<\/p>\n","protected":false},"featured_media":27990,"comment_status":"open","ping_status":"open","template":"","meta":{"_acf_changed":false},"product_cat":[3078,3075],"product_tag":[],"acf":[],"_links":{"self":[{"href":"https:\/\/donaulife-new.ogrisdigital.at\/fi\/wp-json\/wp\/v2\/product\/52311"}],"collection":[{"href":"https:\/\/donaulife-new.ogrisdigital.at\/fi\/wp-json\/wp\/v2\/product"}],"about":[{"href":"https:\/\/donaulife-new.ogrisdigital.at\/fi\/wp-json\/wp\/v2\/types\/product"}],"replies":[{"embeddable":true,"href":"https:\/\/donaulife-new.ogrisdigital.at\/fi\/wp-json\/wp\/v2\/comments?post=52311"}],"wp:featuredmedia":[{"embeddable":true,"href":"https:\/\/donaulife-new.ogrisdigital.at\/fi\/wp-json\/wp\/v2\/media\/27990"}],"wp:attachment":[{"href":"https:\/\/donaulife-new.ogrisdigital.at\/fi\/wp-json\/wp\/v2\/media?parent=52311"}],"wp:term":[{"taxonomy":"product_cat","embeddable":true,"href":"https:\/\/donaulife-new.ogrisdigital.at\/fi\/wp-json\/wp\/v2\/product_cat?post=52311"},{"taxonomy":"product_tag","embeddable":true,"href":"https:\/\/donaulife-new.ogrisdigital.at\/fi\/wp-json\/wp\/v2\/product_tag?post=52311"}],"curies":[{"name":"wp","href":"https:\/\/api.w.org\/{rel}","templated":true}]}}