{"id":52300,"date":"2020-12-10T16:43:16","date_gmt":"2020-12-10T16:43:16","guid":{"rendered":"https:\/\/donaulife-new.ogrisdigital.at\/produkt\/blaze-glass-eisbong-der-mechaniker-455-cm\/"},"modified":"2024-07-01T00:44:18","modified_gmt":"2024-07-01T00:44:18","slug":"blaze-glass-eisbong-der-mechaniker-455-cm","status":"publish","type":"product","link":"https:\/\/donaulife-new.ogrisdigital.at\/fi\/blaze-glass-eisbong-der-mechaniker-455-cm\/","title":{"rendered":"BLAZE GLASS Eisbong &#8216;Der Mechaniker&#8217; | 45 cm"},"content":{"rendered":"<h2>Blaze Glass Eisbong im Zahnrad Design<\/h2>\n<p>Was als erstes bei der &#8216;Gear&#8217;-Bong von &#8216;Blaze Glass&#8217; auff\u00e4llt, ist der neuartige, markenrechtlich gesch\u00fctzte Bongfu\u00df in Form eines doppelten Zahnrads. Der massive Glasfu\u00df sieht nicht nur interessant aus, sondern verleiht der Icebong absolute Standfestigkeit.<\/p>\n<p>Dass die zylinderf\u00f6rmige Wasserpfeife wie ein Fels in der Brandung erscheint, liegt zus\u00e4tzlich auch noch an der fetten Wandst\u00e4rke von 7mm. Dadurch ist die Bong aus Borosilikatglas wirklich mehr als robust. Den besonderen, raffinierten Look erh\u00e4lt die &#8216;Gear&#8217; durch das extravagante, perfekt zum Zahnradfu\u00df passende, sechskantige Glasrohr. Dieses l\u00e4sst das gef\u00e4rbte und irisierende Glas besonders ausdrucksstark in Regenbogenfarben mit Metalliceffekt schimmern.<\/p>\n<p>Ausgestattet ist die eindrucksvolle Zylinderbong mit einem Schlitzdiffusor-Adapter und Lift-off-Kr\u00e4uterkopf, hat aber f\u00fcr alle Kicklochfans auch ein solches. Das Kickloch kann f\u00fcr die Lifter und f\u00fcr eine leichtere Reinigung mit dem beiliegendem Stopfen fest verschlossen werden. Da die Dornen der Icekammer sehr tief liegen, passen jede Menge Eisw\u00fcrfel hinein &#8211; f\u00fcr unz\u00e4hlige coole, unkratzige Hits.<\/p>\n<div><span style=\"font-size: 20.16px;\">\u00dcber Blaze Glass:<\/span><\/div>\n<div>\n<div>\n<p>Blaze-Glass-Bongs sind aus spannungsfreiem 3.1-Borosilikatglas (vergleichbar mit Duranglas) h\u00f6chster G\u00fcteklasse gefertigt. Mindestens 5 mm Wandst\u00e4rke machen eine Wasserpfeife robust.<br \/>\nWir verwenden extrem passgenaue Normschliffe in 14,5 bzw. 18,8 mm. Je nach Bong-Geometrie kommen normale Schliffe, verst\u00e4rkte Schliffe und bi-stabile Schliffe (doppelte Wand) in unseren Produkten zum Einsatz.<\/p>\n<\/div>\n<\/div>\n","protected":false},"excerpt":{"rendered":"<p>Blaze Glass Eisbong im Zahnrad Design Was als erstes bei der &#8216;Gear&#8217;-Bong von &#8216;Blaze Glass&#8217; auff\u00e4llt, ist der neuartige, markenrechtlich<\/p>\n","protected":false},"featured_media":27915,"comment_status":"open","ping_status":"open","template":"","meta":{"_acf_changed":false},"product_cat":[2514,2545,2459,2510,2523,2515,2506,2463],"product_tag":[2547],"acf":[],"_links":{"self":[{"href":"https:\/\/donaulife-new.ogrisdigital.at\/fi\/wp-json\/wp\/v2\/product\/52300"}],"collection":[{"href":"https:\/\/donaulife-new.ogrisdigital.at\/fi\/wp-json\/wp\/v2\/product"}],"about":[{"href":"https:\/\/donaulife-new.ogrisdigital.at\/fi\/wp-json\/wp\/v2\/types\/product"}],"replies":[{"embeddable":true,"href":"https:\/\/donaulife-new.ogrisdigital.at\/fi\/wp-json\/wp\/v2\/comments?post=52300"}],"wp:featuredmedia":[{"embeddable":true,"href":"https:\/\/donaulife-new.ogrisdigital.at\/fi\/wp-json\/wp\/v2\/media\/27915"}],"wp:attachment":[{"href":"https:\/\/donaulife-new.ogrisdigital.at\/fi\/wp-json\/wp\/v2\/media?parent=52300"}],"wp:term":[{"taxonomy":"product_cat","embeddable":true,"href":"https:\/\/donaulife-new.ogrisdigital.at\/fi\/wp-json\/wp\/v2\/product_cat?post=52300"},{"taxonomy":"product_tag","embeddable":true,"href":"https:\/\/donaulife-new.ogrisdigital.at\/fi\/wp-json\/wp\/v2\/product_tag?post=52300"}],"curies":[{"name":"wp","href":"https:\/\/api.w.org\/{rel}","templated":true}]}}