{"id":52222,"date":"2020-10-09T11:15:01","date_gmt":"2020-10-09T11:15:01","guid":{"rendered":"https:\/\/donaulife-new.ogrisdigital.at\/produkt\/jcase-carb-cap-spectrum\/"},"modified":"2024-07-01T00:43:28","modified_gmt":"2024-07-01T00:43:28","slug":"jcase-carb-cap-spectrum","status":"publish","type":"product","link":"https:\/\/donaulife-new.ogrisdigital.at\/fi\/jcase-carb-cap-spectrum\/","title":{"rendered":"JCASE Carb Cap &#8216;Spectrum&#8217;"},"content":{"rendered":"<h3>HANDGEBLASEN<\/h3>\n<p>Durch Fertigung per Hand wird h\u00f6chste Qualit\u00e4t garantiert. Professionelles Aush\u00e4rten der Carp Caps verhindert ungewollte Spannungen im Glas, welche zu leichtem Brechen des Produkts f\u00fchren k\u00f6nnen.<\/p>\n<h3>LABORGLAS<\/h3>\n<p>Hochwertiges Borosilikatglas mit dicker Wandst\u00e4rke sorgt f\u00fcr eine ordentliche Stabilit\u00e4t. Das Glas ist zudem sp\u00fclmaschinenfest und somit kinderleicht zu reinigen.<\/p>\n<h3>HITZEBEST\u00c4NDIG<\/h3>\n<p>Die Bubblecap h\u00e4lt Temperaturen von bis zu 500\u00b0C aus. Das macht sie universell einsetzbar egal ob Enail oder Bunsenbrenner.<\/p>\n<h3>KOMPATIBILIT\u00c4T<\/h3>\n<p>Der Durchmesser von 2,6cm passt optimal auf die meisten Banger. Durch die Ballform k\u00f6nnen Banger jedes kleineren Durchmesser verwendet werden.<\/p>\n<h3>LUFTSTROMSTEUERND<\/h3>\n<p>Durch die zwei \u00d6ffnungen und den besonders geformten Glask\u00f6rper kann der Luftstrom bei der Extraktverdampfung gesteuert werden. Dies sorgt f\u00fcr einen maximalen Wirkungsgrad des Dabs.<\/p>\n","protected":false},"excerpt":{"rendered":"<p>HANDGEBLASEN Durch Fertigung per Hand wird h\u00f6chste Qualit\u00e4t garantiert. Professionelles Aush\u00e4rten der Carp Caps verhindert ungewollte Spannungen im Glas, welche<\/p>\n","protected":false},"featured_media":27580,"comment_status":"open","ping_status":"closed","template":"","meta":{"_acf_changed":false},"product_cat":[3991,2549],"product_tag":[3256],"acf":[],"_links":{"self":[{"href":"https:\/\/donaulife-new.ogrisdigital.at\/fi\/wp-json\/wp\/v2\/product\/52222"}],"collection":[{"href":"https:\/\/donaulife-new.ogrisdigital.at\/fi\/wp-json\/wp\/v2\/product"}],"about":[{"href":"https:\/\/donaulife-new.ogrisdigital.at\/fi\/wp-json\/wp\/v2\/types\/product"}],"replies":[{"embeddable":true,"href":"https:\/\/donaulife-new.ogrisdigital.at\/fi\/wp-json\/wp\/v2\/comments?post=52222"}],"wp:featuredmedia":[{"embeddable":true,"href":"https:\/\/donaulife-new.ogrisdigital.at\/fi\/wp-json\/wp\/v2\/media\/27580"}],"wp:attachment":[{"href":"https:\/\/donaulife-new.ogrisdigital.at\/fi\/wp-json\/wp\/v2\/media?parent=52222"}],"wp:term":[{"taxonomy":"product_cat","embeddable":true,"href":"https:\/\/donaulife-new.ogrisdigital.at\/fi\/wp-json\/wp\/v2\/product_cat?post=52222"},{"taxonomy":"product_tag","embeddable":true,"href":"https:\/\/donaulife-new.ogrisdigital.at\/fi\/wp-json\/wp\/v2\/product_tag?post=52222"}],"curies":[{"name":"wp","href":"https:\/\/api.w.org\/{rel}","templated":true}]}}