{"id":52198,"date":"2020-10-01T10:29:16","date_gmt":"2020-10-01T10:29:16","guid":{"rendered":"https:\/\/donaulife-new.ogrisdigital.at\/produkt\/qnubu-california-safe-pack-pop-cone-schwarz\/"},"modified":"2024-07-01T00:43:13","modified_gmt":"2024-07-01T00:43:13","slug":"qnubu-california-safe-pack-pop-cone-schwarz","status":"publish","type":"product","link":"https:\/\/donaulife-new.ogrisdigital.at\/fi\/qnubu-california-safe-pack-pop-cone-schwarz\/","title":{"rendered":"QNUBU California Safe Pack Pop Cone schwarz"},"content":{"rendered":"<p>Qnubu California Pop Cones bieten die sicherste Option f\u00fcr das verpacken, frisch halten und mitnehmen deiner Jays. Sie sind im 115-mm-Format erh\u00e4ltlich.<br \/>\nDurch einfaches dr\u00fccken des oberen Teils kannst du die H\u00fclle leicht \u00f6ffnen und wieder verschlie\u00dfen, so dass deine Jays immer frisch bleiben und keine Ger\u00fcche nach au\u00dfen entstehen.<\/p>\n","protected":false},"excerpt":{"rendered":"<p>Qnubu California Pop Cones bieten die sicherste Option f\u00fcr das verpacken, frisch halten und mitnehmen deiner Jays. Sie sind im<\/p>\n","protected":false},"featured_media":27479,"comment_status":"open","ping_status":"closed","template":"","meta":{"_acf_changed":false},"product_cat":[2607,2451,3244],"product_tag":[3066],"acf":[],"_links":{"self":[{"href":"https:\/\/donaulife-new.ogrisdigital.at\/fi\/wp-json\/wp\/v2\/product\/52198"}],"collection":[{"href":"https:\/\/donaulife-new.ogrisdigital.at\/fi\/wp-json\/wp\/v2\/product"}],"about":[{"href":"https:\/\/donaulife-new.ogrisdigital.at\/fi\/wp-json\/wp\/v2\/types\/product"}],"replies":[{"embeddable":true,"href":"https:\/\/donaulife-new.ogrisdigital.at\/fi\/wp-json\/wp\/v2\/comments?post=52198"}],"wp:featuredmedia":[{"embeddable":true,"href":"https:\/\/donaulife-new.ogrisdigital.at\/fi\/wp-json\/wp\/v2\/media\/27479"}],"wp:attachment":[{"href":"https:\/\/donaulife-new.ogrisdigital.at\/fi\/wp-json\/wp\/v2\/media?parent=52198"}],"wp:term":[{"taxonomy":"product_cat","embeddable":true,"href":"https:\/\/donaulife-new.ogrisdigital.at\/fi\/wp-json\/wp\/v2\/product_cat?post=52198"},{"taxonomy":"product_tag","embeddable":true,"href":"https:\/\/donaulife-new.ogrisdigital.at\/fi\/wp-json\/wp\/v2\/product_tag?post=52198"}],"curies":[{"name":"wp","href":"https:\/\/api.w.org\/{rel}","templated":true}]}}