{"id":52156,"date":"2020-08-11T13:18:10","date_gmt":"2020-08-11T13:18:10","guid":{"rendered":"https:\/\/donaulife-new.ogrisdigital.at\/produkt\/four-twenty-flutschkopf-pink-lady-188-mm\/"},"modified":"2024-04-30T14:07:26","modified_gmt":"2024-04-30T14:07:26","slug":"four-twenty-flutschkopf-pink-lady-188-mm","status":"publish","type":"product","link":"https:\/\/donaulife-new.ogrisdigital.at\/fi\/four-twenty-flutschkopf-pink-lady-188-mm\/","title":{"rendered":"FOUR TWENTY Siebkopf  &#8216;Pink Lady&#8217; | 18,8 mm"},"content":{"rendered":"<p>Ein Bong Kopf vom Hersteller Four Twenty mit eingebautem Glas Sieb. Sehr praktisch und auch noch h\u00fcbsch. Ein kleiner sch\u00f6n geformter H\u00e4ngel hilft beim rausziehen und dient als Rollstop.<\/p>\n","protected":false},"excerpt":{"rendered":"<p>Ein Bong Kopf vom Hersteller Four Twenty mit eingebautem Glas Sieb. Sehr praktisch und auch noch h\u00fcbsch. Ein kleiner sch\u00f6n<\/p>\n","protected":false},"featured_media":27249,"comment_status":"open","ping_status":"closed","template":"","meta":{"_acf_changed":false},"product_cat":[2462,2459,2461,2460],"product_tag":[],"acf":[],"_links":{"self":[{"href":"https:\/\/donaulife-new.ogrisdigital.at\/fi\/wp-json\/wp\/v2\/product\/52156"}],"collection":[{"href":"https:\/\/donaulife-new.ogrisdigital.at\/fi\/wp-json\/wp\/v2\/product"}],"about":[{"href":"https:\/\/donaulife-new.ogrisdigital.at\/fi\/wp-json\/wp\/v2\/types\/product"}],"replies":[{"embeddable":true,"href":"https:\/\/donaulife-new.ogrisdigital.at\/fi\/wp-json\/wp\/v2\/comments?post=52156"}],"wp:featuredmedia":[{"embeddable":true,"href":"https:\/\/donaulife-new.ogrisdigital.at\/fi\/wp-json\/wp\/v2\/media\/27249"}],"wp:attachment":[{"href":"https:\/\/donaulife-new.ogrisdigital.at\/fi\/wp-json\/wp\/v2\/media?parent=52156"}],"wp:term":[{"taxonomy":"product_cat","embeddable":true,"href":"https:\/\/donaulife-new.ogrisdigital.at\/fi\/wp-json\/wp\/v2\/product_cat?post=52156"},{"taxonomy":"product_tag","embeddable":true,"href":"https:\/\/donaulife-new.ogrisdigital.at\/fi\/wp-json\/wp\/v2\/product_tag?post=52156"}],"curies":[{"name":"wp","href":"https:\/\/api.w.org\/{rel}","templated":true}]}}