{"id":52155,"date":"2020-08-11T11:19:37","date_gmt":"2020-08-11T11:19:37","guid":{"rendered":"https:\/\/donaulife-new.ogrisdigital.at\/produkt\/marie-aschenbecher-glas-brenna-duats-guad\/"},"modified":"2024-07-01T00:42:43","modified_gmt":"2024-07-01T00:42:43","slug":"marie-aschenbecher-glas-brenna-duats-guad","status":"publish","type":"product","link":"https:\/\/donaulife-new.ogrisdigital.at\/fi\/marie-aschenbecher-glas-brenna-duats-guad\/","title":{"rendered":"MARIE Aschenbecher Glas &#8216;Brenna duat\u00b4s guad&#8217;"},"content":{"rendered":"<h2>Marie Aschenbecher aus Glas<\/h2>\n<p>Wei\u00dft du was klass ist? Der klasse MARIE Glasaschenbecher. Mit seiner schwarzen Optik und der matten Veredelung ist er mit Abstand das stylischste Gadget das du ab sofort auf deinem Balkon stehen hast. Und wei\u00dft du warum er so klass ist? Weil er sich ganz leicht auswaschen l\u00e4sst.<\/p>\n<h3>\u00dcber Marie:<\/h3>\n<p>Hinter der Marke MARIE steht ein Unternehmen mit viel Erfahrung und einem gro\u00dfen Netzwerk: CIMA mit Sitz in St. Peter am Wimberg im ober\u00f6sterreichischen M\u00fchlviertel ist seit 1983 nicht nur f\u00fcr die Produktion von Papers der Marke MARIE verantwortlich, sondern auch f\u00fcr die Marken GIZEH und MASCOTTE.<\/p>\n","protected":false},"excerpt":{"rendered":"<p>Marie Aschenbecher aus Glas Wei\u00dft du was klass ist? Der klasse MARIE Glasaschenbecher. Mit seiner schwarzen Optik und der matten<\/p>\n","protected":false},"featured_media":27246,"comment_status":"open","ping_status":"open","template":"","meta":{"_acf_changed":false},"product_cat":[2744,2451],"product_tag":[2628],"acf":[],"_links":{"self":[{"href":"https:\/\/donaulife-new.ogrisdigital.at\/fi\/wp-json\/wp\/v2\/product\/52155"}],"collection":[{"href":"https:\/\/donaulife-new.ogrisdigital.at\/fi\/wp-json\/wp\/v2\/product"}],"about":[{"href":"https:\/\/donaulife-new.ogrisdigital.at\/fi\/wp-json\/wp\/v2\/types\/product"}],"replies":[{"embeddable":true,"href":"https:\/\/donaulife-new.ogrisdigital.at\/fi\/wp-json\/wp\/v2\/comments?post=52155"}],"wp:featuredmedia":[{"embeddable":true,"href":"https:\/\/donaulife-new.ogrisdigital.at\/fi\/wp-json\/wp\/v2\/media\/27246"}],"wp:attachment":[{"href":"https:\/\/donaulife-new.ogrisdigital.at\/fi\/wp-json\/wp\/v2\/media?parent=52155"}],"wp:term":[{"taxonomy":"product_cat","embeddable":true,"href":"https:\/\/donaulife-new.ogrisdigital.at\/fi\/wp-json\/wp\/v2\/product_cat?post=52155"},{"taxonomy":"product_tag","embeddable":true,"href":"https:\/\/donaulife-new.ogrisdigital.at\/fi\/wp-json\/wp\/v2\/product_tag?post=52155"}],"curies":[{"name":"wp","href":"https:\/\/api.w.org\/{rel}","templated":true}]}}