{"id":52148,"date":"2020-07-16T09:48:31","date_gmt":"2020-07-16T09:48:31","guid":{"rendered":"https:\/\/donaulife-new.ogrisdigital.at\/produkt\/pinapple-kush-papers-kingsize-tips-32-blatt\/"},"modified":"2024-07-01T00:42:37","modified_gmt":"2024-07-01T00:42:37","slug":"pinapple-kush-papers-kingsize-tips-32-blatt","status":"publish","type":"product","link":"https:\/\/donaulife-new.ogrisdigital.at\/fi\/pinapple-kush-papers-kingsize-tips-32-blatt\/","title":{"rendered":"PINAPPLE KUSH PAPERS KSS + Tips | 32 Blatt"},"content":{"rendered":"<h2>Pinapple Kush Papers Kingsize inkl. Tips<\/h2>\n<p>Unser Baby. Zeitlos. Praktisch. Zuverl\u00e4ssig.<\/p>\n<p>32 ultra-d\u00fcnne, nat\u00fcrliche ungebleichte papers + 32 tips<\/p>\n<p><img fetchpriority=\"high\" decoding=\"async\" class=\"alignnone size-medium wp-image-25345\" src=\"https:\/\/www.donaulife.com\/wp-content\/uploads\/2020\/07\/CG0_8864_web-300x300.jpg\" alt=\"\" width=\"300\" height=\"300\" \/><\/p>\n<h3>\u00dcber Pinapple Kush Papers:<\/h3>\n<p>Einige der besten Dinge im Leben passieren unerwartet&#8230;<\/p>\n<p>genau wie die Reise unserer Papers. Es begann mit guter Freundschaft, guter Musik und einem verdammt guten Pineapple Kush in Jamaica. Wir haben die Longpapers zun\u00e4chst als Merchandise f\u00fcr eine Musikproduktion kreiert. Was wir nicht erwartet hatten wie sehr alle von der Qualit\u00e4t und dem Design begeistert waren. Und so verliebten wir uns in die Idee einen eigenen Paperbrand zum Leben zu erwecken.<\/p>\n<p>Dank Euerer Unterst\u00fctzung verbreitet sich der Spirit der Pineapple Kush Papers immer mehr und sie werden in vielen Shops, Bars und auch online verkauft, so dass jeder auf der Welt sie genie\u00dfen kann.<\/p>\n<p>#RollWithTheBest<\/p>\n<p><img decoding=\"async\" class=\"alignnone size-medium wp-image-25342\" src=\"https:\/\/www.donaulife.com\/wp-content\/uploads\/2020\/07\/CG0_8928-300x185.jpg\" alt=\"\" width=\"300\" height=\"185\" \/><\/p>\n","protected":false},"excerpt":{"rendered":"<p>Pinapple Kush Papers Kingsize inkl. Tips Unser Baby. Zeitlos. Praktisch. Zuverl\u00e4ssig. 32 ultra-d\u00fcnne, nat\u00fcrliche ungebleichte papers + 32 tips \u00dcber<\/p>\n","protected":false},"featured_media":27179,"comment_status":"open","ping_status":"open","template":"","meta":{"_acf_changed":false},"product_cat":[2451,2453,2452,2492],"product_tag":[3241],"acf":[],"_links":{"self":[{"href":"https:\/\/donaulife-new.ogrisdigital.at\/fi\/wp-json\/wp\/v2\/product\/52148"}],"collection":[{"href":"https:\/\/donaulife-new.ogrisdigital.at\/fi\/wp-json\/wp\/v2\/product"}],"about":[{"href":"https:\/\/donaulife-new.ogrisdigital.at\/fi\/wp-json\/wp\/v2\/types\/product"}],"replies":[{"embeddable":true,"href":"https:\/\/donaulife-new.ogrisdigital.at\/fi\/wp-json\/wp\/v2\/comments?post=52148"}],"wp:featuredmedia":[{"embeddable":true,"href":"https:\/\/donaulife-new.ogrisdigital.at\/fi\/wp-json\/wp\/v2\/media\/27179"}],"wp:attachment":[{"href":"https:\/\/donaulife-new.ogrisdigital.at\/fi\/wp-json\/wp\/v2\/media?parent=52148"}],"wp:term":[{"taxonomy":"product_cat","embeddable":true,"href":"https:\/\/donaulife-new.ogrisdigital.at\/fi\/wp-json\/wp\/v2\/product_cat?post=52148"},{"taxonomy":"product_tag","embeddable":true,"href":"https:\/\/donaulife-new.ogrisdigital.at\/fi\/wp-json\/wp\/v2\/product_tag?post=52148"}],"curies":[{"name":"wp","href":"https:\/\/api.w.org\/{rel}","templated":true}]}}