{"id":52069,"date":"2020-05-20T10:16:16","date_gmt":"2020-05-20T10:16:16","guid":{"rendered":"https:\/\/donaulife-new.ogrisdigital.at\/produkt\/nv-grinder-spike-4-teilig-o-64-mm\/"},"modified":"2024-07-01T00:41:31","modified_gmt":"2024-07-01T00:41:31","slug":"nv-grinder-spike-4-teilig-o-64-mm","status":"publish","type":"product","link":"https:\/\/donaulife-new.ogrisdigital.at\/fi\/nv-grinder-spike-4-teilig-o-64-mm\/","title":{"rendered":"NV Grinder &#8216;Spike&#8217; 4-teilig | \u00d8 64 mm"},"content":{"rendered":"<h2><strong><span style=\"font-size: 23.04px;\">NV Spike Grinder<\/span><\/strong><\/h2>\n<p>Der Spike Grinder verf\u00fcgt \u00fcber spezielle Spike-Tetraed-Z\u00e4hne und ein Swirl Mahlwerk wo das Kraut gleichm\u00e4\u00dfig zerkleinert durchkommt. Darunter ist ein Pollensieb vorhanden das herausgenommen werden kann damit der Spike schlanker wird. Ein Scraper f\u00fcr Pollen ist auch dabei.<\/p>\n<p>https:\/\/www.youtube.com\/watch?v=FUGOWhZS-HE<\/p>\n<h2><strong>Was kann der NV Spike Grinder?<\/strong><\/h2>\n<ul>\n<li>Sauberes mahlen.<\/li>\n<li>Erstes Spike-Tetraed-Z\u00e4hne Design auf dem Markt.<\/li>\n<li>Entwickelt in \u00d6sterreich.<\/li>\n<li>Perfekte Pollenfilter Korngr\u00f6\u00dfe<\/li>\n<li>Verwandelbar in einen 3-teiligen Grinder; nehmen Sie einfach den Pollenfilter heraus und setzen Sie den Grinder wieder zusammen, um eine kleinere Version dieses Grinders zu erhalten.<\/li>\n<li>D\u00fcnner Kunststoff-Ring f\u00fcr smoothes Grinden, kein quietschen und wenig Reibung.<\/li>\n<li>Feiner Pollenfilter.<\/li>\n<li>Leistungsstarke Magnete halten den Deckel fest verschlossen, um herausfallen von \u00dcberresten zu vermeiden.<\/li>\n<li>Strukturiert f\u00fcr besseren Halt in den H\u00e4nden.<\/li>\n<li>Versand aus \u00d6sterreich.<\/li>\n<\/ul>\n<h2><strong>Stark. Leichtgewichtig. Langlebig.<\/strong><\/h2>\n<p class=\"text-align-center\">Jeder NV Grinder wird aus Aluminium gefertigt. Dank au\u00dfergew\u00f6hnlicher St\u00e4rke, perfekter Balance und beispielloser Langlebigkeit h\u00e4lt der NV Grinder ein Leben lang.<\/p>\n<h2 class=\"text-align-center\"><strong>Beispiellose Schneidetechnologie.<\/strong><\/h2>\n<p class=\"text-align-center\">Mit den rasiermesserscharfen Spike-Tetraed-Z\u00e4hnen mahlst du jedes (Un)kraut klein. Ein paar Umdrehungen gen\u00fcgen um selbst z\u00e4he, stammartige Kr\u00e4uter problemlos zu zerkleinern.<\/p>\n<h2 class=\"text-align-center\"><strong>Innovatives Design.<\/strong><\/h2>\n<p class=\"text-align-center\">Riffelung beim Mahlwerk und ergonomisches Design.<\/p>\n<p>&nbsp;<\/p>\n<p>&nbsp;<\/p>\n<p>&nbsp;<\/p>\n<p>&nbsp;<\/p>\n<div id=\"block-yui_3_17_2_3_1441928423324_6106\" class=\"sqs-block code-block sqs-block-code\" data-block-type=\"23\">\n<div class=\"sqs-block-content\">\n<p><strong style=\"font-size: 20.16px; color: #333333;\">Pflege und Wartung<\/strong><\/p>\n<div id=\"block-yui_3_17_2_5_1441928423324_8877\" class=\"sqs-block code-block sqs-block-code\" data-block-type=\"23\">\n<div class=\"sqs-block-content\">\n<p><strong>Reinigung des Schneidbereichs:<\/strong> W\u00e4hrend der NV Grinder im Allgemeinen nicht gereinigt werden muss, k\u00f6nnen Kr\u00e4uter, die einen au\u00dfergew\u00f6hnlich hohen Feuchtigkeitsgehalt aufweisen, leicht haften bleiben. So entfernst du Material, das sich ansammelt:<\/p>\n<ul>\n<li>Klopfe die M\u00fchle leicht auf eine feste Oberfl\u00e4che.<\/li>\n<li>B\u00fcrste alles raus, was mit einer Zahnb\u00fcrste oder einer anderen weichen B\u00fcrste \u00fcbrig bleibt.<\/li>\n<\/ul>\n<p><strong>Au\u00dfenreinigung:<\/strong><\/p>\n<p>Dieses Grinder Modell ist sogar waschbar. und wird nach diesem Prozess wie neu aussehen &#8211; keine giftigen Chemikalien mehr n\u00f6tig, um eine perfekte Reinigung zu gew\u00e4hrleisten! Die mitgelieferte Reinigungsb\u00fcrste liefert dank der Keramikoberfl\u00e4che auch ohne Wasser beeindruckende Ergebnisse.<\/p>\n<p><strong>Schmierung:<\/strong> Dein NV Grinder ist vollst\u00e4ndig mit reibungsarmer Antihaftkeramik beschichtet und bleibt bei normalem Gebrauch nicht stecken. Wenn Kr\u00e4uter jedoch au\u00dfergew\u00f6hnlich feucht sind, kann es zu leichten Ablagerungen um die Z\u00e4hne herum kommen. Diese k\u00f6nnen in der Regel mit den obigen Techniken geb\u00fcrstet werden. Aber wenn nichts mehr geht, verwende raffiniertes Hanfsamen\u00f6l. Dieses schmiert das Mahlwerk und bewirkt, dass sich Ablagerungen leicht mit einem Papiertuch oder einem Stofftuch entfernen lassen.<\/p>\n<p><strong>Verwendung von L\u00f6sungsmitteln:<\/strong> Die Keramik ist sehr langlebig und es ist sicher auf der Beschichtung Alkohol oder Aceton zu verwenden, ohne sie zu besch\u00e4digen. Scharfe L\u00f6sungsmittel k\u00f6nnen jedoch die Farbe des Logos ver\u00e4ndern. Sei daher vorsichtig!<\/p>\n<h3 class=\"text-align-center\" style=\"text-align: center;\"><strong>!!! VERWENDE NIEMALS EIN METALLWERKZEUG UM DEN GRINDER ZU REINIGEN !!!<\/strong><\/h3>\n<p>Mit ausreichend Kraft ist es m\u00f6glich, die Beschichtung zu entfernen. W\u00e4hrend die Beschichtung ungiftig ist und nicht brennen wird, werden Kratzer die Funktion des Grinders beeintr\u00e4chtigen. Verwende einen Zahnstocher, um besonders hartn\u00e4ckige R\u00fcckst\u00e4nde zu entfernen.<\/p>\n<\/div>\n<h3>\u00dcber NV Grinder:<\/h3>\n<p>NVGRINDER arbeitet st\u00e4ndig daran, die beste Qualit\u00e4t f\u00fcr ihre Produkte zu erzielen.<br \/>\nWir haben immer wieder neue Ideen und arbeiten eng mit den besten Herstellern der Welt zusammen.<br \/>\nUnsere Qualit\u00e4tsstandards sind sehr hoch, egal welches Material, und unser Ziel wird es immer sein, die besten und innovativsten Grinder f\u00fcr dich herzustellen!<\/p>\n<h4><strong>Was macht unsere Produkte\u00a0 besonders?<\/strong><\/h4>\n<h4>Jeder Grinder Typ der von uns produziert wird durchl\u00e4uft ein Testverfahren, um sicherzustellen, dass er den hohen Bed\u00fcrfnissen eines Rauchers entspricht, bevor wir ihn offiziell releasen.<\/h4>\n<\/div>\n<\/div>\n<\/div>\n","protected":false},"excerpt":{"rendered":"<p>NV Spike Grinder Der Spike Grinder verf\u00fcgt \u00fcber spezielle Spike-Tetraed-Z\u00e4hne und ein Swirl Mahlwerk wo das Kraut gleichm\u00e4\u00dfig zerkleinert durchkommt.<\/p>\n","protected":false},"featured_media":26697,"comment_status":"open","ping_status":"open","template":"","meta":{"_acf_changed":false},"product_cat":[2481,2482,2489,2480,2451,2483,3114],"product_tag":[2694,2695],"acf":[],"_links":{"self":[{"href":"https:\/\/donaulife-new.ogrisdigital.at\/fi\/wp-json\/wp\/v2\/product\/52069"}],"collection":[{"href":"https:\/\/donaulife-new.ogrisdigital.at\/fi\/wp-json\/wp\/v2\/product"}],"about":[{"href":"https:\/\/donaulife-new.ogrisdigital.at\/fi\/wp-json\/wp\/v2\/types\/product"}],"replies":[{"embeddable":true,"href":"https:\/\/donaulife-new.ogrisdigital.at\/fi\/wp-json\/wp\/v2\/comments?post=52069"}],"wp:featuredmedia":[{"embeddable":true,"href":"https:\/\/donaulife-new.ogrisdigital.at\/fi\/wp-json\/wp\/v2\/media\/26697"}],"wp:attachment":[{"href":"https:\/\/donaulife-new.ogrisdigital.at\/fi\/wp-json\/wp\/v2\/media?parent=52069"}],"wp:term":[{"taxonomy":"product_cat","embeddable":true,"href":"https:\/\/donaulife-new.ogrisdigital.at\/fi\/wp-json\/wp\/v2\/product_cat?post=52069"},{"taxonomy":"product_tag","embeddable":true,"href":"https:\/\/donaulife-new.ogrisdigital.at\/fi\/wp-json\/wp\/v2\/product_tag?post=52069"}],"curies":[{"name":"wp","href":"https:\/\/api.w.org\/{rel}","templated":true}]}}