{"id":52040,"date":"2020-05-13T13:56:26","date_gmt":"2020-05-13T13:56:26","guid":{"rendered":"https:\/\/donaulife-new.ogrisdigital.at\/produkt\/qnubu-rosin-press-bags-11x5-cm\/"},"modified":"2024-07-01T00:41:16","modified_gmt":"2024-07-01T00:41:16","slug":"qnubu-rosin-press-bags-11x5-cm","status":"publish","type":"product","link":"https:\/\/donaulife-new.ogrisdigital.at\/fi\/qnubu-rosin-press-bags-11x5-cm\/","title":{"rendered":"QNUBU Rosin Press Bags | 11&#215;5 cm"},"content":{"rendered":"<h2>Qnubu Rosin Bags f\u00fcr Rosin Pressen<\/h2>\n<p>Diese Qnubu Extraktions Bags sind perfekt hergestellt um mit den Qnubu Pressen zu funktionieren.\u00a0 Es handelt sich um ein hochwertiges gen\u00e4htes Nylon, das eine perfekte Extraktion erm\u00f6glicht. Die Abmessungen dieser Beutel betragen 11x5cm und sie sind in 3 verschiedenen Micron St\u00e4rken erh\u00e4ltlich: 37\u00b5, 90\u00b5 und 120\u00b5. Es wird in Packungen zu 10 St\u00fcck verkauft.<\/p>\n<p>Rosin-tech: eine kleine Revolution im Bereich der Extraktion!<\/p>\n<p>Wenn Du nicht \u00fcber die richtige Maschinerie verf\u00fcgst, um aus deinen Kr\u00e4utern \u00d6le herzustellen \u2013 wie sie es f\u00fcr gew\u00f6hnlich in Laboren tun \u2013 dann ist diese Technik genau das richtige f\u00fcr Dich.<br \/>\nEin riesiger Vorteil hierbei ist, dass diese neuartige Technik ein l\u00f6sungsmittelfreies Extrakt produziert.<\/p>\n<p>Rosin-Tech \u2013 was ist das \u00fcberhaupt?<br \/>\nDie Rosin-Tech ist eine innovative und sehr leichte Methode zur Extraktion.<br \/>\nDer Prozess besteht aus dem Pressen von Kr\u00e4utern zwischen Pergamentpapier mit Hilfe einer Hitzepresse, um m\u00f6glichst viel und m\u00f6glichst effizient das wertvolle Harz zu extrahieren.<\/p>\n<p>Die jeweilige Ausbeute dieses Voganges h\u00e4ngt von 4 Dingen ab:<\/p>\n<ul>\n<li>Temperatur: Es h\u00e4ngt sehr stark davon, wie hei\u00df die Presse wird.<\/li>\n<li>Zeitraum: Die Zeit, also wie lange ihr diesen Prozess durchf\u00fchrt.<\/li>\n<li>Kraft: Welche Kraft ihr bei der Durchf\u00fchrung des Vorgangens aufgewendet habt.<\/li>\n<li>Eigenschaften der Kr\u00e4uter: Wie gro\u00df und wie schwer die verwendeten Kr\u00e4uter sind.<\/li>\n<\/ul>\n<p>Funktionsweise des Rosin-tech:<\/p>\n<p>Die beiden Hauptfaktoren von Rosin-tech f\u00fcr das Dabbing sind Hitze und Druck.<\/p>\n<p>Die Kombination aus diesen beiden Faktoren vereint, f\u00fchrt dazu, dass die Trichome beginnen zu schmelzen und sich diese dann auf dem Pergamentpapier sammeln.<br \/>\nDas daraus resultierende Ergebnis ist ein wachsartiges Produkt.<\/p>\n<p>Die Gr\u00fcnde daf\u00fcr liegen auf der Hand:<\/p>\n<p>Es gibt kein ungewolltes Pflanzenmaterial in dem Produkt, da der Verbrennungspunkt bei 500-700 C\u00b0 liegt und der Rosin-Tech-Prozess nicht einmal ann\u00e4hernd an diesen Wert herankommt.<br \/>\nIm Gegensatz zu \u00d6len und Wachsen, die mit Hilfe von L\u00f6sungsmitteln extrahiert wurden, gibt es bei dieser Methode keine L\u00f6sungsmittel, welche sich in dem Resultat befinden. Somit kann ausgeschlossen werden, dass irgendwelche L\u00f6sungsmittel in dem Extrakt vorhanden sind. Somit kann auch garantiert werden, dass bei dem Konsum von diesem \u201epuren\u201c Extrakt, L\u00f6sungsmittel irgendeiner Art f\u00e4lschlicherweise konsumiert werden.<\/p>\n","protected":false},"excerpt":{"rendered":"<p>Qnubu Rosin Bags f\u00fcr Rosin Pressen Diese Qnubu Extraktions Bags sind perfekt hergestellt um mit den Qnubu Pressen zu funktionieren.\u00a0<\/p>\n","protected":false},"featured_media":26589,"comment_status":"open","ping_status":"closed","template":"","meta":{"_acf_changed":false},"product_cat":[2549,3207,2571],"product_tag":[3066],"acf":[],"_links":{"self":[{"href":"https:\/\/donaulife-new.ogrisdigital.at\/fi\/wp-json\/wp\/v2\/product\/52040"}],"collection":[{"href":"https:\/\/donaulife-new.ogrisdigital.at\/fi\/wp-json\/wp\/v2\/product"}],"about":[{"href":"https:\/\/donaulife-new.ogrisdigital.at\/fi\/wp-json\/wp\/v2\/types\/product"}],"replies":[{"embeddable":true,"href":"https:\/\/donaulife-new.ogrisdigital.at\/fi\/wp-json\/wp\/v2\/comments?post=52040"}],"wp:featuredmedia":[{"embeddable":true,"href":"https:\/\/donaulife-new.ogrisdigital.at\/fi\/wp-json\/wp\/v2\/media\/26589"}],"wp:attachment":[{"href":"https:\/\/donaulife-new.ogrisdigital.at\/fi\/wp-json\/wp\/v2\/media?parent=52040"}],"wp:term":[{"taxonomy":"product_cat","embeddable":true,"href":"https:\/\/donaulife-new.ogrisdigital.at\/fi\/wp-json\/wp\/v2\/product_cat?post=52040"},{"taxonomy":"product_tag","embeddable":true,"href":"https:\/\/donaulife-new.ogrisdigital.at\/fi\/wp-json\/wp\/v2\/product_tag?post=52040"}],"curies":[{"name":"wp","href":"https:\/\/api.w.org\/{rel}","templated":true}]}}