{"id":52037,"date":"2020-05-13T10:13:59","date_gmt":"2020-05-13T10:13:59","guid":{"rendered":"https:\/\/donaulife-new.ogrisdigital.at\/produkt\/jware-cones-king-size-ungebleicht-40-stueck\/"},"modified":"2024-07-01T00:41:14","modified_gmt":"2024-07-01T00:41:14","slug":"jware-cones-king-size-ungebleicht-40-stueck","status":"publish","type":"product","link":"https:\/\/donaulife-new.ogrisdigital.at\/fi\/jware-cones-king-size-ungebleicht-40-stueck\/","title":{"rendered":"JWARE Cones King Size ungebleicht | 40 St\u00fcck"},"content":{"rendered":"<h2>J-ware Cones 40 St\u00fcck<\/h2>\n<p>J-Ware King Size Cones sind vorgefertigte, konisch geformte Papierh\u00fcllen die aus ultrad\u00fcnnem Papier hergestellt werden. Der Klebstoffauftrag ist mit 0,5 mm Breite minimal, somit sind die J-Ware Cones fast geschmacksneutral und verbrennen nahezu r\u00fcckstandslos.<\/p>\n","protected":false},"excerpt":{"rendered":"<p>J-ware Cones 40 St\u00fcck J-Ware King Size Cones sind vorgefertigte, konisch geformte Papierh\u00fcllen die aus ultrad\u00fcnnem Papier hergestellt werden. Der<\/p>\n","protected":false},"featured_media":16926,"comment_status":"open","ping_status":"open","template":"","meta":{"_acf_changed":false},"product_cat":[2451,2452,2724],"product_tag":[2728],"acf":[],"_links":{"self":[{"href":"https:\/\/donaulife-new.ogrisdigital.at\/fi\/wp-json\/wp\/v2\/product\/52037"}],"collection":[{"href":"https:\/\/donaulife-new.ogrisdigital.at\/fi\/wp-json\/wp\/v2\/product"}],"about":[{"href":"https:\/\/donaulife-new.ogrisdigital.at\/fi\/wp-json\/wp\/v2\/types\/product"}],"replies":[{"embeddable":true,"href":"https:\/\/donaulife-new.ogrisdigital.at\/fi\/wp-json\/wp\/v2\/comments?post=52037"}],"wp:featuredmedia":[{"embeddable":true,"href":"https:\/\/donaulife-new.ogrisdigital.at\/fi\/wp-json\/wp\/v2\/media\/16926"}],"wp:attachment":[{"href":"https:\/\/donaulife-new.ogrisdigital.at\/fi\/wp-json\/wp\/v2\/media?parent=52037"}],"wp:term":[{"taxonomy":"product_cat","embeddable":true,"href":"https:\/\/donaulife-new.ogrisdigital.at\/fi\/wp-json\/wp\/v2\/product_cat?post=52037"},{"taxonomy":"product_tag","embeddable":true,"href":"https:\/\/donaulife-new.ogrisdigital.at\/fi\/wp-json\/wp\/v2\/product_tag?post=52037"}],"curies":[{"name":"wp","href":"https:\/\/api.w.org\/{rel}","templated":true}]}}