{"id":51905,"date":"2020-04-03T16:23:09","date_gmt":"2020-04-03T16:23:09","guid":{"rendered":"https:\/\/donaulife-new.ogrisdigital.at\/produkt\/grace-glass-vorkuehler-twister-45-188-mm\/"},"modified":"2024-07-01T00:39:28","modified_gmt":"2024-07-01T00:39:28","slug":"grace-glass-vorkuehler-twister-45-188-mm","status":"publish","type":"product","link":"https:\/\/donaulife-new.ogrisdigital.at\/fi\/grace-glass-vorkuehler-twister-45-188-mm\/","title":{"rendered":"GRACE GLASS Vork\u00fchler &#8216;Twister&#8217; 45\u00b0 | 18,8>18,8mm"},"content":{"rendered":"<p>Dieses herausragende St\u00fcck von Grace Glass k\u00fchlt deinen s\u00fc\u00dflichen Qualm mit einem Trommelpercolator. Der Percolator und die Griffe am Bongkopf sind in gr\u00fcn akzentuiert was dem Vork\u00fchler den letzten Feinschliff verleiht. Auf der Vorderseite befindet sich das Grace Glass Logo, au\u00dferdem ist der Vork\u00fchler mit einem 45\u00b0 18,8 mm Schliff ausger\u00fcstet.<\/p>\n","protected":false},"excerpt":{"rendered":"<p>Dieses herausragende St\u00fcck von Grace Glass k\u00fchlt deinen s\u00fc\u00dflichen Qualm mit einem Trommelpercolator. Der Percolator und die Griffe am Bongkopf<\/p>\n","protected":false},"featured_media":25880,"comment_status":"open","ping_status":"open","template":"","meta":{"_acf_changed":false},"product_cat":[2591,2459,2613,2463,2582,2460],"product_tag":[3178],"acf":[],"_links":{"self":[{"href":"https:\/\/donaulife-new.ogrisdigital.at\/fi\/wp-json\/wp\/v2\/product\/51905"}],"collection":[{"href":"https:\/\/donaulife-new.ogrisdigital.at\/fi\/wp-json\/wp\/v2\/product"}],"about":[{"href":"https:\/\/donaulife-new.ogrisdigital.at\/fi\/wp-json\/wp\/v2\/types\/product"}],"replies":[{"embeddable":true,"href":"https:\/\/donaulife-new.ogrisdigital.at\/fi\/wp-json\/wp\/v2\/comments?post=51905"}],"wp:featuredmedia":[{"embeddable":true,"href":"https:\/\/donaulife-new.ogrisdigital.at\/fi\/wp-json\/wp\/v2\/media\/25880"}],"wp:attachment":[{"href":"https:\/\/donaulife-new.ogrisdigital.at\/fi\/wp-json\/wp\/v2\/media?parent=51905"}],"wp:term":[{"taxonomy":"product_cat","embeddable":true,"href":"https:\/\/donaulife-new.ogrisdigital.at\/fi\/wp-json\/wp\/v2\/product_cat?post=51905"},{"taxonomy":"product_tag","embeddable":true,"href":"https:\/\/donaulife-new.ogrisdigital.at\/fi\/wp-json\/wp\/v2\/product_tag?post=51905"}],"curies":[{"name":"wp","href":"https:\/\/api.w.org\/{rel}","templated":true}]}}