{"id":51876,"date":"2020-04-01T11:06:03","date_gmt":"2020-04-01T11:06:03","guid":{"rendered":"https:\/\/donaulife-new.ogrisdigital.at\/produkt\/g-spot-glasbong-blitz-40-cm\/"},"modified":"2024-07-01T00:39:06","modified_gmt":"2024-07-01T00:39:06","slug":"g-spot-glasbong-blitz-40-cm","status":"publish","type":"product","link":"https:\/\/donaulife-new.ogrisdigital.at\/fi\/g-spot-glasbong-blitz-40-cm\/","title":{"rendered":"G-SPOT Glasbong &#8216;Blitz&#8217; | 40 cm"},"content":{"rendered":"<h2>G-Spot Glasbong mit 40 cm<\/h2>\n<p>G-SPOT legt die Latte f\u00fcr High-End Bongs wieder mal h\u00f6her. Diese Bong wurde auf hochwertigem Borosilikatglas 3.3 nach DIN ISO 3585 gebaut und bei 560\u00b0C spannungsfrei getempert. Das Rohr hat einen 50 mm Durchmesser und ist in der Mitte geknickt. Ein Chillum (NS14) mit eingebautem Flutschkopf liegt auch bei. Mit dem gro\u00dfen Scheibenfu\u00df hat dieses Prachtst\u00fcck die optimale Standfestigkeit.<\/p>\n<p>Ein Kickloch ist vorhanden.<\/p>\n<h3>\u00dcber G-Spot:<\/h3>\n<p>Im Jahr 2000 begann in Wertheim die Gestaltung von Glasbongs unter dem Markennamen G-SPOT\u00ae. Es entstanden neue innovative Modelle die ausschlie\u00dflich aus eigenen kreativen Vorstellungen entstanden sind. Von Rauchern f\u00fcr Raucher\u2026 Mittlerweile sind G-Spot Bongs weltweit bekannt und es werden Headshops in Europa, Kanada USA und Australien beliefert.<\/p>\n","protected":false},"excerpt":{"rendered":"<p>G-Spot Glasbong mit 40 cm G-SPOT legt die Latte f\u00fcr High-End Bongs wieder mal h\u00f6her. Diese Bong wurde auf hochwertigem<\/p>\n","protected":false},"featured_media":25712,"comment_status":"open","ping_status":"open","template":"","meta":{"_acf_changed":false},"product_cat":[2514,2459,3172,2510,2515,2506,2463],"product_tag":[3173],"acf":[],"_links":{"self":[{"href":"https:\/\/donaulife-new.ogrisdigital.at\/fi\/wp-json\/wp\/v2\/product\/51876"}],"collection":[{"href":"https:\/\/donaulife-new.ogrisdigital.at\/fi\/wp-json\/wp\/v2\/product"}],"about":[{"href":"https:\/\/donaulife-new.ogrisdigital.at\/fi\/wp-json\/wp\/v2\/types\/product"}],"replies":[{"embeddable":true,"href":"https:\/\/donaulife-new.ogrisdigital.at\/fi\/wp-json\/wp\/v2\/comments?post=51876"}],"wp:featuredmedia":[{"embeddable":true,"href":"https:\/\/donaulife-new.ogrisdigital.at\/fi\/wp-json\/wp\/v2\/media\/25712"}],"wp:attachment":[{"href":"https:\/\/donaulife-new.ogrisdigital.at\/fi\/wp-json\/wp\/v2\/media?parent=51876"}],"wp:term":[{"taxonomy":"product_cat","embeddable":true,"href":"https:\/\/donaulife-new.ogrisdigital.at\/fi\/wp-json\/wp\/v2\/product_cat?post=51876"},{"taxonomy":"product_tag","embeddable":true,"href":"https:\/\/donaulife-new.ogrisdigital.at\/fi\/wp-json\/wp\/v2\/product_tag?post=51876"}],"curies":[{"name":"wp","href":"https:\/\/api.w.org\/{rel}","templated":true}]}}