{"id":51860,"date":"2020-03-30T13:35:44","date_gmt":"2020-03-30T13:35:44","guid":{"rendered":"https:\/\/donaulife-new.ogrisdigital.at\/produkt\/grace-glass-diffusor-chillum-re-load-ns29-ns19\/"},"modified":"2024-07-01T00:38:51","modified_gmt":"2024-07-01T00:38:51","slug":"grace-glass-diffusor-chillum-re-load-ns29-ns19","status":"publish","type":"product","link":"https:\/\/donaulife-new.ogrisdigital.at\/fi\/grace-glass-diffusor-chillum-re-load-ns29-ns19\/","title":{"rendered":"GRACE GLASS Diffusor Chillum &#8216;Re-Load&#8217; 11\/13\/15 cm | 29,2>18,8mm"},"content":{"rendered":"<h2>Grace Glass Chillum 29,2 &gt; 18,8 mm<\/h2>\n<p>Sollte dein altes Chillum zu Bruch gegangen sein oder du suchst einfach nach einem Upgrade zu deinem alten Downstem, dieses hochwertig verarbeitete Chillum aus Borosilikatglas von Grace Glass garantiert h\u00f6chste Zufriedenheit. Der integrierte 4-Shooter Diffusor sorgt daf\u00fcr, dass der Rauch sich besser im Bauch der Bong verteilt und somit effektiver gek\u00fchlt wird was wiederum zu angenehmeren Hits f\u00fchrt. Das Chillum \u00fcbersetzt von einem 29,2 mm Schliff auf 18,8 mm. Ein 18,8 mm Siebkopf ist inkludiert.<\/p>\n","protected":false},"excerpt":{"rendered":"<p>Grace Glass Chillum 29,2 &gt; 18,8 mm Sollte dein altes Chillum zu Bruch gegangen sein oder du suchst einfach nach<\/p>\n","protected":false},"featured_media":25603,"comment_status":"open","ping_status":"open","template":"","meta":{"_acf_changed":false},"product_cat":[3094,2459,2613,2530,2463,2460],"product_tag":[],"acf":[],"_links":{"self":[{"href":"https:\/\/donaulife-new.ogrisdigital.at\/fi\/wp-json\/wp\/v2\/product\/51860"}],"collection":[{"href":"https:\/\/donaulife-new.ogrisdigital.at\/fi\/wp-json\/wp\/v2\/product"}],"about":[{"href":"https:\/\/donaulife-new.ogrisdigital.at\/fi\/wp-json\/wp\/v2\/types\/product"}],"replies":[{"embeddable":true,"href":"https:\/\/donaulife-new.ogrisdigital.at\/fi\/wp-json\/wp\/v2\/comments?post=51860"}],"wp:featuredmedia":[{"embeddable":true,"href":"https:\/\/donaulife-new.ogrisdigital.at\/fi\/wp-json\/wp\/v2\/media\/25603"}],"wp:attachment":[{"href":"https:\/\/donaulife-new.ogrisdigital.at\/fi\/wp-json\/wp\/v2\/media?parent=51860"}],"wp:term":[{"taxonomy":"product_cat","embeddable":true,"href":"https:\/\/donaulife-new.ogrisdigital.at\/fi\/wp-json\/wp\/v2\/product_cat?post=51860"},{"taxonomy":"product_tag","embeddable":true,"href":"https:\/\/donaulife-new.ogrisdigital.at\/fi\/wp-json\/wp\/v2\/product_tag?post=51860"}],"curies":[{"name":"wp","href":"https:\/\/api.w.org\/{rel}","templated":true}]}}