{"id":51821,"date":"2020-03-23T12:31:19","date_gmt":"2020-03-23T12:31:19","guid":{"rendered":"https:\/\/donaulife-new.ogrisdigital.at\/produkt\/marie-endless-papers-brown-slim\/"},"modified":"2024-07-01T00:38:20","modified_gmt":"2024-07-01T00:38:20","slug":"marie-endless-papers-brown-slim","status":"publish","type":"product","link":"https:\/\/donaulife-new.ogrisdigital.at\/fi\/marie-endless-papers-brown-slim\/","title":{"rendered":"MARIE Endless Slim Papers &#8216;Brown&#8217;  | 5m"},"content":{"rendered":"<h2>Marie Endlos Paper aus Holz<\/h2>\n<p>MARIE Rolls Slim Brown sind \u00fcber 5 Meter braune, ungebleichte Papers in der ultrafinen Grammatur von 13,8 g\/m\u00b2. Die nat\u00fcrliche Gummierung besteht aus Gummiarabikum \u2013 dem Saft des Akazienbaums. Und der spiegelt sich auch in der Gestaltung der Packung wieder \u2013 in Form eines kleinen Baumstamms. #jessasmarie<\/p>\n<ul>\n<li>Gummierung aus Gummiarabikum. Gummiarabikum wird aus Akazienharz gewonnen. Es dauert einen Moment, bis sich die Klebekraft vollst\u00e4ndig entfaltet.<\/li>\n<li>Langsames Abbrennverhalten: Das Papier erlischt, wenn nicht daran gezogen wird.<\/li>\n<li>Ungebleichtes Papier.<\/li>\n<li>Wasserzeichen. Markierung des Papiers mittels Pr\u00e4gung, die w\u00e4hrend der Papierherstellung durchgef\u00fchrt wird.<\/li>\n<li>Das Papier ist aus Zellstoff. Der Zellstoff f\u00fcr Marie-Wuzelpapier wird umweltvertr\u00e4glich von Durchforstungsb\u00e4umen gewonnen.<\/li>\n<\/ul>\n<h3>\u00dcber Marie:<\/h3>\n<p>Woher der Name MARIE kommt, das kann heute keiner mehr so genau sagen. Vielleicht war es eine gro\u00dfe Pers\u00f6nlichkeit, die so verewigt wurde? Oder ist es doch eine Hommage an die \u201eTanzmarie\u201c? Aber eigentlich ist das gar nicht so wichtig. Wichtig ist nur, dass MARIE schon seit 1984 mit Wuzelpapieren und Filterh\u00fclsen in bester \u201eMade in Austria\u201c-Qualit\u00e4t am heimischen Markt vertreten ist. Und mit dem Wandel der Zeit und der Wuzler-Bed\u00fcrfnisse auch selbst viele Ver\u00e4nderungen durchgemacht hat. War MARIE einst nur in Original erh\u00e4ltlich, gibt es heute auch MARIE Fine und Ultrafine f\u00fcr vielseitigen, unwiderstehlichen Wuzelgenuss.<\/p>\n<p><img fetchpriority=\"high\" decoding=\"async\" class=\"size-medium wp-image-20942 alignright\" src=\"https:\/\/www.donaulife.com\/wp-content\/uploads\/2016\/12\/geschichte_marie_0417_v2-226x300.png\" alt=\"\" width=\"226\" height=\"300\" \/><\/p>\n<p>-Seit 1984 ist MARIE mit MARIE Original Papers und Filterh\u00fclsen auf dem \u00f6sterreichischen Markt.<br \/>\n-Im Jahr 2007 stie\u00dfen MARIE Extra Slim Papers mit der originalen Papierst\u00e4rke sowie Eindrehfilter und Duo Roller zum Sortiment dazu.<br \/>\n-2010 war das Jahr der Fine und Ultrafine Papers im Heftchen mit neuartigem Magnetverschluss.<br \/>\n-Stopfern wurde 2011 durch die Einf\u00fchrung von MARIE Extra Filterh\u00fclsen und dem Vario Stopfer das Sparen beim Stopfen wesentlich erleichtert.<br \/>\n-King Size Verwender konnten sich ab 2012 \u00fcber MARIE King Size Slim und Rolls Slim freuen \u2013 beide in Ultrafine.<br \/>\n-Nachhaltige Wuzler k\u00f6nnen seit 2014 mit der MARIE nature\u2019s friends Serie aus zertifiziertem Bio-Hanf besonders \u201egr\u00fcn\u201c wuzeln.<\/p>\n<p>&nbsp;<\/p>\n","protected":false},"excerpt":{"rendered":"<p>Marie Endlos Paper aus Holz MARIE Rolls Slim Brown sind \u00fcber 5 Meter braune, ungebleichte Papers in der ultrafinen Grammatur<\/p>\n","protected":false},"featured_media":25382,"comment_status":"open","ping_status":"open","template":"","meta":{"_acf_changed":false},"product_cat":[2630,2451,2452],"product_tag":[2628],"acf":[],"_links":{"self":[{"href":"https:\/\/donaulife-new.ogrisdigital.at\/fi\/wp-json\/wp\/v2\/product\/51821"}],"collection":[{"href":"https:\/\/donaulife-new.ogrisdigital.at\/fi\/wp-json\/wp\/v2\/product"}],"about":[{"href":"https:\/\/donaulife-new.ogrisdigital.at\/fi\/wp-json\/wp\/v2\/types\/product"}],"replies":[{"embeddable":true,"href":"https:\/\/donaulife-new.ogrisdigital.at\/fi\/wp-json\/wp\/v2\/comments?post=51821"}],"wp:featuredmedia":[{"embeddable":true,"href":"https:\/\/donaulife-new.ogrisdigital.at\/fi\/wp-json\/wp\/v2\/media\/25382"}],"wp:attachment":[{"href":"https:\/\/donaulife-new.ogrisdigital.at\/fi\/wp-json\/wp\/v2\/media?parent=51821"}],"wp:term":[{"taxonomy":"product_cat","embeddable":true,"href":"https:\/\/donaulife-new.ogrisdigital.at\/fi\/wp-json\/wp\/v2\/product_cat?post=51821"},{"taxonomy":"product_tag","embeddable":true,"href":"https:\/\/donaulife-new.ogrisdigital.at\/fi\/wp-json\/wp\/v2\/product_tag?post=51821"}],"curies":[{"name":"wp","href":"https:\/\/api.w.org\/{rel}","templated":true}]}}