{"id":51775,"date":"2020-03-17T17:33:07","date_gmt":"2020-03-17T17:33:07","guid":{"rendered":"https:\/\/donaulife-new.ogrisdigital.at\/produkt\/raw-classic-challange-cone-60-cm\/"},"modified":"2025-01-15T07:13:10","modified_gmt":"2025-01-15T07:13:10","slug":"raw-classic-challange-cone-60-cm","status":"publish","type":"product","link":"https:\/\/donaulife-new.ogrisdigital.at\/fi\/raw-classic-challange-cone-60-cm\/","title":{"rendered":"RAW &#8216;Classic&#8217; Challenge Cone | 60 cm"},"content":{"rendered":"<h2>RAW Challenge Cone mit 60 cm l\u00e4nge<\/h2>\n<p>Die RAW Challenge Cone ist genau das Richtige wenn du etwas gr\u00f6\u00dferes vor hast. Das Zigarettenpapier besteht aus einer Mischung von chlorfreien, nat\u00fcrlichen Rohfasern und hat eine Hanfgummierung. Alle Cones sind bereits mit einem Filter versehen und warten nur darauf gef\u00fcllt und geraucht zu werden. Gesamtl\u00e4nge 60 cm.<\/p>\n<ul>\n<li>Herstellung mit Windkraft gewonnener Energie<\/li>\n<li>Ohne genetisch modifizierte Organismen<\/li>\n<li>Glutenfrei<\/li>\n<li>Veganer-freundliches Produkt<\/li>\n<\/ul>\n<h3>\u00dcber RAW:<\/h3>\n<p>RAW &#8211; Die nat\u00fcrliche Art zu rollen.<\/p>\n<p>Seit dem 1. Tag hat RAW den Auftrag, die F\u00fchrungsrolle in der Papierrollenindustrie zu \u00fcbernehmen. RAW hat die Welt des Rauchens revolutioniert, indem sie Produkte geschaffen hat, die von Natur aus genial gestaltet sind, um das Raucherlebnis zu verbessern.<\/p>\n<p>RAW stellt nur qualitativ hochwertige und umweltfreundliche Produkte her, die Ihr Raucherlebnis verbessern, und wir werden das wof\u00fcr wir stehen niemals \u00e4ndern. Wir genie\u00dfen es, unser unraffiniertes Papier jeden Tag zu rauchen, und wir werden es immer komplett rein also &#8220;RAW&#8221; belassen &#8211; f\u00fcr dich und uns!<\/p>\n","protected":false},"excerpt":{"rendered":"<p>RAW Challenge Cone mit 60 cm l\u00e4nge Die RAW Challenge Cone ist genau das Richtige wenn du etwas gr\u00f6\u00dferes vor<\/p>\n","protected":false},"featured_media":25202,"comment_status":"open","ping_status":"open","template":"","meta":{"_acf_changed":false},"product_cat":[2489,2566,2451,2452,2724,2490,2491,2492],"product_tag":[2493],"acf":[],"_links":{"self":[{"href":"https:\/\/donaulife-new.ogrisdigital.at\/fi\/wp-json\/wp\/v2\/product\/51775"}],"collection":[{"href":"https:\/\/donaulife-new.ogrisdigital.at\/fi\/wp-json\/wp\/v2\/product"}],"about":[{"href":"https:\/\/donaulife-new.ogrisdigital.at\/fi\/wp-json\/wp\/v2\/types\/product"}],"replies":[{"embeddable":true,"href":"https:\/\/donaulife-new.ogrisdigital.at\/fi\/wp-json\/wp\/v2\/comments?post=51775"}],"wp:featuredmedia":[{"embeddable":true,"href":"https:\/\/donaulife-new.ogrisdigital.at\/fi\/wp-json\/wp\/v2\/media\/25202"}],"wp:attachment":[{"href":"https:\/\/donaulife-new.ogrisdigital.at\/fi\/wp-json\/wp\/v2\/media?parent=51775"}],"wp:term":[{"taxonomy":"product_cat","embeddable":true,"href":"https:\/\/donaulife-new.ogrisdigital.at\/fi\/wp-json\/wp\/v2\/product_cat?post=51775"},{"taxonomy":"product_tag","embeddable":true,"href":"https:\/\/donaulife-new.ogrisdigital.at\/fi\/wp-json\/wp\/v2\/product_tag?post=51775"}],"curies":[{"name":"wp","href":"https:\/\/api.w.org\/{rel}","templated":true}]}}