{"id":51774,"date":"2020-03-17T14:11:41","date_gmt":"2020-03-17T14:11:41","guid":{"rendered":"https:\/\/donaulife-new.ogrisdigital.at\/produkt\/raw-classic-giga-cone-28-cm\/"},"modified":"2025-01-15T07:13:11","modified_gmt":"2025-01-15T07:13:11","slug":"raw-classic-giga-cone-28-cm","status":"publish","type":"product","link":"https:\/\/donaulife-new.ogrisdigital.at\/fi\/raw-classic-giga-cone-28-cm\/","title":{"rendered":"RAW &#8216;Classic&#8217; GIGA Cone | 28 cm"},"content":{"rendered":"<h2>RAW Giga Cone mit 28 cm<\/h2>\n<p>Die RAW Giga Cone ist genau das Richtige wenn du etwas gr\u00f6\u00dferes vor hast. Das Zigarettenpapier besteht aus einer Mischung von chlorfreien, nat\u00fcrlichen Rohfasern und hat eine Hanfgummierung. Alle Cones sind bereits mit einem Filter versehen und warten nur darauf gef\u00fcllt und geraucht zu werden. Gesamtl\u00e4nge 28 cm.<\/p>\n<ul>\n<li>Herstellung mit Windkraft gewonnener Energie<\/li>\n<li>Ohne genetisch modifizierte Organismen<\/li>\n<li>Glutenfrei<\/li>\n<li>Veganer-freundliches Produkt<\/li>\n<\/ul>\n<h3>\u00dcber RAW:<\/h3>\n<p>RAW &#8211; Die nat\u00fcrliche Art zu rollen.<\/p>\n<p>Seit dem 1. Tag hat RAW den Auftrag, die F\u00fchrungsrolle in der Papierrollenindustrie zu \u00fcbernehmen. RAW hat die Welt des Rauchens revolutioniert, indem sie Produkte geschaffen hat, die von Natur aus genial gestaltet sind, um das Raucherlebnis zu verbessern.<\/p>\n<p>RAW stellt nur qualitativ hochwertige und umweltfreundliche Produkte her, die Ihr Raucherlebnis verbessern, und wir werden das wof\u00fcr wir stehen niemals \u00e4ndern. Wir genie\u00dfen es, unser unraffiniertes Papier jeden Tag zu rauchen, und wir werden es immer komplett rein also &#8220;RAW&#8221; belassen &#8211; f\u00fcr dich und uns!<\/p>\n","protected":false},"excerpt":{"rendered":"<p>RAW Giga Cone mit 28 cm Die RAW Giga Cone ist genau das Richtige wenn du etwas gr\u00f6\u00dferes vor hast.<\/p>\n","protected":false},"featured_media":25199,"comment_status":"open","ping_status":"open","template":"","meta":{"_acf_changed":false},"product_cat":[2489,2566,2451,2452,2724,2490,2491,2492],"product_tag":[2493],"acf":[],"_links":{"self":[{"href":"https:\/\/donaulife-new.ogrisdigital.at\/fi\/wp-json\/wp\/v2\/product\/51774"}],"collection":[{"href":"https:\/\/donaulife-new.ogrisdigital.at\/fi\/wp-json\/wp\/v2\/product"}],"about":[{"href":"https:\/\/donaulife-new.ogrisdigital.at\/fi\/wp-json\/wp\/v2\/types\/product"}],"replies":[{"embeddable":true,"href":"https:\/\/donaulife-new.ogrisdigital.at\/fi\/wp-json\/wp\/v2\/comments?post=51774"}],"wp:featuredmedia":[{"embeddable":true,"href":"https:\/\/donaulife-new.ogrisdigital.at\/fi\/wp-json\/wp\/v2\/media\/25199"}],"wp:attachment":[{"href":"https:\/\/donaulife-new.ogrisdigital.at\/fi\/wp-json\/wp\/v2\/media?parent=51774"}],"wp:term":[{"taxonomy":"product_cat","embeddable":true,"href":"https:\/\/donaulife-new.ogrisdigital.at\/fi\/wp-json\/wp\/v2\/product_cat?post=51774"},{"taxonomy":"product_tag","embeddable":true,"href":"https:\/\/donaulife-new.ogrisdigital.at\/fi\/wp-json\/wp\/v2\/product_tag?post=51774"}],"curies":[{"name":"wp","href":"https:\/\/api.w.org\/{rel}","templated":true}]}}