{"id":51766,"date":"2020-03-17T10:09:19","date_gmt":"2020-03-17T10:09:19","guid":{"rendered":"https:\/\/donaulife-new.ogrisdigital.at\/produkt\/pay-pay-papers-rolls-ultrathin-5m\/"},"modified":"2024-07-01T00:37:43","modified_gmt":"2024-07-01T00:37:43","slug":"pay-pay-papers-rolls-ultrathin-5m","status":"publish","type":"product","link":"https:\/\/donaulife-new.ogrisdigital.at\/fi\/pay-pay-papers-rolls-ultrathin-5m\/","title":{"rendered":"PAY-PAY Rolls KS &#8216;Ultrathin&#8217; Papers  | 5m"},"content":{"rendered":"<h2>Pay-Pay Rolls 5m<\/h2>\n<p>Paypay Rolling Paper als Rolle mit 5m l\u00e4nge. Das Papier hat eine Breite von 50 mm.<\/p>\n<h3>\u00dcber Pay Pay:<\/h3>\n<p>Pay-Pay der Hersteller des ersten ungebleichten Papiers der Welt kommt aus Alcoy, Spanien. Pay-Pay ist die \u00e4lteste Zigarettenpapiermarke der Welt und wurde 1764 gegr\u00fcndet. Pay-Pay-Papiere wurden urspr\u00fcnglich von spanischen Seeleuten f\u00fcr Baumwolle und Tabak in Nordamerika gehandelt. Dies ist die fr\u00fcheste Aufzeichnung von komerziell produzierten Wutzelpapier, das auf den nordamerikanischen Markt gelangt ist.<\/p>\n<p>Dar\u00fcber hinaus werden die Papiere in Produktionsst\u00e4tten hergestellt die zu 100% mit erneuerbaren Energien betrieben werden, die Klebefl\u00e4che wird aus organischem Gummi hergestellt und enth\u00e4lt weder chemische Zus\u00e4tze noch Chlor.<\/p>\n<p>&nbsp;<\/p>\n<p>Die Geschichte von Paypay<\/p>\n<p><strong>1764<br \/>\n<\/strong><br \/>\nDie erste Zigarettenpapierfabrik wird in Alcoy installiert<\/p>\n<p>Mitte des 18. Jahrhunderts hatte sich in Spanien der Brauch des aus Amerika mitgebrachten Rauchtabaks verbreitet. In Europa war Tabak jedoch ein extrem teures Produkt, das auf den eigenen Bl\u00e4ttern der Pflanze geraucht wurde, so dass viele Menschen sich daf\u00fcr entschieden, ihn in Form von Pulver oder in Zeitungspapier eingewickelt zu konsumieren.<\/p>\n<p>Um zu verhindern, dass dieses dicke Papier mit Tinte geraucht wird, entwickelten die damaligen Unternehmer ein d\u00fcnneres Papier als \u00fcblich, 40 g\/m2, wei\u00df, aus gro\u00dfen Bl\u00e4ttern in der Gr\u00f6\u00dfe des Blattes (Doppelblatt), das der Raucher nach seinem Geschmack und Bedarf schneiden konnte. Bald beginnt dieses ausschlie\u00dflich f\u00fcr das Rauchen konzipierte Papier, eine wunderbare Entdeckung, weltweit gro\u00dfen Erfolg zu haben. Dies ist das primitive PAY-PAY von Alcoy.<\/p>\n<p><strong>1815<br \/>\n<\/strong><br \/>\nDas Zigarettenpapierheft ist erfunden<\/p>\n<p>Mit dem Beginn des 19. Jahrhunderts ging die Mode f\u00fcr Tabakpulver zur\u00fcck, die Gewohnheit es zu rollen verbreitete sich und mit ihr kam bald die Notwendigkeit Papier in einer f\u00fcr Zigaretten geeigneteren Gr\u00f6\u00dfe zu servieren. Ein Dominikaner aus der valencianischen Stadt X\u00e1tiva, Pater Jaime Villanueva Estingo, erfand das Zigarettenpapierheft: ein zartes Objekt und eine gro\u00dfartige Erfindung, deren Gebrauch bis heute andauert. Workshops zum Thema Zigarettenpapier nehmen in Alcoy immer mehr zu, der PAY-PAY-Workshop ist einer davon. Auf den Einb\u00e4nden waren sch\u00f6ne allegorische Gravuren und der Name des Herstellers &#8211; Pascual Ivorra &#8211; eingraviert. Sie wurden auch in langen Serien \u00fcber die Geschichte Spaniens, \u00fcber ber\u00fchmte Figuren und Charaktere, \u00fcber Br\u00e4uche, Kost\u00fcme, Allegorien, Spr\u00fcche&#8230; gedruckt und bieten uns heute eine vollst\u00e4ndige Vision der sozialen Entwicklung und der Br\u00e4uche jener Zeit.<\/p>\n<p><strong>1883<br \/>\n<\/strong><br \/>\nGummiertes Papier ist erfunden<\/p>\n<p>Ein kleiner Strich Gummiarabikum wird auf eine der gr\u00f6\u00dferen Seiten des Zigarettenpapiers aufgetragen, was das Drehen der Zigarette erleichtert.<\/p>\n<p><strong>1894<\/strong><\/p>\n<p>Der Zickzack<\/p>\n<p>Es wird ein Verfahren f\u00fcr das Kr\u00e4useln der Bl\u00e4tter aufgezeichnet: die in den aktuellen Brosch\u00fcren verwendete Zickzackform.<\/p>\n<p>Mehr zur Geschichte des Papers in unserem Blog.<\/p>\n","protected":false},"excerpt":{"rendered":"<p>Pay-Pay Rolls 5m Paypay Rolling Paper als Rolle mit 5m l\u00e4nge. Das Papier hat eine Breite von 50 mm. \u00dcber<\/p>\n","protected":false},"featured_media":25166,"comment_status":"open","ping_status":"open","template":"","meta":{"_acf_changed":false},"product_cat":[2630,2451,2452],"product_tag":[2988],"acf":[],"_links":{"self":[{"href":"https:\/\/donaulife-new.ogrisdigital.at\/fi\/wp-json\/wp\/v2\/product\/51766"}],"collection":[{"href":"https:\/\/donaulife-new.ogrisdigital.at\/fi\/wp-json\/wp\/v2\/product"}],"about":[{"href":"https:\/\/donaulife-new.ogrisdigital.at\/fi\/wp-json\/wp\/v2\/types\/product"}],"replies":[{"embeddable":true,"href":"https:\/\/donaulife-new.ogrisdigital.at\/fi\/wp-json\/wp\/v2\/comments?post=51766"}],"wp:featuredmedia":[{"embeddable":true,"href":"https:\/\/donaulife-new.ogrisdigital.at\/fi\/wp-json\/wp\/v2\/media\/25166"}],"wp:attachment":[{"href":"https:\/\/donaulife-new.ogrisdigital.at\/fi\/wp-json\/wp\/v2\/media?parent=51766"}],"wp:term":[{"taxonomy":"product_cat","embeddable":true,"href":"https:\/\/donaulife-new.ogrisdigital.at\/fi\/wp-json\/wp\/v2\/product_cat?post=51766"},{"taxonomy":"product_tag","embeddable":true,"href":"https:\/\/donaulife-new.ogrisdigital.at\/fi\/wp-json\/wp\/v2\/product_tag?post=51766"}],"curies":[{"name":"wp","href":"https:\/\/api.w.org\/{rel}","templated":true}]}}