{"id":51745,"date":"2020-03-10T16:52:42","date_gmt":"2020-03-10T16:52:42","guid":{"rendered":"https:\/\/donaulife-new.ogrisdigital.at\/produkt\/v-syndicate-rolling-tray-420-leaf\/"},"modified":"2024-07-01T00:37:23","modified_gmt":"2024-07-01T00:37:23","slug":"v-syndicate-rolling-tray-420-leaf","status":"publish","type":"product","link":"https:\/\/donaulife-new.ogrisdigital.at\/fi\/v-syndicate-rolling-tray-420-leaf\/","title":{"rendered":"V SYNDICATE Rolling Tray M | &#8216;420 Leaf&#8217;"},"content":{"rendered":"<h2>V Syndicate Mischschale<\/h2>\n<p>Die V Syndicate Alu Rolling Tray mit 420 Leaf Design in knalligem Pink. Das Rolling Tray hat eine Gr\u00f6\u00dfe von 27 x 16 cm.<\/p>\n<h3>\u00dcber V Syndicate:<\/h3>\n<p>V Syndicate\u00ae wurde 2010 gegr\u00fcndet und ist eine Lifestyle-Marke, die sich<br \/>\nFreizeit- und Raucherzubeh\u00f6r widmet. Unser Engagement f\u00fcr Innovation hat uns dazu inspiriert, die weltweit erste flache Kr\u00e4uterm\u00fchle in Form einer Karte im Brieftaschenformat zu entwickeln, die passenderweise &#8220;Grinder Card&#8221; genannt wird. Dieses elegante Ger\u00e4t ist umweltfreundlich, da es nur 5 % des Metalls verbraucht, das ein typischer Grinder ben\u00f6tigt. Der rostfreie Stahl in medizinischer Qualit\u00e4t verhindert Rost, w\u00e4hrend eine Vielzahl von Zahngr\u00f6\u00dfen drei verschiedene Bl\u00fctentexturen erm\u00f6glicht.<\/p>\n<p>&nbsp;<\/p>\n<p>&nbsp;<\/p>\n","protected":false},"excerpt":{"rendered":"<p>V Syndicate Mischschale Die V Syndicate Alu Rolling Tray mit 420 Leaf Design in knalligem Pink. Das Rolling Tray hat<\/p>\n","protected":false},"featured_media":25017,"comment_status":"open","ping_status":"open","template":"","meta":{"_acf_changed":false},"product_cat":[2794,2451,2793],"product_tag":[2981],"acf":[],"_links":{"self":[{"href":"https:\/\/donaulife-new.ogrisdigital.at\/fi\/wp-json\/wp\/v2\/product\/51745"}],"collection":[{"href":"https:\/\/donaulife-new.ogrisdigital.at\/fi\/wp-json\/wp\/v2\/product"}],"about":[{"href":"https:\/\/donaulife-new.ogrisdigital.at\/fi\/wp-json\/wp\/v2\/types\/product"}],"replies":[{"embeddable":true,"href":"https:\/\/donaulife-new.ogrisdigital.at\/fi\/wp-json\/wp\/v2\/comments?post=51745"}],"wp:featuredmedia":[{"embeddable":true,"href":"https:\/\/donaulife-new.ogrisdigital.at\/fi\/wp-json\/wp\/v2\/media\/25017"}],"wp:attachment":[{"href":"https:\/\/donaulife-new.ogrisdigital.at\/fi\/wp-json\/wp\/v2\/media?parent=51745"}],"wp:term":[{"taxonomy":"product_cat","embeddable":true,"href":"https:\/\/donaulife-new.ogrisdigital.at\/fi\/wp-json\/wp\/v2\/product_cat?post=51745"},{"taxonomy":"product_tag","embeddable":true,"href":"https:\/\/donaulife-new.ogrisdigital.at\/fi\/wp-json\/wp\/v2\/product_tag?post=51745"}],"curies":[{"name":"wp","href":"https:\/\/api.w.org\/{rel}","templated":true}]}}