{"id":51735,"date":"2020-02-07T11:47:48","date_gmt":"2020-02-07T11:47:48","guid":{"rendered":"https:\/\/donaulife-new.ogrisdigital.at\/produkt\/ggt88\/"},"modified":"2024-07-01T00:37:14","modified_gmt":"2024-07-01T00:37:14","slug":"ggt88","status":"publish","type":"product","link":"https:\/\/donaulife-new.ogrisdigital.at\/fi\/ggt88\/","title":{"rendered":"GORILLA GROW TENT &#8216;GGT88&#8217; Zucht Zelt | 244 x 244 x 210\/240 cm"},"content":{"rendered":"<p class=\"uppercase\"><span data-text-color=\"alert\"><strong>F\u00fcr den Versand ben\u00f6tigen wir deine Telefonnummer!<\/strong><\/span><\/p>\n<p>Gorilla Grow Zelt\u00a0&#8211; professionell entwickelte Grow Zelte, die sich perfekt f\u00fcr Experten als auch f\u00fcr Einsteiger eignen. Die Zelte haben gro\u00dfe EZ-Sichtfenster und 360\u00b0-T\u00fcr\u00f6ffnungen und gew\u00e4hren dadurch bequemen Zugang zu Ihren Pflanzen von allen Seiten. Die doppelt gesicherten L\u00fcftungsanschl\u00fcsse sind logisch positioniert und aus dickem Material gefertigt. Das Zelt besteht aus dickstem Zelttuch. Aber das Beste kommt erst noch: Gorilla Zelte kommen mit einem Extension-Kit geliefert, wodurch Sie das Zeltdach um weitere 30 cm erh\u00f6hen k\u00f6nnen. Auf diese Weise &#8220;w\u00e4chst&#8221; Ihr Zelt mit Ihren Pflanzen mit.<\/p>\n<p>Abmessungen:<\/p>\n<p>Breite: 244 cm<br \/>\nTiefe: 244 cm<br \/>\nH\u00f6he: 210-240 cm<\/p>\n<p>Gorilla Zelte sind h\u00f6her und dicker als andere Zuchtzelten . Der Erweiterungssatz erm\u00f6glicht es, Ihrem wachsen Zelt zu erh\u00f6hen, so dass sie mit der Pflanze wachsen. Das Zelt ist aus Segeltuch mit einer Fadendichte von 1680D gefertigt. Andere Zelte haben eine Dichte von 200D &#8211; 600D. Diese Gorrilla Wachsen Zelte sind deshalb drei vor neun (!) Mal dichter als andere wachsen Zelten. Der Rahmen Gorilla Zelte Ratschensystem ist aus einem Metall, das 2 bis 5-mal st\u00e4rker als der Rahmen voneinander wachsen Zelt besteht. Die Rahmen der Gorilla Wachsen Zelte sind so stark, dass sie 135 kg tragen. Das dichte Material und die luftdichte Verschl\u00fcsse und \u00d6ffnungen zu halten Geruchs- und L\u00e4rm innen und machen dieses Zelt 100% wasserdicht. Gorilla-Zelte haben keine Kunststoffteile und haben die gr\u00f6\u00dfte und st\u00e4rkste Rei\u00dfverschl\u00fcssen auf dem Markt, Diamant Reflexionstechnologie, Dual verschlie\u00dfbaren Schlauch\u00f6ffnungen, geschlossen mit Guckl\u00f6chern, ein Ablagefach, einen Tr\u00e4ger f\u00fcr die Leinwand. Mit anderen Worten; Liebe zum Detail, \u00fcberall!<\/p>\n<p>&nbsp;<\/p>\n<p><strong>Bitte beachte wir haben nicht alle Zelte lagernd. Diese werden direkt vom Hersteller an dich versendet. Die Lieferzeit betr\u00e4gt 1-2 Wochen innerhalb Europas.<\/strong><\/p>\n<p>Da es sich um eine Speditionslieferung handelt gebt bitte eure <strong>Telefonnummer<\/strong> beim Checkout an!<\/p>\n","protected":false},"excerpt":{"rendered":"<p>F\u00fcr den Versand ben\u00f6tigen wir deine Telefonnummer! Gorilla Grow Zelt\u00a0&#8211; professionell entwickelte Grow Zelte, die sich perfekt f\u00fcr Experten als<\/p>\n","protected":false},"featured_media":24913,"comment_status":"open","ping_status":"closed","template":"","meta":{"_acf_changed":false},"product_cat":[2489,3133,3075,3076],"product_tag":[3134,3135,3136,3137,3138],"acf":[],"_links":{"self":[{"href":"https:\/\/donaulife-new.ogrisdigital.at\/fi\/wp-json\/wp\/v2\/product\/51735"}],"collection":[{"href":"https:\/\/donaulife-new.ogrisdigital.at\/fi\/wp-json\/wp\/v2\/product"}],"about":[{"href":"https:\/\/donaulife-new.ogrisdigital.at\/fi\/wp-json\/wp\/v2\/types\/product"}],"replies":[{"embeddable":true,"href":"https:\/\/donaulife-new.ogrisdigital.at\/fi\/wp-json\/wp\/v2\/comments?post=51735"}],"wp:featuredmedia":[{"embeddable":true,"href":"https:\/\/donaulife-new.ogrisdigital.at\/fi\/wp-json\/wp\/v2\/media\/24913"}],"wp:attachment":[{"href":"https:\/\/donaulife-new.ogrisdigital.at\/fi\/wp-json\/wp\/v2\/media?parent=51735"}],"wp:term":[{"taxonomy":"product_cat","embeddable":true,"href":"https:\/\/donaulife-new.ogrisdigital.at\/fi\/wp-json\/wp\/v2\/product_cat?post=51735"},{"taxonomy":"product_tag","embeddable":true,"href":"https:\/\/donaulife-new.ogrisdigital.at\/fi\/wp-json\/wp\/v2\/product_tag?post=51735"}],"curies":[{"name":"wp","href":"https:\/\/api.w.org\/{rel}","templated":true}]}}