{"id":51728,"date":"2020-02-07T11:02:22","date_gmt":"2020-02-07T11:02:22","guid":{"rendered":"https:\/\/donaulife-new.ogrisdigital.at\/produkt\/fluence-spydr2p\/"},"modified":"2024-07-01T00:37:08","modified_gmt":"2024-07-01T00:37:08","slug":"fluence-spydr2p","status":"publish","type":"product","link":"https:\/\/donaulife-new.ogrisdigital.at\/fi\/fluence-spydr2p\/","title":{"rendered":"FLUENCE &#8216;Spydr 2p&#8217; Pflanzenlampe | 645 Watt"},"content":{"rendered":"<p>Die Fluence SPYDR 2p ist die verbesserte, leistungsf\u00e4higere Version des SPYDR Plus. Wie die 2i wurde auch die SPYDR 2p f\u00fcr die\u00a0<i>High PPFD Cultivation<\/i>\u00a0(Zucht mit hoher Photonenflussdichte) entwickelt, so dass die Lampe im Prinzip f\u00fcr den Einsatz in Anbaur\u00e4umen bestimmt ist, in denen der Luft zus\u00e4tzliches\u00a0CO2\u00a0zugef\u00fchrt wird. Eine erh\u00f6hte\u00a0CO2-Menge von 800 bis 1400 PPM (normalerweise 400 PPM, 0,04 %) oder ein Anteil von 0,08 bis 0,14 % erm\u00f6glicht es einer Pflanze, diese hohe Lichtintensit\u00e4t sicher und effektiv in Kohlenhydrate und Energie umzuwandeln. Der n\u00fctzliche Effekt f\u00fcr den Z\u00fcchter liegt darin, dass dies den Lebenszyklus seiner Pflanzen erheblich beschleunigt und gleichzeitig den Ertrag um bis zu 20 % erh\u00f6ht. Mit anderen Worten: Mit High PPFD Cultivation erhalten Sie eine gr\u00f6\u00dfere Ernte in k\u00fcrzerer Zeit.<\/p>\n<p>Die SPYDR 2p \u00e4hnelt in vielerlei Hinsicht der 2i, aber der wichtigste Unterschied liegt in der Lichtintensit\u00e4t. Die 2p ist etwas weniger leistungsstark, was bedeutet, dass diese LED-Pflanzenlampe auch von G\u00e4rtnern verwendet werden kann, die kein zus\u00e4tzliches\u00a0CO2\u00a0erzeugen. Es ist sehr wichtig, dass Ihre SPYDR 2p in einem Abstand von mindestens 40 Zentimetern \u00fcber Ihren Pflanzen h\u00e4ngt. Wenn die Aufh\u00e4ngeh\u00f6he geringer ist, erhalten Ihre Pflanzen zu intensives Licht, das sie besch\u00e4digt.<\/p>\n<p>Die Fluence SPYDR 2p ist mit dem von Fluence selbst entwickelten PhysioSpec Indoor-Spektrum ausgestattet. Dieses Spektrum ist ma\u00dfgeschneidert f\u00fcr den Indoor-Anbau und auf den gesamten Lebenszyklus Ihrer Pflanzen ausgelegt. So f\u00fchlen sich auch S\u00e4mlinge, Stecklinge und Klone im Licht dieser Lampe wohl. Das PhysioSpec Indoor-Spektrum erreicht einen Wert von 85 auf der CRI-Skala, was darauf hindeutet, dass das ausgestrahlte Licht hervorragend f\u00fcr Arbeits- und Forschungsbedingungen geeignet ist, bei denen nat\u00fcrliche, lebendige Farben und guter Kontrast wichtig sind. Die Fluence SPYDR 2i verf\u00fcgt nicht \u00fcber einen eingebauten Dimmer. Dieser Dimmer ist nur\u00a0separat erh\u00e4ltig. Sie k\u00f6nnen bis 50 SPYDRs 2 an einen Dimmer anschlie\u00dfen.<\/p>\n<p>Die Fluence SPYDR 2p ist eine professionelle LED-Zuchtlampe, die ihre Energie sehr sparsam einsetzt. Die gro\u00dfe Lichtfl\u00e4che verteilt das Licht extrem gleichm\u00e4\u00dfig auf die Anbaufl\u00e4che und dringt hervorragend zu den Bl\u00e4ttern durch. Die von Fluence verwendeten Materialien, das schlichte Design und der Verzicht auf L\u00fcfter machen die Fluence SPYDR 2p zu einer leisen, soliden Zuchtlampe, die viele Jahre h\u00e4lt. Die Fluence SPYDR 2p kann einzeln oder in Reihe an das Netz angeschlossen werden. Diese LED-Zuchtlampe ist f\u00fcr den Einsatz in Regalen (Vertical Farming), Zuchttischen und in Zuchtzelten geeignet. Eine Aufh\u00e4ngevorrichtung ist im Lieferumfang enthalten.<\/p>\n<p><span lang=\"EN-US\">High PPDF-Zucht mit\u00a0CO2\u00a0erfordert Kenntnisse der Photosynthese und der Wirkung von\u00a0CO2\u00a0auf Ihre Pflanzen. Es ist wichtig zu wissen, dass bei zu wenig\u00a0CO2\u00a0in der Luft das helle Licht nicht in Energie und Kohlenhydrate umgewandelt werden kann, was Ihre Pflanzen sch\u00e4digen kann. Andererseits wird das zus\u00e4tzliche\u00a0CO2\u00a0in Ihrem Zuchtraum nur dann in Kohlenhydrate umgewandelt, wenn die Lichtintensit\u00e4t ausreichend ist. Wenn Sie die\u00a0 leistungsstarke Fluence SPYDR 2p verwenden, m\u00fcssen Sie sich dar\u00fcber keine Sorgen machen<\/span><\/p>\n","protected":false},"excerpt":{"rendered":"<p>Die Fluence SPYDR 2p ist die verbesserte, leistungsf\u00e4higere Version des SPYDR Plus. Wie die 2i wurde auch die SPYDR 2p<\/p>\n","protected":false},"featured_media":24889,"comment_status":"open","ping_status":"open","template":"","meta":{"_acf_changed":false},"product_cat":[3106,3075],"product_tag":[3129,3108,3109,3110,3111,3130],"acf":[],"_links":{"self":[{"href":"https:\/\/donaulife-new.ogrisdigital.at\/fi\/wp-json\/wp\/v2\/product\/51728"}],"collection":[{"href":"https:\/\/donaulife-new.ogrisdigital.at\/fi\/wp-json\/wp\/v2\/product"}],"about":[{"href":"https:\/\/donaulife-new.ogrisdigital.at\/fi\/wp-json\/wp\/v2\/types\/product"}],"replies":[{"embeddable":true,"href":"https:\/\/donaulife-new.ogrisdigital.at\/fi\/wp-json\/wp\/v2\/comments?post=51728"}],"wp:featuredmedia":[{"embeddable":true,"href":"https:\/\/donaulife-new.ogrisdigital.at\/fi\/wp-json\/wp\/v2\/media\/24889"}],"wp:attachment":[{"href":"https:\/\/donaulife-new.ogrisdigital.at\/fi\/wp-json\/wp\/v2\/media?parent=51728"}],"wp:term":[{"taxonomy":"product_cat","embeddable":true,"href":"https:\/\/donaulife-new.ogrisdigital.at\/fi\/wp-json\/wp\/v2\/product_cat?post=51728"},{"taxonomy":"product_tag","embeddable":true,"href":"https:\/\/donaulife-new.ogrisdigital.at\/fi\/wp-json\/wp\/v2\/product_tag?post=51728"}],"curies":[{"name":"wp","href":"https:\/\/api.w.org\/{rel}","templated":true}]}}