{"id":51727,"date":"2020-02-07T10:25:09","date_gmt":"2020-02-07T10:25:09","guid":{"rendered":"https:\/\/donaulife-new.ogrisdigital.at\/produkt\/fluence-spydr2i\/"},"modified":"2024-07-01T00:37:06","modified_gmt":"2024-07-01T00:37:06","slug":"fluence-spydr2i","status":"publish","type":"product","link":"https:\/\/donaulife-new.ogrisdigital.at\/fi\/fluence-spydr2i\/","title":{"rendered":"FLUENCE &#8216;Spydr 2i&#8217; Pflanzenlampe | 630 Watt"},"content":{"rendered":"<p>Die Fluence SPYDR 2i ist eine extrem leistungsstarke Full Spectrum LED-Zuchtlampe, die f\u00fcr den Einsatz in der High PPFD Cultivation entwickelt wurde. Der n\u00fctzliche Effekt f\u00fcr den Z\u00fcchter liegt darin, dass dies den Lebenszyklus seiner Pflanzen erheblich beschleunigt und gleichzeitig den Ertrag um bis zu 20 % erh\u00f6ht. Mit anderen Worten: Mit High PPFD Cultivation erhalten Sie eine gr\u00f6\u00dfere Ernte in k\u00fcrzerer Zeit.<\/p>\n<p>Die SPYDR 2i ist eine Lampe, an der Sie sich im wahrsten Sinne des Wortes leicht die Finger verbrennen k\u00f6nnen. F\u00fcr Z\u00fcchter, die wenig Erfahrung mit dem Einsatz von zus\u00e4tzlichem\u00a0CO2\u00a0in ihrem Anbauraum haben, ist von dieser Lampe abzuraten. Die extreme Lichtmenge, die die 2i produziert, ist f\u00fcr Ihre Pflanzen extrem sch\u00e4dlich, wenn der\u00a0CO2-Gehalt in Ihrem Anbauraum nicht kontinuierlich gemessen und st\u00e4ndig auf dem richtigen Niveau gehalten wird. Nat\u00fcrlich produziert die SPYDR 2i auch eine Menge an UV-Licht, die proportional viel gr\u00f6\u00dfer ist als bei anderen LED-Pflanzenlampen. Beim Arbeiten unter der SPYDR 2i ist es daher besonders wichtig, dass Sie Ihre Haut mit Kleidung bedecken und Ihre Augen mit den richtigen Mitteln sch\u00fctzen.<\/p>\n<p>Die Fluence SPYDR 2i ist mit dem von Fluence selbst entwickelten PhysioSpec Indoor-Spektrum ausgestattet. Dieses Spektrum ist ma\u00dfgeschneidert f\u00fcr den Indoor-Anbau und auf den gesamten Lebenszyklus Ihrer Pflanzen ausgelegt. So f\u00fchlen sich auch S\u00e4mlinge, Stecklinge und Klone im Licht dieser Lampe wohl. Das PhysioSpec Indoor-Spektrum erreicht einen Wert von 85 auf der CRI-Skala, was darauf hindeutet, dass das ausgestrahlte Licht hervorragend f\u00fcr Arbeits- und Forschungsbedingungen geeignet ist, bei denen nat\u00fcrliche, lebendige Farben und guter Kontrast wichtig sind. Die Fluence SPYDR 2i verf\u00fcgt nicht \u00fcber einen eingebauten Dimmer. Sie k\u00f6nnen bis 50 SPYDRs 2 an einen Dimmer anschlie\u00dfen.<\/p>\n<p>Die Fluence SPYDR 2i ist eine professionelle LED-Zuchtlampe, die ihre Energie sehr sparsam einsetzt. Die gro\u00dfe Lichtfl\u00e4che verteilt das Licht extrem gleichm\u00e4\u00dfig auf die Anbaufl\u00e4che und dringt hervorragend zu den Bl\u00e4ttern durch. Die von Fluence verwendeten Materialien, das schlichte Design und der Verzicht auf L\u00fcfter machen die Fluence SPYDR 2i zu einer leisen, soliden Zuchtlampe, die viele Jahre h\u00e4lt. Die Fluence SPYDR 2i kann einzeln oder in Reihe an das Netz angeschlossen werden. Diese LED-Zuchtlampe ist f\u00fcr den Einsatz in Regalen (Vertical Farming), Zuchttischen und in Zuchtzelten geeignet. Eine Aufh\u00e4ngevorrichtung ist im Lieferumfang enthalten.<\/p>\n<p>High PPDF-Zucht mit\u00a0CO2\u00a0erfordert Kenntnisse der Photosynthese und der Wirkung von\u00a0CO2\u00a0auf Ihre Pflanzen. Es ist wichtig zu wissen, dass bei zu wenig\u00a0CO2\u00a0in der Luft das helle Licht nicht in Energie und Kohlenhydrate umgewandelt werden kann, was Ihre Pflanzen sch\u00e4digen kann. Andererseits wird das zus\u00e4tzliche\u00a0CO2\u00a0in Ihrem Zuchtraum nur dann in Kohlenhydrate umgewandelt, wenn die Lichtintensit\u00e4t ausreichend ist. Wenn Sie die au\u00dfergew\u00f6hnlich leistungsstarke Fluence SPYDR 2i verwenden, m\u00fcssen Sie sich dar\u00fcber keine Sorgen machen.<\/p>\n","protected":false},"excerpt":{"rendered":"<p>Die Fluence SPYDR 2i ist eine extrem leistungsstarke Full Spectrum LED-Zuchtlampe, die f\u00fcr den Einsatz in der High PPFD Cultivation<\/p>\n","protected":false},"featured_media":24890,"comment_status":"open","ping_status":"open","template":"","meta":{"_acf_changed":false},"product_cat":[3106,3075],"product_tag":[3129,3108,3109,3110,3111,3130],"acf":[],"_links":{"self":[{"href":"https:\/\/donaulife-new.ogrisdigital.at\/fi\/wp-json\/wp\/v2\/product\/51727"}],"collection":[{"href":"https:\/\/donaulife-new.ogrisdigital.at\/fi\/wp-json\/wp\/v2\/product"}],"about":[{"href":"https:\/\/donaulife-new.ogrisdigital.at\/fi\/wp-json\/wp\/v2\/types\/product"}],"replies":[{"embeddable":true,"href":"https:\/\/donaulife-new.ogrisdigital.at\/fi\/wp-json\/wp\/v2\/comments?post=51727"}],"wp:featuredmedia":[{"embeddable":true,"href":"https:\/\/donaulife-new.ogrisdigital.at\/fi\/wp-json\/wp\/v2\/media\/24890"}],"wp:attachment":[{"href":"https:\/\/donaulife-new.ogrisdigital.at\/fi\/wp-json\/wp\/v2\/media?parent=51727"}],"wp:term":[{"taxonomy":"product_cat","embeddable":true,"href":"https:\/\/donaulife-new.ogrisdigital.at\/fi\/wp-json\/wp\/v2\/product_cat?post=51727"},{"taxonomy":"product_tag","embeddable":true,"href":"https:\/\/donaulife-new.ogrisdigital.at\/fi\/wp-json\/wp\/v2\/product_tag?post=51727"}],"curies":[{"name":"wp","href":"https:\/\/api.w.org\/{rel}","templated":true}]}}